{"id":1038,"date":"2024-11-27T10:37:13","date_gmt":"2024-11-27T13:37:13","guid":{"rendered":"https:\/\/alenrio.org.br\/site\/?page_id=1038"},"modified":"2024-11-27T10:37:14","modified_gmt":"2024-11-27T13:37:14","slug":"linha-do-tempo","status":"publish","type":"page","link":"https:\/\/alenrio.org.br\/site\/linha-do-tempo\/","title":{"rendered":"Linha do tempo"},"content":{"rendered":"\t\t\t<!-- Cool Timeline Free V2.9.8 -->\r\n\t\t\t<div class=\"ctl-wrapper\" role=\"region\" aria-label=\"Timeline\">\r\n\t\t\t\t<div class=\"ctl-before-content\"><div class=\"timeline-main-title\"><H2>Linha do tempo da Alenrio<\/H2><\/div><\/div>\t\t\t\t<div id=\"cool_timeline_1\" class=\"cool-timeline-wrapper ctl-both-sided ctl-vertical-wrapper\" >\r\n\t\t\t\t\t<div class=\"ctl-start\"><\/div>\r\n\t\t\t\t\t<!-- Timeline Container -->\r\n\t\t\t\t\t<div class=\"ctl-timeline ctl-timeline-container\" data-animation=\"none\">\r\n\t\t\t\t\t\t<!-- Center Line -->\r\n\t\t\t\t\t\t<div class=\"ctl-inner-line\" role=\"presentation\"><\/div>\r\n\t\t\t\t\t\t<!-- Story Year Section --><div data-cls=\"sc-nv-light vertical\" class=\"timeline-year scrollable-section ctl-year ctl-year-container light-year\" data-section-title=\"2026\" id=\"year-2026\"><div class=\"ctl-year-label ctl-year-text\"><span>2026<\/span><\/div><\/div><!-- Timeline Content --><div  id=\"ctl-story-1319\" class=\"ctl-story ctl-story-dot-icon odd ctl-story-right\" data-aos=\"none\"   data-story-index=\"1\" role=\"article\"><!-- Story Date --><div class=\"ctl-labels\"><div class=\"ctl-label-big story-date\">abril 10<\/div><\/div><!-- Story IconDot --><div class=\"ctl-icondot\"><\/div> <!-- Story Arrow --><div class=\"ctl-arrow\"><\/div><!-- Story Content --><div class=\"ctl-content\"><!-- Story Title --><div class=\"ctl-title story-1319\" aria-label=\"2\"><a target=\"_self\" title=\"Recebeu certifica\u00e7\u00e3o como\u00a0Ponto de Cultura\" href=\"https:\/\/alenrio.org.br\/site\/cool_timeline\/recebeu-certificacao-como-ponto-de-cultura\/\" class=\"story-link\">Recebeu certifica\u00e7\u00e3o como\u00a0Ponto de Cultura<\/a><\/div><!-- Story Description --><div class=\"ctl-description\"><p>De acordo os crit\u00e9rios e normativas da Pol\u00edtica Nacional Cultura Viva\u00a0(Lei n\u00b0 13.018\/2014), em 10 de abril de 2026<\/p>\n<\/div><\/div><\/div><!-- Timeline Content --><div  id=\"ctl-story-1318\" class=\"ctl-story ctl-story-dot-icon even ctl-story-left\" data-aos=\"none\"   data-story-index=\"2\" role=\"article\"><!-- Story Date --><div class=\"ctl-labels\"><div class=\"ctl-label-big story-date\">abril 9<\/div><\/div><!-- Story IconDot --><div class=\"ctl-icondot\"><\/div> <!-- Story Arrow --><div class=\"ctl-arrow\"><\/div><!-- Story Content --><div class=\"ctl-content\"><!-- Story Title --><div class=\"ctl-title story-1318\" aria-label=\"2\"><a target=\"_self\" title=\"Declarada de utilidade p\u00fablica, pelo Munic\u00edpio de Tucunduva\" href=\"https:\/\/alenrio.org.br\/site\/cool_timeline\/declarada-de-utilidade-publica-pelo-municipio-de-tucunduva\/\" class=\"story-link\">Declarada de utilidade p\u00fablica, pelo Munic\u00edpio de Tucunduva<\/a><\/div><!-- Story Description --><div class=\"ctl-description\"><p>LEI MUNICIPAL N\u00b0 1.310, de 9 de abril de 2026.<\/p>\n<\/div><\/div><\/div><!-- Story Year Section --><div data-cls=\"sc-nv-light vertical\" class=\"timeline-year scrollable-section ctl-year ctl-year-container light-year\" data-section-title=\"2025\" id=\"year-2025\"><div class=\"ctl-year-label ctl-year-text\"><span>2025<\/span><\/div><\/div><!-- Timeline Content --><div  id=\"ctl-story-1310\" class=\"ctl-story ctl-story-dot-icon odd ctl-story-right\" data-aos=\"none\"   data-story-index=\"3\" role=\"article\"><!-- Story Date --><div class=\"ctl-labels\"><div class=\"ctl-label-big story-date\">dezembro 8<\/div><\/div><!-- Story IconDot --><div class=\"ctl-icondot\"><\/div> <!-- Story Arrow --><div class=\"ctl-arrow\"><\/div><!-- Story Content --><div class=\"ctl-content\"><!-- Story Title --><div class=\"ctl-title story-1310\" aria-label=\"2\"><a target=\"_self\" title=\"Mo\u00e7\u00e3o de Aplausos em Novo Machado\" href=\"https:\/\/alenrio.org.br\/site\/cool_timeline\/mocao-de-aplausos-em-novo-machado\/\" class=\"story-link\">Mo\u00e7\u00e3o de Aplausos em Novo Machado<\/a><\/div><!-- Story Media --><div class=\"ctl-media full\"><a data-glightbox=\"Mo\u00e7\u00e3o de Aplausos em Novo Machado\" href=\"https:\/\/alenrio.org.br\/site\/wp-content\/uploads\/2026\/01\/mocao-novo-machado-1.jpeg\" class=\"ctl_glightbox\"><img  title=\"\" loading=\"lazy\" decoding=\"async\" width=\"640\" height=\"463\" data-src=\"https:\/\/alenrio.org.br\/site\/wp-content\/uploads\/2026\/01\/mocao-novo-machado-1-1024x741.jpeg\" class=\"story-img wp-post-image lazyload\"  alt=\"mocao-novo-machado-1-1024x741 Solenidade em Santo Augusto\"  data-srcset=\"https:\/\/alenrio.org.br\/site\/wp-content\/uploads\/2026\/01\/mocao-novo-machado-1-1024x741.jpeg 1024w, https:\/\/alenrio.org.br\/site\/wp-content\/uploads\/2026\/01\/mocao-novo-machado-1-300x217.jpeg 300w, https:\/\/alenrio.org.br\/site\/wp-content\/uploads\/2026\/01\/mocao-novo-machado-1-768x556.jpeg 768w, https:\/\/alenrio.org.br\/site\/wp-content\/uploads\/2026\/01\/mocao-novo-machado-1-1536x1112.jpeg 1536w, https:\/\/alenrio.org.br\/site\/wp-content\/uploads\/2026\/01\/mocao-novo-machado-1.jpeg 1600w\" data-sizes=\"auto, (max-width: 640px) 100vw, 640px\" src=\"data:image\/gif;base64,R0lGODlhAQABAAAAACH5BAEKAAEALAAAAAABAAEAAAICTAEAOw==\" style=\"--smush-placeholder-width: 640px; --smush-placeholder-aspect-ratio: 640\/463;\" \/><noscript><img  title=\"\" loading=\"lazy\" decoding=\"async\" width=\"640\" height=\"463\" src=\"https:\/\/alenrio.org.br\/site\/wp-content\/uploads\/2026\/01\/mocao-novo-machado-1-1024x741.jpeg\" class=\"story-img wp-post-image\"  alt=\"mocao-novo-machado-1-1024x741 Solenidade em Santo Augusto\"  srcset=\"https:\/\/alenrio.org.br\/site\/wp-content\/uploads\/2026\/01\/mocao-novo-machado-1-1024x741.jpeg 1024w, https:\/\/alenrio.org.br\/site\/wp-content\/uploads\/2026\/01\/mocao-novo-machado-1-300x217.jpeg 300w, https:\/\/alenrio.org.br\/site\/wp-content\/uploads\/2026\/01\/mocao-novo-machado-1-768x556.jpeg 768w, https:\/\/alenrio.org.br\/site\/wp-content\/uploads\/2026\/01\/mocao-novo-machado-1-1536x1112.jpeg 1536w, https:\/\/alenrio.org.br\/site\/wp-content\/uploads\/2026\/01\/mocao-novo-machado-1.jpeg 1600w\" sizes=\"auto, (max-width: 640px) 100vw, 640px\" \/><\/noscript><\/a><\/div><\/div><\/div><!-- Timeline Content --><div  id=\"ctl-story-1223\" class=\"ctl-story ctl-story-dot-icon even ctl-story-left\" data-aos=\"none\"   data-story-index=\"4\" role=\"article\"><!-- Story Date --><div class=\"ctl-labels\"><div class=\"ctl-label-big story-date\">maio 7<\/div><\/div><!-- Story IconDot --><div class=\"ctl-icondot\"><\/div> <!-- Story Arrow --><div class=\"ctl-arrow\"><\/div><!-- Story Content --><div class=\"ctl-content\"><!-- Story Title --><div class=\"ctl-title story-1223\" aria-label=\"2\"><a target=\"_self\" title=\"Alenrio inaugura Biblioteca Professor Daniel Scheid, em Tucunduva\" href=\"https:\/\/alenrio.org.br\/site\/cool_timeline\/1223\/\" class=\"story-link\">Alenrio inaugura Biblioteca Professor Daniel Scheid, em Tucunduva<\/a><\/div><!-- Story Media --><div class=\"ctl-media full\"><a data-glightbox=\"Alenrio inaugura Biblioteca Professor Daniel Scheid, em Tucunduva\" href=\"https:\/\/alenrio.org.br\/site\/wp-content\/uploads\/2025\/04\/inauguracao_biblioteca-daniel-scheid_release.jpg\" class=\"ctl_glightbox\"><img  title=\"\" loading=\"lazy\" decoding=\"async\" width=\"640\" height=\"243\" data-src=\"https:\/\/alenrio.org.br\/site\/wp-content\/uploads\/2025\/04\/inauguracao_biblioteca-daniel-scheid_release-1024x388.jpg\" class=\"story-img wp-post-image lazyload\"  alt=\"inauguracao_biblioteca-daniel-scheid_release-1024x388 Solenidade em Santo Augusto\"  data-srcset=\"https:\/\/alenrio.org.br\/site\/wp-content\/uploads\/2025\/04\/inauguracao_biblioteca-daniel-scheid_release-1024x388.jpg 1024w, https:\/\/alenrio.org.br\/site\/wp-content\/uploads\/2025\/04\/inauguracao_biblioteca-daniel-scheid_release-300x114.jpg 300w, https:\/\/alenrio.org.br\/site\/wp-content\/uploads\/2025\/04\/inauguracao_biblioteca-daniel-scheid_release-768x291.jpg 768w, https:\/\/alenrio.org.br\/site\/wp-content\/uploads\/2025\/04\/inauguracao_biblioteca-daniel-scheid_release-1536x582.jpg 1536w, https:\/\/alenrio.org.br\/site\/wp-content\/uploads\/2025\/04\/inauguracao_biblioteca-daniel-scheid_release-2048x776.jpg 2048w\" data-sizes=\"auto, (max-width: 640px) 100vw, 640px\" src=\"data:image\/gif;base64,R0lGODlhAQABAAAAACH5BAEKAAEALAAAAAABAAEAAAICTAEAOw==\" style=\"--smush-placeholder-width: 640px; --smush-placeholder-aspect-ratio: 640\/243;\" \/><noscript><img  title=\"\" loading=\"lazy\" decoding=\"async\" width=\"640\" height=\"243\" src=\"https:\/\/alenrio.org.br\/site\/wp-content\/uploads\/2025\/04\/inauguracao_biblioteca-daniel-scheid_release-1024x388.jpg\" class=\"story-img wp-post-image\"  alt=\"inauguracao_biblioteca-daniel-scheid_release-1024x388 Solenidade em Santo Augusto\"  srcset=\"https:\/\/alenrio.org.br\/site\/wp-content\/uploads\/2025\/04\/inauguracao_biblioteca-daniel-scheid_release-1024x388.jpg 1024w, https:\/\/alenrio.org.br\/site\/wp-content\/uploads\/2025\/04\/inauguracao_biblioteca-daniel-scheid_release-300x114.jpg 300w, https:\/\/alenrio.org.br\/site\/wp-content\/uploads\/2025\/04\/inauguracao_biblioteca-daniel-scheid_release-768x291.jpg 768w, https:\/\/alenrio.org.br\/site\/wp-content\/uploads\/2025\/04\/inauguracao_biblioteca-daniel-scheid_release-1536x582.jpg 1536w, https:\/\/alenrio.org.br\/site\/wp-content\/uploads\/2025\/04\/inauguracao_biblioteca-daniel-scheid_release-2048x776.jpg 2048w\" sizes=\"auto, (max-width: 640px) 100vw, 640px\" \/><\/noscript><\/a><\/div><\/div><\/div><!-- Story Year Section --><div data-cls=\"sc-nv-light vertical\" class=\"timeline-year scrollable-section ctl-year ctl-year-container light-year\" data-section-title=\"2024\" id=\"year-2024\"><div class=\"ctl-year-label ctl-year-text\"><span>2024<\/span><\/div><\/div><!-- Timeline Content --><div  id=\"ctl-story-1035\" class=\"ctl-story ctl-story-dot-icon odd ctl-story-right\" data-aos=\"none\"   data-story-index=\"5\" role=\"article\"><!-- Story Date --><div class=\"ctl-labels\"><div class=\"ctl-label-big story-date\">novembro 18<\/div><\/div><!-- Story IconDot --><div class=\"ctl-icondot\"><\/div> <!-- Story Arrow --><div class=\"ctl-arrow\"><\/div><!-- Story Content --><div class=\"ctl-content\"><!-- Story Title --><div class=\"ctl-title story-1035\" aria-label=\"2\"><a target=\"_self\" title=\"Mo\u00e7\u00e3o de Aplauso Horizontina\" href=\"https:\/\/alenrio.org.br\/site\/cool_timeline\/mocao-de-aplauso-horizontina\/\" class=\"story-link\">Mo\u00e7\u00e3o de Aplauso Horizontina<\/a><\/div><!-- Story Media --><div class=\"ctl-media full\"><a data-glightbox=\"Mo\u00e7\u00e3o de Aplauso Horizontina\" href=\"https:\/\/alenrio.org.br\/site\/wp-content\/uploads\/2024\/11\/mocao_horizontina001.jpg\" class=\"ctl_glightbox\"><img  title=\"\" loading=\"lazy\" decoding=\"async\" width=\"640\" height=\"360\" data-src=\"https:\/\/alenrio.org.br\/site\/wp-content\/uploads\/2024\/11\/mocao_horizontina001-1024x576.jpg\" class=\"story-img wp-post-image lazyload\"  alt=\"mocao_horizontina001-1024x576 Solenidade em Santo Augusto\"  data-srcset=\"https:\/\/alenrio.org.br\/site\/wp-content\/uploads\/2024\/11\/mocao_horizontina001-1024x576.jpg 1024w, https:\/\/alenrio.org.br\/site\/wp-content\/uploads\/2024\/11\/mocao_horizontina001-300x169.jpg 300w, https:\/\/alenrio.org.br\/site\/wp-content\/uploads\/2024\/11\/mocao_horizontina001-768x432.jpg 768w, https:\/\/alenrio.org.br\/site\/wp-content\/uploads\/2024\/11\/mocao_horizontina001-1536x864.jpg 1536w, https:\/\/alenrio.org.br\/site\/wp-content\/uploads\/2024\/11\/mocao_horizontina001.jpg 2048w\" data-sizes=\"auto, (max-width: 640px) 100vw, 640px\" src=\"data:image\/gif;base64,R0lGODlhAQABAAAAACH5BAEKAAEALAAAAAABAAEAAAICTAEAOw==\" style=\"--smush-placeholder-width: 640px; --smush-placeholder-aspect-ratio: 640\/360;\" \/><noscript><img  title=\"\" loading=\"lazy\" decoding=\"async\" width=\"640\" height=\"360\" src=\"https:\/\/alenrio.org.br\/site\/wp-content\/uploads\/2024\/11\/mocao_horizontina001-1024x576.jpg\" class=\"story-img wp-post-image\"  alt=\"mocao_horizontina001-1024x576 Solenidade em Santo Augusto\"  srcset=\"https:\/\/alenrio.org.br\/site\/wp-content\/uploads\/2024\/11\/mocao_horizontina001-1024x576.jpg 1024w, https:\/\/alenrio.org.br\/site\/wp-content\/uploads\/2024\/11\/mocao_horizontina001-300x169.jpg 300w, https:\/\/alenrio.org.br\/site\/wp-content\/uploads\/2024\/11\/mocao_horizontina001-768x432.jpg 768w, https:\/\/alenrio.org.br\/site\/wp-content\/uploads\/2024\/11\/mocao_horizontina001-1536x864.jpg 1536w, https:\/\/alenrio.org.br\/site\/wp-content\/uploads\/2024\/11\/mocao_horizontina001.jpg 2048w\" sizes=\"auto, (max-width: 640px) 100vw, 640px\" \/><\/noscript><\/a><\/div><!-- Story Description --><div class=\"ctl-description\"><p>C\u00e2mara de Vereadores de Horizontina concede Mo\u00e7\u00e3o de Aplauso \u00e0 Alenrio.<\/p>\n<\/div><\/div><\/div><!-- Timeline Content --><div  id=\"ctl-story-1034\" class=\"ctl-story ctl-story-dot-icon even ctl-story-left\" data-aos=\"none\"   data-story-index=\"6\" role=\"article\"><!-- Story Date --><div class=\"ctl-labels\"><div class=\"ctl-label-big story-date\">novembro 11<\/div><\/div><!-- Story IconDot --><div class=\"ctl-icondot\"><\/div> <!-- Story Arrow --><div class=\"ctl-arrow\"><\/div><!-- Story Content --><div class=\"ctl-content\"><!-- Story Title --><div class=\"ctl-title story-1034\" aria-label=\"2\"><a target=\"_self\" title=\"Elei\u00e7\u00e3o de diretoria\" href=\"https:\/\/alenrio.org.br\/site\/cool_timeline\/eleicao-de-diretoria\/\" class=\"story-link\">Elei\u00e7\u00e3o de diretoria<\/a><\/div><!-- Story Media --><div class=\"ctl-media full\"><a data-glightbox=\"Elei\u00e7\u00e3o de diretoria\" href=\"https:\/\/alenrio.org.br\/site\/wp-content\/uploads\/2024\/11\/Reuniao-da-Alenrio-Eleicao-diretoria-bienio-2025-2026.jpeg\" class=\"ctl_glightbox\"><img  title=\"\" loading=\"lazy\" decoding=\"async\" width=\"640\" height=\"272\" data-src=\"https:\/\/alenrio.org.br\/site\/wp-content\/uploads\/2024\/11\/Reuniao-da-Alenrio-Eleicao-diretoria-bienio-2025-2026-1024x435.jpeg\" class=\"story-img wp-post-image lazyload\"  alt=\"Reuniao-da-Alenrio-Eleicao-diretoria-bienio-2025-2026-1024x435 Solenidade em Santo Augusto\"  data-srcset=\"https:\/\/alenrio.org.br\/site\/wp-content\/uploads\/2024\/11\/Reuniao-da-Alenrio-Eleicao-diretoria-bienio-2025-2026-1024x435.jpeg 1024w, https:\/\/alenrio.org.br\/site\/wp-content\/uploads\/2024\/11\/Reuniao-da-Alenrio-Eleicao-diretoria-bienio-2025-2026-300x128.jpeg 300w, https:\/\/alenrio.org.br\/site\/wp-content\/uploads\/2024\/11\/Reuniao-da-Alenrio-Eleicao-diretoria-bienio-2025-2026-768x326.jpeg 768w, https:\/\/alenrio.org.br\/site\/wp-content\/uploads\/2024\/11\/Reuniao-da-Alenrio-Eleicao-diretoria-bienio-2025-2026-1536x653.jpeg 1536w, https:\/\/alenrio.org.br\/site\/wp-content\/uploads\/2024\/11\/Reuniao-da-Alenrio-Eleicao-diretoria-bienio-2025-2026.jpeg 1600w\" data-sizes=\"auto, (max-width: 640px) 100vw, 640px\" src=\"data:image\/gif;base64,R0lGODlhAQABAAAAACH5BAEKAAEALAAAAAABAAEAAAICTAEAOw==\" style=\"--smush-placeholder-width: 640px; --smush-placeholder-aspect-ratio: 640\/272;\" \/><noscript><img  title=\"\" loading=\"lazy\" decoding=\"async\" width=\"640\" height=\"272\" src=\"https:\/\/alenrio.org.br\/site\/wp-content\/uploads\/2024\/11\/Reuniao-da-Alenrio-Eleicao-diretoria-bienio-2025-2026-1024x435.jpeg\" class=\"story-img wp-post-image\"  alt=\"Reuniao-da-Alenrio-Eleicao-diretoria-bienio-2025-2026-1024x435 Solenidade em Santo Augusto\"  srcset=\"https:\/\/alenrio.org.br\/site\/wp-content\/uploads\/2024\/11\/Reuniao-da-Alenrio-Eleicao-diretoria-bienio-2025-2026-1024x435.jpeg 1024w, https:\/\/alenrio.org.br\/site\/wp-content\/uploads\/2024\/11\/Reuniao-da-Alenrio-Eleicao-diretoria-bienio-2025-2026-300x128.jpeg 300w, https:\/\/alenrio.org.br\/site\/wp-content\/uploads\/2024\/11\/Reuniao-da-Alenrio-Eleicao-diretoria-bienio-2025-2026-768x326.jpeg 768w, https:\/\/alenrio.org.br\/site\/wp-content\/uploads\/2024\/11\/Reuniao-da-Alenrio-Eleicao-diretoria-bienio-2025-2026-1536x653.jpeg 1536w, https:\/\/alenrio.org.br\/site\/wp-content\/uploads\/2024\/11\/Reuniao-da-Alenrio-Eleicao-diretoria-bienio-2025-2026.jpeg 1600w\" sizes=\"auto, (max-width: 640px) 100vw, 640px\" \/><\/noscript><\/a><\/div><!-- Story Description --><div class=\"ctl-description\"><p>Renato Pereira \u00e9 reeleito presidente para o bi\u00eanio 2025-2026.<\/p>\n<\/div><\/div><\/div><!-- Timeline Content --><div  id=\"ctl-story-1033\" class=\"ctl-story ctl-story-dot-icon odd ctl-story-right\" data-aos=\"none\"   data-story-index=\"7\" role=\"article\"><!-- Story Date --><div class=\"ctl-labels\"><div class=\"ctl-label-big story-date\">agosto 24<\/div><\/div><!-- Story IconDot --><div class=\"ctl-icondot\"><\/div> <!-- Story Arrow --><div class=\"ctl-arrow\"><\/div><!-- Story Content --><div class=\"ctl-content\"><!-- Story Title --><div class=\"ctl-title story-1033\" aria-label=\"2\"><a target=\"_self\" title=\"Posse de novos acad\u00eamicos\" href=\"https:\/\/alenrio.org.br\/site\/cool_timeline\/novos-academicos\/\" class=\"story-link\">Posse de novos acad\u00eamicos<\/a><\/div><!-- Story Media --><div class=\"ctl-media full\"><a data-glightbox=\"Posse de novos acad\u00eamicos\" href=\"https:\/\/alenrio.org.br\/site\/wp-content\/uploads\/2024\/09\/faber_9999_71-16X9pq.jpg\" class=\"ctl_glightbox\"><img  title=\"\" loading=\"lazy\" decoding=\"async\" width=\"640\" height=\"360\" data-src=\"https:\/\/alenrio.org.br\/site\/wp-content\/uploads\/2024\/09\/faber_9999_71-16X9pq-1024x576.jpg\" class=\"story-img wp-post-image lazyload\"  alt=\"faber_9999_71-16X9pq-1024x576 Solenidade em Santo Augusto\"  data-srcset=\"https:\/\/alenrio.org.br\/site\/wp-content\/uploads\/2024\/09\/faber_9999_71-16X9pq-1024x576.jpg 1024w, https:\/\/alenrio.org.br\/site\/wp-content\/uploads\/2024\/09\/faber_9999_71-16X9pq-300x169.jpg 300w, https:\/\/alenrio.org.br\/site\/wp-content\/uploads\/2024\/09\/faber_9999_71-16X9pq-768x432.jpg 768w, https:\/\/alenrio.org.br\/site\/wp-content\/uploads\/2024\/09\/faber_9999_71-16X9pq-107x60.jpg 107w, https:\/\/alenrio.org.br\/site\/wp-content\/uploads\/2024\/09\/faber_9999_71-16X9pq.jpg 1500w\" data-sizes=\"auto, (max-width: 640px) 100vw, 640px\" src=\"data:image\/gif;base64,R0lGODlhAQABAAAAACH5BAEKAAEALAAAAAABAAEAAAICTAEAOw==\" style=\"--smush-placeholder-width: 640px; --smush-placeholder-aspect-ratio: 640\/360;\" \/><noscript><img  title=\"\" loading=\"lazy\" decoding=\"async\" width=\"640\" height=\"360\" src=\"https:\/\/alenrio.org.br\/site\/wp-content\/uploads\/2024\/09\/faber_9999_71-16X9pq-1024x576.jpg\" class=\"story-img wp-post-image\"  alt=\"faber_9999_71-16X9pq-1024x576 Solenidade em Santo Augusto\"  srcset=\"https:\/\/alenrio.org.br\/site\/wp-content\/uploads\/2024\/09\/faber_9999_71-16X9pq-1024x576.jpg 1024w, https:\/\/alenrio.org.br\/site\/wp-content\/uploads\/2024\/09\/faber_9999_71-16X9pq-300x169.jpg 300w, https:\/\/alenrio.org.br\/site\/wp-content\/uploads\/2024\/09\/faber_9999_71-16X9pq-768x432.jpg 768w, https:\/\/alenrio.org.br\/site\/wp-content\/uploads\/2024\/09\/faber_9999_71-16X9pq-107x60.jpg 107w, https:\/\/alenrio.org.br\/site\/wp-content\/uploads\/2024\/09\/faber_9999_71-16X9pq.jpg 1500w\" sizes=\"auto, (max-width: 640px) 100vw, 640px\" \/><\/noscript><\/a><\/div><!-- Story Description --><div class=\"ctl-description\"><p>Posse de oito novos acad\u00eamicos no Memorial da Evolu\u00e7\u00e3o Agr\u00edcola, em Horizontina.<\/p>\n<\/div><\/div><\/div><!-- Timeline Content --><div  id=\"ctl-story-1032\" class=\"ctl-story ctl-story-dot-icon even ctl-story-left\" data-aos=\"none\"   data-story-index=\"8\" role=\"article\"><!-- Story Date --><div class=\"ctl-labels\"><div class=\"ctl-label-big story-date\">janeiro 1<\/div><\/div><!-- Story IconDot --><div class=\"ctl-icondot\"><\/div> <!-- Story Arrow --><div class=\"ctl-arrow\"><\/div><!-- Story Content --><div class=\"ctl-content\"><!-- Story Title --><div class=\"ctl-title story-1032\" aria-label=\"2\"><a target=\"_self\" title=\"Sede da Alenrio\" href=\"https:\/\/alenrio.org.br\/site\/cool_timeline\/sede-da-alenrio\/\" class=\"story-link\">Sede da Alenrio<\/a><\/div><!-- Story Description --><div class=\"ctl-description\"><p>A sede da Alenrio passa a funcionar na Biblioteca P\u00fablica Municipal Olavo Bilac, em Tucunduva.<\/p>\n<\/div><\/div><\/div><!-- Story Year Section --><div data-cls=\"sc-nv-light vertical\" class=\"timeline-year scrollable-section ctl-year ctl-year-container light-year\" data-section-title=\"2023\" id=\"year-2023\"><div class=\"ctl-year-label ctl-year-text\"><span>2023<\/span><\/div><\/div><!-- Timeline Content --><div  id=\"ctl-story-1031\" class=\"ctl-story ctl-story-dot-icon odd ctl-story-right\" data-aos=\"none\"   data-story-index=\"9\" role=\"article\"><!-- Story Date --><div class=\"ctl-labels\"><div class=\"ctl-label-big story-date\">junho 26<\/div><\/div><!-- Story IconDot --><div class=\"ctl-icondot\"><\/div> <!-- Story Arrow --><div class=\"ctl-arrow\"><\/div><!-- Story Content --><div class=\"ctl-content\"><!-- Story Title --><div class=\"ctl-title story-1031\" aria-label=\"2\"><a target=\"_self\" title=\"Mo\u00e7\u00e3o de Aplauso Santo Augusto\" href=\"https:\/\/alenrio.org.br\/site\/cool_timeline\/mocao-de-aplauso-santo-augusto\/\" class=\"story-link\">Mo\u00e7\u00e3o de Aplauso Santo Augusto<\/a><\/div><!-- Story Description --><div class=\"ctl-description\"><p>C\u00e2mara Municipal de Santo Augusto aprova Mo\u00e7\u00e3o de Aplauso \u00e0 Alenrio.<\/p>\n<\/div><\/div><\/div><!-- Timeline Content --><div  id=\"ctl-story-1029\" class=\"ctl-story ctl-story-dot-icon even ctl-story-left\" data-aos=\"none\"   data-story-index=\"10\" role=\"article\"><!-- Story Date --><div class=\"ctl-labels\"><div class=\"ctl-label-big story-date\">maio 12<\/div><\/div><!-- Story IconDot --><div class=\"ctl-icondot\"><\/div> <!-- Story Arrow --><div class=\"ctl-arrow\"><\/div><!-- Story Content --><div class=\"ctl-content\"><!-- Story Title --><div class=\"ctl-title story-1029\" aria-label=\"2\"><a target=\"_self\" title=\"Solenidade em Santo Augusto\" href=\"https:\/\/alenrio.org.br\/site\/cool_timeline\/solenidade-em-santo-augusto\/\" class=\"story-link\">Solenidade em Santo Augusto<\/a><\/div><!-- Story Media --><div class=\"ctl-media full\"><a data-glightbox=\"Solenidade em Santo Augusto\" href=\"https:\/\/alenrio.org.br\/site\/wp-content\/uploads\/2024\/09\/DSC_2919.jpg\" class=\"ctl_glightbox\"><img  title=\"\" loading=\"lazy\" decoding=\"async\" width=\"640\" height=\"412\" data-src=\"https:\/\/alenrio.org.br\/site\/wp-content\/uploads\/2024\/09\/DSC_2919-1024x659.jpg\" class=\"story-img wp-post-image lazyload\"  alt=\"DSC_2919-1024x659 Solenidade em Santo Augusto\"  data-srcset=\"https:\/\/alenrio.org.br\/site\/wp-content\/uploads\/2024\/09\/DSC_2919-1024x659.jpg 1024w, https:\/\/alenrio.org.br\/site\/wp-content\/uploads\/2024\/09\/DSC_2919-300x193.jpg 300w, https:\/\/alenrio.org.br\/site\/wp-content\/uploads\/2024\/09\/DSC_2919-768x494.jpg 768w, https:\/\/alenrio.org.br\/site\/wp-content\/uploads\/2024\/09\/DSC_2919-93x60.jpg 93w, https:\/\/alenrio.org.br\/site\/wp-content\/uploads\/2024\/09\/DSC_2919.jpg 1200w\" data-sizes=\"auto, (max-width: 640px) 100vw, 640px\" src=\"data:image\/gif;base64,R0lGODlhAQABAAAAACH5BAEKAAEALAAAAAABAAEAAAICTAEAOw==\" style=\"--smush-placeholder-width: 640px; --smush-placeholder-aspect-ratio: 640\/412;\" \/><noscript><img  title=\"\" loading=\"lazy\" decoding=\"async\" width=\"640\" height=\"412\" src=\"https:\/\/alenrio.org.br\/site\/wp-content\/uploads\/2024\/09\/DSC_2919-1024x659.jpg\" class=\"story-img wp-post-image\"  alt=\"DSC_2919-1024x659 Solenidade em Santo Augusto\"  srcset=\"https:\/\/alenrio.org.br\/site\/wp-content\/uploads\/2024\/09\/DSC_2919-1024x659.jpg 1024w, https:\/\/alenrio.org.br\/site\/wp-content\/uploads\/2024\/09\/DSC_2919-300x193.jpg 300w, https:\/\/alenrio.org.br\/site\/wp-content\/uploads\/2024\/09\/DSC_2919-768x494.jpg 768w, https:\/\/alenrio.org.br\/site\/wp-content\/uploads\/2024\/09\/DSC_2919-93x60.jpg 93w, https:\/\/alenrio.org.br\/site\/wp-content\/uploads\/2024\/09\/DSC_2919.jpg 1200w\" sizes=\"auto, (max-width: 640px) 100vw, 640px\" \/><\/noscript><\/a><\/div><!-- Story Description --><div class=\"ctl-description\"><p>Solenidade em Santo Augusto contou com a posse de membro honor\u00e1rio Odilon Gomes de Oliveira, homenagens a personalidades e o lan\u00e7amento da Carta de Santo Augusto pela Literatura, Livro, Leitura e Cultura.<\/p>\n<\/div><\/div><\/div>\t\t\t\t\t<\/div>\r\n\t\t\t\t\t<div class=\"ctl-end\"><\/div>\r\n\t\t\t\t\t<nav class=\"ctl-pagination\" aria-label=\"Timeline Navigation\"><span class=\"page-numbers ctl-page-num\" role=\"status\"> Page 1 of 2<\/span> <span aria-current=\"page\" class=\"page-numbers current\">1<\/span>\n<a class=\"page-numbers\" href=\"https:\/\/alenrio.org.br\/site\/wp-json\/wp\/v2\/pages\/1038\/page\/2\/\">2<\/a>\n<a class=\"next page-numbers\" href=\"https:\/\/alenrio.org.br\/site\/wp-json\/wp\/v2\/pages\/1038\/page\/2\/\"><svg xmlns=\"http:\/\/www.w3.org\/2000\/svg\" height=\"1em\" viewBox=\"0 0 448 512\">\r\n\t\t\t\t<path d=\"M224.3 273l-136 136c-9.4 9.4-24.6 9.4-33.9 0l-22.6-22.6c-9.4-9.4-9.4-24.6 0-33.9l96.4-96.4-96.4-96.4c-9.4-9.4-9.4-24.6 0-33.9L54.3 103c9.4-9.4 24.6-9.4 33.9 0l136 136c9.5 9.4 9.5 24.6.1 34zm192-34l-136-136c-9.4-9.4-24.6-9.4-33.9 0l-22.6 22.6c-9.4 9.4-9.4 24.6 0 33.9l96.4 96.4-96.4 96.4c-9.4 9.4-9.4 24.6 0 33.9l22.6 22.6c9.4 9.4 24.6 9.4 33.9 0l136-136c9.4-9.2 9.4-24.4 0-33.8z\"\/>\r\n\t\t\t\t<\/svg><\/a><\/nav>\t\t\t\t<\/div>\r\n\t\t\t<\/div>\r\n\t\t\t\n\n\n<p><\/p>\n","protected":false},"excerpt":{"rendered":"","protected":false},"author":1,"featured_media":0,"parent":0,"menu_order":0,"comment_status":"closed","ping_status":"closed","template":"","meta":{"_eb_attr":"","footnotes":""},"class_list":["post-1038","page","type-page","status-publish","hentry"],"_links":{"self":[{"href":"https:\/\/alenrio.org.br\/site\/wp-json\/wp\/v2\/pages\/1038","targetHints":{"allow":["GET"]}}],"collection":[{"href":"https:\/\/alenrio.org.br\/site\/wp-json\/wp\/v2\/pages"}],"about":[{"href":"https:\/\/alenrio.org.br\/site\/wp-json\/wp\/v2\/types\/page"}],"author":[{"embeddable":true,"href":"https:\/\/alenrio.org.br\/site\/wp-json\/wp\/v2\/users\/1"}],"replies":[{"embeddable":true,"href":"https:\/\/alenrio.org.br\/site\/wp-json\/wp\/v2\/comments?post=1038"}],"version-history":[{"count":1,"href":"https:\/\/alenrio.org.br\/site\/wp-json\/wp\/v2\/pages\/1038\/revisions"}],"predecessor-version":[{"id":1039,"href":"https:\/\/alenrio.org.br\/site\/wp-json\/wp\/v2\/pages\/1038\/revisions\/1039"}],"wp:attachment":[{"href":"https:\/\/alenrio.org.br\/site\/wp-json\/wp\/v2\/media?parent=1038"}],"curies":[{"name":"wp","href":"https:\/\/api.w.org\/{rel}","templated":true}]}}