{"id":1178,"date":"2025-04-02T11:05:22","date_gmt":"2025-04-02T14:05:22","guid":{"rendered":"https:\/\/alenrio.org.br\/site\/?page_id=1178"},"modified":"2025-07-02T10:33:23","modified_gmt":"2025-07-02T13:33:23","slug":"biblioteca","status":"publish","type":"page","link":"https:\/\/alenrio.org.br\/site\/biblioteca\/","title":{"rendered":"Biblioteca Professor Daniel Scheid"},"content":{"rendered":"<div class=\"wp-block-image\">\n<figure class=\"alignright size-full is-resized\"><img  title=\"\" loading=\"lazy\" decoding=\"async\" width=\"799\" height=\"202\" data-src=\"https:\/\/alenrio.org.br\/site\/wp-content\/uploads\/2025\/04\/logo_biblioteca.png\"  alt=\"logo_biblioteca Biblioteca Professor Daniel Scheid\"  class=\"wp-image-1179 lazyload\" style=\"--smush-placeholder-width: 799px; --smush-placeholder-aspect-ratio: 799\/202;width:300px\" data-srcset=\"https:\/\/alenrio.org.br\/site\/wp-content\/uploads\/2025\/04\/logo_biblioteca.png 799w, https:\/\/alenrio.org.br\/site\/wp-content\/uploads\/2025\/04\/logo_biblioteca-300x76.png 300w, https:\/\/alenrio.org.br\/site\/wp-content\/uploads\/2025\/04\/logo_biblioteca-768x194.png 768w\" data-sizes=\"auto, (max-width: 799px) 100vw, 799px\" src=\"data:image\/gif;base64,R0lGODlhAQABAAAAACH5BAEKAAEALAAAAAABAAEAAAICTAEAOw==\" \/><noscript><img  title=\"\" loading=\"lazy\" decoding=\"async\" width=\"799\" height=\"202\" src=\"https:\/\/alenrio.org.br\/site\/wp-content\/uploads\/2025\/04\/logo_biblioteca.png\"  alt=\"logo_biblioteca Biblioteca Professor Daniel Scheid\"  class=\"wp-image-1179\" style=\"width:300px\" srcset=\"https:\/\/alenrio.org.br\/site\/wp-content\/uploads\/2025\/04\/logo_biblioteca.png 799w, https:\/\/alenrio.org.br\/site\/wp-content\/uploads\/2025\/04\/logo_biblioteca-300x76.png 300w, https:\/\/alenrio.org.br\/site\/wp-content\/uploads\/2025\/04\/logo_biblioteca-768x194.png 768w\" sizes=\"auto, (max-width: 799px) 100vw, 799px\" \/><\/noscript><\/figure>\n<\/div>\n\n\n<p>A <strong>Biblioteca Professor Daniel Scheid<\/strong>, mantida pela Academia de Letras do Noroeste do Rio Grande do Sul (Alenrio), \u00e9 um espa\u00e7o de valoriza\u00e7\u00e3o e promo\u00e7\u00e3o da literatura regional. Sediada junto \u00e0 Biblioteca Municipal de Tucunduva, Rio Grande do Sul, por meio de parceria de uso do espa\u00e7o com o governo municipal, a biblioteca presta homenagem ao Professor Daniel Scheid, reconhecido por sua significativa contribui\u00e7\u00e3o \u00e0 educa\u00e7\u00e3o e \u00e0 sociedade.<\/p>\n\n\n\n<p>A Biblioteca mant\u00e9m um acervo pr\u00f3prio, com livros selecionados, catalogados e preparados para empr\u00e9stimos aos acad\u00eamicos, com a perspectiva de disponibilizar essas obras tamb\u00e9m para consulta da comunidade.<\/p>\n\n\n\n<p>A Biblioteca Professor Daniel Scheid n\u00e3o apenas preserva e disponibiliza esse patrim\u00f4nio liter\u00e1rio, mas tamb\u00e9m desempenha um papel ativo na promo\u00e7\u00e3o da cultura, na realiza\u00e7\u00e3o de eventos, lan\u00e7amentos de livros e encontros liter\u00e1rios.<\/p>\n\n\n\n<p><strong>Daniel Scheid<br><\/strong>Daniel Scheid nasceu em Cerro Largo &#8211; RS, em 10 de novembro de 1950. Graduado em Filosofia e em Ci\u00eancias Jur\u00eddicas e Sociais, com p\u00f3s-gradua\u00e7\u00e3o em Administra\u00e7\u00e3o Escolar, implantou, em 1976, a Secretaria do Bem-Estar Social de Tucunduva. Professor da rede estadual de ensino do Rio Grande do Sul, atuou na Unidade Estadual de Ensino Princesa Isabel por 32 anos, exercendo tamb\u00e9m as fun\u00e7\u00f5es de vice-diretor e diretor. Atuou como juiz de paz por 19 anos e presidiu diversas entidades sociais em Tucunduva, &#8211; RS. Figura carism\u00e1tica, deixou legado de dedica\u00e7\u00e3o e compromisso social. Faleceu em 25 de abril de 2023.<\/p>\n","protected":false},"excerpt":{"rendered":"<p>A Biblioteca Professor Daniel Scheid, mantida pela Academia de Letras do Noroeste do Rio Grande do Sul (Alenrio), \u00e9 um espa\u00e7o de valoriza\u00e7\u00e3o e promo\u00e7\u00e3o da literatura regional. Sediada junto \u00e0 Biblioteca Municipal de Tucunduva, Rio Grande do Sul, por meio de parceria de uso do espa\u00e7o com o governo municipal, a biblioteca presta homenagem [&hellip;]<\/p>\n","protected":false},"author":1,"featured_media":0,"parent":0,"menu_order":0,"comment_status":"closed","ping_status":"closed","template":"","meta":{"_eb_attr":"","footnotes":""},"class_list":["post-1178","page","type-page","status-publish","hentry"],"_links":{"self":[{"href":"https:\/\/alenrio.org.br\/site\/wp-json\/wp\/v2\/pages\/1178","targetHints":{"allow":["GET"]}}],"collection":[{"href":"https:\/\/alenrio.org.br\/site\/wp-json\/wp\/v2\/pages"}],"about":[{"href":"https:\/\/alenrio.org.br\/site\/wp-json\/wp\/v2\/types\/page"}],"author":[{"embeddable":true,"href":"https:\/\/alenrio.org.br\/site\/wp-json\/wp\/v2\/users\/1"}],"replies":[{"embeddable":true,"href":"https:\/\/alenrio.org.br\/site\/wp-json\/wp\/v2\/comments?post=1178"}],"version-history":[{"count":7,"href":"https:\/\/alenrio.org.br\/site\/wp-json\/wp\/v2\/pages\/1178\/revisions"}],"predecessor-version":[{"id":1269,"href":"https:\/\/alenrio.org.br\/site\/wp-json\/wp\/v2\/pages\/1178\/revisions\/1269"}],"wp:attachment":[{"href":"https:\/\/alenrio.org.br\/site\/wp-json\/wp\/v2\/media?parent=1178"}],"curies":[{"name":"wp","href":"https:\/\/api.w.org\/{rel}","templated":true}]}}