{"id":122,"date":"2024-09-17T20:30:42","date_gmt":"2024-09-17T23:30:42","guid":{"rendered":"https:\/\/alenrio.org.br\/site\/?page_id=122"},"modified":"2025-02-19T11:09:23","modified_gmt":"2025-02-19T14:09:23","slug":"diretoria","status":"publish","type":"page","link":"https:\/\/alenrio.org.br\/site\/diretoria\/","title":{"rendered":"Diretoria"},"content":{"rendered":"\n<h4 class=\"wp-block-heading\">Gest\u00e3o 2025-2026<\/h4>\n\n\n\n<figure class=\"wp-block-table is-style-stripes\"><table class=\"has-fixed-layout\"><tbody><tr><td><br>Renato Pereira<br>Presidente<\/td><td><br>Tanize Tomasi<br>Vice-Presidente<\/td><td><br>Gretel Priebe<br>1\u00aa Secret\u00e1ria<\/td><td><br>Joana M. Langner<br>2\u00aa Secret\u00e1ria<\/td><td><br>Danilo Fagundes<br>1\u00ba Tesoureiro<\/td><\/tr><tr><td><br>Rejane Carpenedo<br>2\u00aa Tesoureira<\/td><td><br>Jorge da Luz<br>Comunica\u00e7\u00e3o<\/td><td><br>Eugenio Frizzo<br>Projetos<\/td><td><br>Nair Carpenedo <br>Literatura<\/td><td><br>Cleci M. Scheid<br>Biblioteca<\/td><\/tr><tr><td><br>Teresinha Gazola<br>Biblioteca<\/td><td><br>Danilo Fagundes<br>Assessoria Jur\u00eddica<\/td><td><br>Jos\u00e9 O. Schafer<br>Assessoria Jur\u00eddica<\/td><td><\/td><td><\/td><\/tr><\/tbody><\/table><\/figure>\n\n\n\n<div class=\"wp-block-accordion-toggle-accordion-toggle  root-eb-accordion-jfu6m\"><div class=\"eb-parent-wrapper eb-parent-eb-accordion-jfu6m \"><div class=\"eb-accordion-container eb-accordion-jfu6m\" data-accordion-type=\"accordion\" data-tab-icon=\"fas fa-angle-right\" data-expanded-icon=\"fas fa-angle-down\" data-transition-duration=\"500\"><div class=\"eb-accordion-inner\">\n<div class=\"wp-block-accordion-toggle-accordion-item eb-accordion-item-b5utx eb-accordion-wrapper\" data-clickable=\"false\"><div class=\"eb-accordion-title-wrapper eb-accordion-title-wrapper-eb-accordion-jfu6m\" tabindex=\"0\"><span class=\"eb-accordion-icon-wrapper eb-accordion-icon-wrapper-eb-accordion-jfu6m\"><span class=\"fas fa-angle-right eb-accordion-icon\"><\/span><\/span><div class=\"eb-accordion-title-content-wrap title-content-eb-accordion-jfu6m\"><h3 class=\"eb-accordion-title\">Gest\u00e3o 2023-2024<\/h3><\/div><\/div><div class=\"eb-accordion-content-wrapper eb-accordion-content-wrapper-eb-accordion-jfu6m\"><div class=\"eb-accordion-content\">\n<figure class=\"wp-block-table is-style-stripes\"><table class=\"has-fixed-layout\"><tbody><tr><td><br><a href=\"https:\/\/alenrio.org.br\/site\/imortais\/renato-pereira\/\" data-type=\"page\" data-id=\"453\">Renato Pereira<\/a><br>Presidente<\/td><td><br><a href=\"https:\/\/alenrio.org.br\/site\/imortais\/tanize-tomasi\/\" data-type=\"page\" data-id=\"437\">Tanize Tomasi<\/a><br>Vice-Presidente<\/td><td><br><a href=\"https:\/\/alenrio.org.br\/site\/imortais\/gretel-priebe\/\" data-type=\"page\" data-id=\"449\">Gretel Priebe<\/a><br>1\u00aa Secret\u00e1ria<\/td><td><br><a href=\"https:\/\/alenrio.org.br\/site\/imortais\/joana-marli-langner\/\" data-type=\"page\" data-id=\"439\">Joana M. Langner<\/a><br>2\u00aa Secret\u00e1ria<\/td><td><br><a href=\"https:\/\/alenrio.org.br\/site\/imortais\/sadi-camera\/\" data-type=\"page\" data-id=\"447\">Sadi Camera<\/a><br>1\u00ba Tesoureiro<\/td><\/tr><tr><td><br><a href=\"https:\/\/alenrio.org.br\/site\/imortais\/cleci-maria-scheid\/\" data-type=\"page\" data-id=\"445\">Cleci M. Scheid<\/a><br>2\u00aa Tesoureira<\/td><td><br><a href=\"https:\/\/alenrio.org.br\/site\/imortais\/danilo-fagundes\/\" data-type=\"page\" data-id=\"443\">Danilo Fagundes<\/a><br>Comunica\u00e7\u00e3o<\/td><td><br><a href=\"https:\/\/alenrio.org.br\/site\/rejane-beatriz-fiepke-carpenedo\/\" data-type=\"page\" data-id=\"433\">Rejane Carpenedo<\/a><br>Projetos<\/td><td><br><a href=\"https:\/\/alenrio.org.br\/site\/imortais\/nair-carpenedo\/\" data-type=\"page\" data-id=\"441\">Nair Carpenedo <\/a><br>Literatura<\/td><td><\/td><\/tr><\/tbody><\/table><\/figure>\n<\/div><\/div><\/div>\n\n\n\n<div class=\"wp-block-accordion-toggle-accordion-item eb-accordion-item-vxyga eb-accordion-wrapper\" data-clickable=\"false\"><div class=\"eb-accordion-title-wrapper eb-accordion-title-wrapper-eb-accordion-jfu6m\" tabindex=\"0\"><span class=\"eb-accordion-icon-wrapper eb-accordion-icon-wrapper-eb-accordion-jfu6m\"><span class=\"fas fa-angle-right eb-accordion-icon\"><\/span><\/span><div class=\"eb-accordion-title-content-wrap title-content-eb-accordion-jfu6m\"><h3 class=\"eb-accordion-title\"><strong>Gest\u00e3o 2021-2022<\/strong><\/h3><\/div><\/div><div class=\"eb-accordion-content-wrapper eb-accordion-content-wrapper-eb-accordion-jfu6m\"><div class=\"eb-accordion-content\">\n<figure class=\"wp-block-table is-style-stripes\"><table class=\"has-fixed-layout\"><tbody><tr><td><br><a href=\"https:\/\/alenrio.org.br\/site\/imortais\/tanize-tomasi\/\" data-type=\"page\" data-id=\"437\">Tanize Tomasi<\/a><br>Presidente<\/td><td><br><a href=\"https:\/\/alenrio.org.br\/site\/imortais\/renato-pereira\/\" data-type=\"page\" data-id=\"453\">Renato Pereira<\/a><br>Vice-Presidente<\/td><td><br><a href=\"https:\/\/alenrio.org.br\/site\/imortais\/gretel-priebe\/\" data-type=\"page\" data-id=\"449\">Gretel Priebe<\/a><br>1\u00aa Secret\u00e1ria<\/td><td><br><a href=\"https:\/\/alenrio.org.br\/site\/imortais\/joana-marli-langner\/\" data-type=\"page\" data-id=\"439\">Joana M. Langner<\/a><br>2\u00aa Secret\u00e1ria<\/td><td><br><a href=\"https:\/\/alenrio.org.br\/site\/imortais\/sadi-camera\/\" data-type=\"page\" data-id=\"447\">Sadi Camera<\/a><br>1\u00ba Tesoureiro<\/td><\/tr><tr><td><br><a href=\"https:\/\/alenrio.org.br\/site\/imortais\/cleci-maria-scheid\/\" data-type=\"page\" data-id=\"445\">Cleci M. Scheid<\/a><br>2\u00aa Tesoureira<\/td><td><br><a href=\"https:\/\/alenrio.org.br\/site\/imortais\/danilo-fagundes\/\" data-type=\"page\" data-id=\"443\">Danilo Fagundes<\/a><br>Comunica\u00e7\u00e3o<\/td><td><br><a href=\"https:\/\/alenrio.org.br\/site\/rejane-beatriz-fiepke-carpenedo\/\" data-type=\"page\" data-id=\"433\">Rejane Carpenedo<\/a><br>Projetos<\/td><td><br><a href=\"https:\/\/alenrio.org.br\/site\/imortais\/nair-carpenedo\/\" data-type=\"page\" data-id=\"441\">Nair Carpenedo <\/a><br>Literatura<\/td><td><\/td><\/tr><\/tbody><\/table><\/figure>\n<\/div><\/div><\/div>\n<\/div><\/div><\/div><\/div>\n\n\n\n<p><br><\/p>\n","protected":false},"excerpt":{"rendered":"<p>Gest\u00e3o 2025-2026 Renato PereiraPresidente Tanize TomasiVice-Presidente Gretel Priebe1\u00aa Secret\u00e1ria Joana M. Langner2\u00aa Secret\u00e1ria Danilo Fagundes1\u00ba Tesoureiro Rejane Carpenedo2\u00aa Tesoureira Jorge da LuzComunica\u00e7\u00e3o Eugenio FrizzoProjetos Nair Carpenedo Literatura Cleci M. ScheidBiblioteca Teresinha GazolaBiblioteca Danilo FagundesAssessoria Jur\u00eddica Jos\u00e9 O. SchaferAssessoria Jur\u00eddica<\/p>\n","protected":false},"author":1,"featured_media":0,"parent":0,"menu_order":0,"comment_status":"closed","ping_status":"closed","template":"","meta":{"_eb_attr":"","footnotes":""},"class_list":["post-122","page","type-page","status-publish","hentry"],"_links":{"self":[{"href":"https:\/\/alenrio.org.br\/site\/wp-json\/wp\/v2\/pages\/122","targetHints":{"allow":["GET"]}}],"collection":[{"href":"https:\/\/alenrio.org.br\/site\/wp-json\/wp\/v2\/pages"}],"about":[{"href":"https:\/\/alenrio.org.br\/site\/wp-json\/wp\/v2\/types\/page"}],"author":[{"embeddable":true,"href":"https:\/\/alenrio.org.br\/site\/wp-json\/wp\/v2\/users\/1"}],"replies":[{"embeddable":true,"href":"https:\/\/alenrio.org.br\/site\/wp-json\/wp\/v2\/comments?post=122"}],"version-history":[{"count":12,"href":"https:\/\/alenrio.org.br\/site\/wp-json\/wp\/v2\/pages\/122\/revisions"}],"predecessor-version":[{"id":1166,"href":"https:\/\/alenrio.org.br\/site\/wp-json\/wp\/v2\/pages\/122\/revisions\/1166"}],"wp:attachment":[{"href":"https:\/\/alenrio.org.br\/site\/wp-json\/wp\/v2\/media?parent=122"}],"curies":[{"name":"wp","href":"https:\/\/api.w.org\/{rel}","templated":true}]}}