{"id":421,"date":"2024-09-20T09:05:05","date_gmt":"2024-09-20T12:05:05","guid":{"rendered":"https:\/\/alenrio.org.br\/site\/?page_id=421"},"modified":"2024-09-20T12:05:20","modified_gmt":"2024-09-20T15:05:20","slug":"pedro-concli","status":"publish","type":"page","link":"https:\/\/alenrio.org.br\/site\/patronos\/pedro-concli\/","title":{"rendered":"Pedro Concli"},"content":{"rendered":"\n<p class=\"has-text-align-left\"><\/p>\n\n\n<div class=\"wp-block-image\">\n<figure class=\"alignright is-resized\"><img  title=\"\" loading=\"lazy\" decoding=\"async\" width=\"768\" height=\"1024\" data-src=\"https:\/\/alenrio.org.br\/site\/wp-content\/uploads\/2024\/09\/06-PEDRO-CONCLI-768x1024.jpg\"  alt=\"06-PEDRO-CONCLI-768x1024 Pedro Concli\"  class=\"wp-image-365 lazyload\" style=\"--smush-placeholder-width: 768px; --smush-placeholder-aspect-ratio: 768\/1024;width:200px\" data-srcset=\"https:\/\/alenrio.org.br\/site\/wp-content\/uploads\/2024\/09\/06-PEDRO-CONCLI-768x1024.jpg 768w, https:\/\/alenrio.org.br\/site\/wp-content\/uploads\/2024\/09\/06-PEDRO-CONCLI-225x300.jpg 225w, https:\/\/alenrio.org.br\/site\/wp-content\/uploads\/2024\/09\/06-PEDRO-CONCLI-45x60.jpg 45w, https:\/\/alenrio.org.br\/site\/wp-content\/uploads\/2024\/09\/06-PEDRO-CONCLI.jpg 779w\" data-sizes=\"auto, (max-width: 768px) 100vw, 768px\" src=\"data:image\/gif;base64,R0lGODlhAQABAAAAACH5BAEKAAEALAAAAAABAAEAAAICTAEAOw==\" \/><noscript><img  title=\"\" loading=\"lazy\" decoding=\"async\" width=\"768\" height=\"1024\" src=\"https:\/\/alenrio.org.br\/site\/wp-content\/uploads\/2024\/09\/06-PEDRO-CONCLI-768x1024.jpg\"  alt=\"06-PEDRO-CONCLI-768x1024 Pedro Concli\"  class=\"wp-image-365\" style=\"width:200px\" srcset=\"https:\/\/alenrio.org.br\/site\/wp-content\/uploads\/2024\/09\/06-PEDRO-CONCLI-768x1024.jpg 768w, https:\/\/alenrio.org.br\/site\/wp-content\/uploads\/2024\/09\/06-PEDRO-CONCLI-225x300.jpg 225w, https:\/\/alenrio.org.br\/site\/wp-content\/uploads\/2024\/09\/06-PEDRO-CONCLI-45x60.jpg 45w, https:\/\/alenrio.org.br\/site\/wp-content\/uploads\/2024\/09\/06-PEDRO-CONCLI.jpg 779w\" sizes=\"auto, (max-width: 768px) 100vw, 768px\" \/><\/noscript><\/figure>\n<\/div>\n\n\n<p class=\"has-text-align-left\">Nasceu em 19 de julho de 1888, na \u00c1ustria e faleceu com 52 anos em Tucunduva-RS. Filho de Jeovani (<em>Gi\u00e1como<\/em>) e B\u00e1rbara Concli. Atuou como&nbsp;<em>maestro<\/em>&nbsp;(como chamava-se o professor) em Bento Gon\u00e7alves&nbsp; e foi contratado para dar aulas as crian\u00e7as no in\u00edcio da coloniza\u00e7\u00e3o de Tucunduva-RS. Pedro Concli falava fluentemente o alem\u00e3o e a l\u00edngua italiana. Com a sua chegada, os moradores constru\u00edram um rancho, onde foi a primeira escola. Mais tarde, com o nascimento e chegada de mais crian\u00e7as vindas com os colonizadores, esta escola foi ampliada. Foi um l\u00edder, um grande desbravador de mentes. Pedro Concli foi o primeiro&nbsp;<em>maestro<\/em>&nbsp;(professor) em Tucunduva-RS.Com seu esfor\u00e7o e dedica\u00e7\u00e3o muito fez por esta terra em que viveu e amou, deixando seu legado como um pioneiro tucunduvense. \u00c9 patrono perp\u00e9tuo da cadeira n\u00ba 6 da Academia de Letras do Noroeste do Rio Grande do Sul \u2013 Alenrio.<\/p>\n\n\n\n<p class=\"has-text-align-left\"><\/p>\n","protected":false},"excerpt":{"rendered":"<p>Nasceu em 19 de julho de 1888, na \u00c1ustria e faleceu com 52 anos em Tucunduva-RS. Filho de Jeovani (Gi\u00e1como) e B\u00e1rbara Concli. Atuou como&nbsp;maestro&nbsp;(como chamava-se o professor) em Bento Gon\u00e7alves&nbsp; e foi contratado para dar aulas as crian\u00e7as no in\u00edcio da coloniza\u00e7\u00e3o de Tucunduva-RS. Pedro Concli falava fluentemente o alem\u00e3o e a l\u00edngua italiana. [&hellip;]<\/p>\n","protected":false},"author":1,"featured_media":0,"parent":360,"menu_order":0,"comment_status":"closed","ping_status":"closed","template":"","meta":{"_eb_attr":"","footnotes":""},"class_list":["post-421","page","type-page","status-publish","hentry"],"_links":{"self":[{"href":"https:\/\/alenrio.org.br\/site\/wp-json\/wp\/v2\/pages\/421","targetHints":{"allow":["GET"]}}],"collection":[{"href":"https:\/\/alenrio.org.br\/site\/wp-json\/wp\/v2\/pages"}],"about":[{"href":"https:\/\/alenrio.org.br\/site\/wp-json\/wp\/v2\/types\/page"}],"author":[{"embeddable":true,"href":"https:\/\/alenrio.org.br\/site\/wp-json\/wp\/v2\/users\/1"}],"replies":[{"embeddable":true,"href":"https:\/\/alenrio.org.br\/site\/wp-json\/wp\/v2\/comments?post=421"}],"version-history":[{"count":2,"href":"https:\/\/alenrio.org.br\/site\/wp-json\/wp\/v2\/pages\/421\/revisions"}],"predecessor-version":[{"id":499,"href":"https:\/\/alenrio.org.br\/site\/wp-json\/wp\/v2\/pages\/421\/revisions\/499"}],"up":[{"embeddable":true,"href":"https:\/\/alenrio.org.br\/site\/wp-json\/wp\/v2\/pages\/360"}],"wp:attachment":[{"href":"https:\/\/alenrio.org.br\/site\/wp-json\/wp\/v2\/media?parent=421"}],"curies":[{"name":"wp","href":"https:\/\/api.w.org\/{rel}","templated":true}]}}