{"id":423,"date":"2024-09-20T09:06:20","date_gmt":"2024-09-20T12:06:20","guid":{"rendered":"https:\/\/alenrio.org.br\/site\/?page_id=423"},"modified":"2024-09-20T12:06:56","modified_gmt":"2024-09-20T15:06:56","slug":"alberto-lehenbauer","status":"publish","type":"page","link":"https:\/\/alenrio.org.br\/site\/patronos\/alberto-lehenbauer\/","title":{"rendered":"Alberto Lehenbauer"},"content":{"rendered":"\n<p><\/p>\n\n\n<div class=\"wp-block-image\">\n<figure class=\"alignright is-resized\"><img  title=\"\" loading=\"lazy\" decoding=\"async\" width=\"374\" height=\"499\" data-src=\"https:\/\/alenrio.org.br\/site\/wp-content\/uploads\/2024\/09\/05-ALBERTO-LEHENBAUER.jpg\"  alt=\"05-ALBERTO-LEHENBAUER Alberto Lehenbauer\"  class=\"wp-image-368 lazyload\" style=\"--smush-placeholder-width: 374px; --smush-placeholder-aspect-ratio: 374\/499;width:200px\" data-srcset=\"https:\/\/alenrio.org.br\/site\/wp-content\/uploads\/2024\/09\/05-ALBERTO-LEHENBAUER.jpg 374w, https:\/\/alenrio.org.br\/site\/wp-content\/uploads\/2024\/09\/05-ALBERTO-LEHENBAUER-225x300.jpg 225w, https:\/\/alenrio.org.br\/site\/wp-content\/uploads\/2024\/09\/05-ALBERTO-LEHENBAUER-45x60.jpg 45w\" data-sizes=\"auto, (max-width: 374px) 100vw, 374px\" src=\"data:image\/gif;base64,R0lGODlhAQABAAAAACH5BAEKAAEALAAAAAABAAEAAAICTAEAOw==\" \/><noscript><img  title=\"\" loading=\"lazy\" decoding=\"async\" width=\"374\" height=\"499\" src=\"https:\/\/alenrio.org.br\/site\/wp-content\/uploads\/2024\/09\/05-ALBERTO-LEHENBAUER.jpg\"  alt=\"05-ALBERTO-LEHENBAUER Alberto Lehenbauer\"  class=\"wp-image-368\" style=\"width:200px\" srcset=\"https:\/\/alenrio.org.br\/site\/wp-content\/uploads\/2024\/09\/05-ALBERTO-LEHENBAUER.jpg 374w, https:\/\/alenrio.org.br\/site\/wp-content\/uploads\/2024\/09\/05-ALBERTO-LEHENBAUER-225x300.jpg 225w, https:\/\/alenrio.org.br\/site\/wp-content\/uploads\/2024\/09\/05-ALBERTO-LEHENBAUER-45x60.jpg 45w\" sizes=\"auto, (max-width: 374px) 100vw, 374px\" \/><\/noscript><\/figure>\n<\/div>\n\n\n<p>Nasceu no dia 13 de fevereiro de 1891, em Wets Ely, Missouri, EUA e Faleceu no dia 29 de abril de 1955, em Zarate, Buenos Aires, Argentina. Filho de Johann Conrad Christian Lehenbauer e Katharina Luise Preusser Lehenbauer. Chegou ao Brasil no dia 2 de fevereiro de 1915, como Mission\u00e1rio, exercendo suas atividades na Linha 15 de Novembro, nas novas Col\u00f4nias Guarani e Erechim, onde a maioria dos colonizadores eram de origem alem\u00e3 ou teuto-russa. Casou-se, em 1918, com Helene Priebe Lehenbauer. Desenvolveu um fecundo trabalho mission\u00e1rio, iniciando novas congrega\u00e7\u00f5es e pontos de miss\u00e3o. Na Col\u00f4nia Guarani, organizou a sua Par\u00f3quia de forma modelar. Ativo e trabalhador, ele mesmo cuidou da instru\u00e7\u00e3o de professores leigos, organizou a comunidade e criou v\u00e1rias escolas, dentre elas, no ano de 1917, a Escola Evang\u00e9lica Luterana S\u00e3o Jo\u00e3o, em Santa Rosa, atendendo ao pedido de Edmundo Pilz.&nbsp; Empenhado&nbsp;na propaga\u00e7\u00e3o do Evangelho na nova regi\u00e3o de coloniza\u00e7\u00e3o, mas, tamb\u00e9m, preocupava-se com as condi\u00e7\u00f5es econ\u00f4micas dos colonizadores.&nbsp; Deve-se a este homem de f\u00e9 e coragem a introdu\u00e7\u00e3o do plantio da soja na regi\u00e3o, cujas sementes foram entregues, em pequenas por\u00e7\u00f5es, tamb\u00e9m aos colonizadores de Novo Machado. Posteriormente tamb\u00e9m foi Professor e Diretor do Semin\u00e1rio Conc\u00f3rdia em Buenos Aires, Argentina. \u00c9&nbsp;autor das obras: Roughing it for Christ in the Wilds of Brazil, 1923 e Lutero \u2013 el fraile que encar\u00f4 al Papa, 1947.&nbsp; \u00c9 patrono perp\u00e9tuo da cadeira n\u00ba 6 da Academia de Letras do Noroeste do Rio Grande do Sul \u2013 Alenrio.<\/p>\n","protected":false},"excerpt":{"rendered":"<p>Nasceu no dia 13 de fevereiro de 1891, em Wets Ely, Missouri, EUA e Faleceu no dia 29 de abril de 1955, em Zarate, Buenos Aires, Argentina. Filho de Johann Conrad Christian Lehenbauer e Katharina Luise Preusser Lehenbauer. Chegou ao Brasil no dia 2 de fevereiro de 1915, como Mission\u00e1rio, exercendo suas atividades na Linha [&hellip;]<\/p>\n","protected":false},"author":1,"featured_media":0,"parent":360,"menu_order":0,"comment_status":"closed","ping_status":"closed","template":"","meta":{"_eb_attr":"","footnotes":""},"class_list":["post-423","page","type-page","status-publish","hentry"],"_links":{"self":[{"href":"https:\/\/alenrio.org.br\/site\/wp-json\/wp\/v2\/pages\/423","targetHints":{"allow":["GET"]}}],"collection":[{"href":"https:\/\/alenrio.org.br\/site\/wp-json\/wp\/v2\/pages"}],"about":[{"href":"https:\/\/alenrio.org.br\/site\/wp-json\/wp\/v2\/types\/page"}],"author":[{"embeddable":true,"href":"https:\/\/alenrio.org.br\/site\/wp-json\/wp\/v2\/users\/1"}],"replies":[{"embeddable":true,"href":"https:\/\/alenrio.org.br\/site\/wp-json\/wp\/v2\/comments?post=423"}],"version-history":[{"count":2,"href":"https:\/\/alenrio.org.br\/site\/wp-json\/wp\/v2\/pages\/423\/revisions"}],"predecessor-version":[{"id":503,"href":"https:\/\/alenrio.org.br\/site\/wp-json\/wp\/v2\/pages\/423\/revisions\/503"}],"up":[{"embeddable":true,"href":"https:\/\/alenrio.org.br\/site\/wp-json\/wp\/v2\/pages\/360"}],"wp:attachment":[{"href":"https:\/\/alenrio.org.br\/site\/wp-json\/wp\/v2\/media?parent=423"}],"curies":[{"name":"wp","href":"https:\/\/api.w.org\/{rel}","templated":true}]}}