{"id":425,"date":"2024-09-20T09:06:55","date_gmt":"2024-09-20T12:06:55","guid":{"rendered":"https:\/\/alenrio.org.br\/site\/?page_id=425"},"modified":"2024-09-20T12:06:36","modified_gmt":"2024-09-20T15:06:36","slug":"artur-fronza","status":"publish","type":"page","link":"https:\/\/alenrio.org.br\/site\/patronos\/artur-fronza\/","title":{"rendered":"Artur Fronza"},"content":{"rendered":"<div class=\"wp-block-image is-style-default\">\n<figure class=\"alignright is-resized\"><img  title=\"\" loading=\"lazy\" decoding=\"async\" width=\"768\" height=\"1024\" data-src=\"https:\/\/alenrio.org.br\/site\/wp-content\/uploads\/2024\/09\/04-ARTUR-FRONZA-768x1024.jpg\"  alt=\"04-ARTUR-FRONZA-768x1024 Artur Fronza\"  class=\"wp-image-364 lazyload\" style=\"--smush-placeholder-width: 768px; --smush-placeholder-aspect-ratio: 768\/1024;width:200px\" data-srcset=\"https:\/\/alenrio.org.br\/site\/wp-content\/uploads\/2024\/09\/04-ARTUR-FRONZA-768x1023.jpg 768w, https:\/\/alenrio.org.br\/site\/wp-content\/uploads\/2024\/09\/04-ARTUR-FRONZA-225x300.jpg 225w, https:\/\/alenrio.org.br\/site\/wp-content\/uploads\/2024\/09\/04-ARTUR-FRONZA-45x60.jpg 45w, https:\/\/alenrio.org.br\/site\/wp-content\/uploads\/2024\/09\/04-ARTUR-FRONZA.jpg 980w\" data-sizes=\"auto, (max-width: 768px) 100vw, 768px\" src=\"data:image\/gif;base64,R0lGODlhAQABAAAAACH5BAEKAAEALAAAAAABAAEAAAICTAEAOw==\" \/><noscript><img  title=\"\" loading=\"lazy\" decoding=\"async\" width=\"768\" height=\"1024\" src=\"https:\/\/alenrio.org.br\/site\/wp-content\/uploads\/2024\/09\/04-ARTUR-FRONZA-768x1024.jpg\"  alt=\"04-ARTUR-FRONZA-768x1024 Artur Fronza\"  class=\"wp-image-364\" style=\"width:200px\" srcset=\"https:\/\/alenrio.org.br\/site\/wp-content\/uploads\/2024\/09\/04-ARTUR-FRONZA-768x1023.jpg 768w, https:\/\/alenrio.org.br\/site\/wp-content\/uploads\/2024\/09\/04-ARTUR-FRONZA-225x300.jpg 225w, https:\/\/alenrio.org.br\/site\/wp-content\/uploads\/2024\/09\/04-ARTUR-FRONZA-45x60.jpg 45w, https:\/\/alenrio.org.br\/site\/wp-content\/uploads\/2024\/09\/04-ARTUR-FRONZA.jpg 980w\" sizes=\"auto, (max-width: 768px) 100vw, 768px\" \/><\/noscript><\/figure>\n<\/div>\n\n\n<p>Artur Fronza nasceu em 25 de outubro de 1946, em Bela Harmonia, Tucunduva-RS. Filho de Joaquim e Delvina Fronza. Formou-se T\u00e9cnico em Contabilidade pela Escola T\u00e9cnica Machado de Assis de Santa Rosa-RS. Desde meados de 1960 come\u00e7ou a atuar como comerciante, ocupa\u00e7\u00e3o que desenvolveu at\u00e9 seu falecimento. Teve grande participa\u00e7\u00e3o na vida comunit\u00e1ria de Tucunduva-RS. Dentre in\u00fameras a\u00e7\u00f5es destaca-se: foi membro-fundador do Rotary Club; membro-fundador do Centro de Tradi\u00e7\u00f5es Ga\u00fachas \u00a8Quer\u00eancia Xucra\u00a8; colaborador na cria\u00e7\u00e3o do Clube Comercial; colaborador da Sociedade Campestre \u00c1gua Viva; colaborador da ASISAT; presidente da FEICAP Internacional. Tamb\u00e9m desenvolveu atividades Pol\u00edtico-Partid\u00e1rias. Foi empossado, pelo Governador do Estado do Rio Grande do Sul, Prefeito Municipal, exercendo o mandato no per\u00edodo de 1979-1983. Na qualidade de Prefeito buscou, articulou, desenvolveu a\u00e7\u00f5es em prol do Interesse P\u00fablico, sempre valorizando a \u00e1rea da Educa\u00e7\u00e3o e Cultura do Munic\u00edpio. Destacando-se: constru\u00e7\u00f5es, reformas e amplia\u00e7\u00f5es de v\u00e1rias Unidades de Ensino;&nbsp; Cria\u00e7\u00e3o e constru\u00e7\u00e3o da APAE; Constru\u00e7\u00e3o e implanta\u00e7\u00e3o da Escola Municipal no Bairro S\u00e3o Jos\u00e9; Implanta\u00e7\u00e3o e instala\u00e7\u00e3o da Biblioteca P\u00fablica Municipal&nbsp; \u00a8Olavo Bilac\u00a8; Lan\u00e7amento da Primeira Feira Municipal do Livro; Lan\u00e7amento da pedra fundamental do \u00a8Museu Hist\u00f3rico Municipal de Tucunduva. \u00c9 patrono perp\u00e9tuo da cadeira n\u00ba 5 da Academia de Letras do Noroeste do Rio Grande do Sul \u2013 Alenrio.<\/p>\n","protected":false},"excerpt":{"rendered":"<p>Artur Fronza nasceu em 25 de outubro de 1946, em Bela Harmonia, Tucunduva-RS. Filho de Joaquim e Delvina Fronza. Formou-se T\u00e9cnico em Contabilidade pela Escola T\u00e9cnica Machado de Assis de Santa Rosa-RS. Desde meados de 1960 come\u00e7ou a atuar como comerciante, ocupa\u00e7\u00e3o que desenvolveu at\u00e9 seu falecimento. Teve grande participa\u00e7\u00e3o na vida comunit\u00e1ria de Tucunduva-RS. [&hellip;]<\/p>\n","protected":false},"author":1,"featured_media":0,"parent":360,"menu_order":0,"comment_status":"closed","ping_status":"closed","template":"","meta":{"_eb_attr":"","footnotes":""},"class_list":["post-425","page","type-page","status-publish","hentry"],"_links":{"self":[{"href":"https:\/\/alenrio.org.br\/site\/wp-json\/wp\/v2\/pages\/425","targetHints":{"allow":["GET"]}}],"collection":[{"href":"https:\/\/alenrio.org.br\/site\/wp-json\/wp\/v2\/pages"}],"about":[{"href":"https:\/\/alenrio.org.br\/site\/wp-json\/wp\/v2\/types\/page"}],"author":[{"embeddable":true,"href":"https:\/\/alenrio.org.br\/site\/wp-json\/wp\/v2\/users\/1"}],"replies":[{"embeddable":true,"href":"https:\/\/alenrio.org.br\/site\/wp-json\/wp\/v2\/comments?post=425"}],"version-history":[{"count":2,"href":"https:\/\/alenrio.org.br\/site\/wp-json\/wp\/v2\/pages\/425\/revisions"}],"predecessor-version":[{"id":502,"href":"https:\/\/alenrio.org.br\/site\/wp-json\/wp\/v2\/pages\/425\/revisions\/502"}],"up":[{"embeddable":true,"href":"https:\/\/alenrio.org.br\/site\/wp-json\/wp\/v2\/pages\/360"}],"wp:attachment":[{"href":"https:\/\/alenrio.org.br\/site\/wp-json\/wp\/v2\/media?parent=425"}],"curies":[{"name":"wp","href":"https:\/\/api.w.org\/{rel}","templated":true}]}}