{"id":427,"date":"2024-09-20T09:07:40","date_gmt":"2024-09-20T12:07:40","guid":{"rendered":"https:\/\/alenrio.org.br\/site\/?page_id=427"},"modified":"2024-09-20T12:06:00","modified_gmt":"2024-09-20T15:06:00","slug":"martin-grajewski","status":"publish","type":"page","link":"https:\/\/alenrio.org.br\/site\/patronos\/martin-grajewski\/","title":{"rendered":"Martin Grajewski"},"content":{"rendered":"<div class=\"wp-block-image\">\n<figure class=\"alignright size-full is-resized\"><img  title=\"\" loading=\"lazy\" decoding=\"async\" width=\"418\" height=\"557\" data-src=\"https:\/\/alenrio.org.br\/site\/wp-content\/uploads\/2024\/09\/02-MARTIN-COLOR.png\"  alt=\"02-MARTIN-COLOR Martin Grajewski\"  class=\"wp-image-375 lazyload\" style=\"--smush-placeholder-width: 418px; --smush-placeholder-aspect-ratio: 418\/557;width:200px\" data-srcset=\"https:\/\/alenrio.org.br\/site\/wp-content\/uploads\/2024\/09\/02-MARTIN-COLOR.png 418w, https:\/\/alenrio.org.br\/site\/wp-content\/uploads\/2024\/09\/02-MARTIN-COLOR-225x300.png 225w, https:\/\/alenrio.org.br\/site\/wp-content\/uploads\/2024\/09\/02-MARTIN-COLOR-45x60.png 45w\" data-sizes=\"auto, (max-width: 418px) 100vw, 418px\" src=\"data:image\/gif;base64,R0lGODlhAQABAAAAACH5BAEKAAEALAAAAAABAAEAAAICTAEAOw==\" \/><noscript><img  title=\"\" loading=\"lazy\" decoding=\"async\" width=\"418\" height=\"557\" src=\"https:\/\/alenrio.org.br\/site\/wp-content\/uploads\/2024\/09\/02-MARTIN-COLOR.png\"  alt=\"02-MARTIN-COLOR Martin Grajewski\"  class=\"wp-image-375\" style=\"width:200px\" srcset=\"https:\/\/alenrio.org.br\/site\/wp-content\/uploads\/2024\/09\/02-MARTIN-COLOR.png 418w, https:\/\/alenrio.org.br\/site\/wp-content\/uploads\/2024\/09\/02-MARTIN-COLOR-225x300.png 225w, https:\/\/alenrio.org.br\/site\/wp-content\/uploads\/2024\/09\/02-MARTIN-COLOR-45x60.png 45w\" sizes=\"auto, (max-width: 418px) 100vw, 418px\" \/><\/noscript><\/figure>\n<\/div>\n\n\n<p>Martin Grajewski nasceu na Pol\u00f4nia em 10 de outubro de 1889, filho de Friedrich e Regina Grajewski. Ap\u00f3s migrar para a Alemanha, casou-se com Elsa Hedwig Martha Teske.<\/p>\n\n\n\n<p>Ambos eram alfaiates e donos de uma pequena alfaiataria. Martin tamb\u00e9m era professor na escola b\u00edblica dominical da Igreja Batista, reconhecido por suas habilidades em lideran\u00e7a e ensino. Teve seis filhos com Elsa, dos quais quatro meninas sobreviveram: Cristel, Liselote, Wally e Erica. Dois meninos faleceram na inf\u00e2ncia.<\/p>\n\n\n\n<p>Durante a Primeira Guerra Mundial, Martin ficou afastado da fam\u00edlia por quatro anos. Temendo novas guerras, emigrou para o Brasil em 1926. Em Novo Machado, destacou-se como o mais qualificado para alfabetizar crian\u00e7as. A comunidade construiu uma pequena escola de madeira onde Martin, voluntariamente e sem remunera\u00e7\u00e3o, ensinava em alem\u00e3o, usando livros trazidos da Alemanha. Entre 1926 e 1931, alfabetizou filhos de imigrantes e descendentes sem assist\u00eancia governamental. J\u00e1 no Estado Novo, enterrou livros em alem\u00e3o para proteg\u00ea-los da destrui\u00e7\u00e3o. Em 1931, mudou-se para Col\u00f4nia Guarani e, posteriormente, para Iju\u00ed, onde continuou seu trabalho educacional. O esfor\u00e7o da comunidade de Novo Machado na cria\u00e7\u00e3o de uma escola mostra a prioridade dada \u00e0 educa\u00e7\u00e3o, mesmo em circunst\u00e2ncias adversas. Faleceu em Iju\u00ed-RS, em 20 de novembro de 1965.<\/p>\n","protected":false},"excerpt":{"rendered":"<p>Martin Grajewski nasceu na Pol\u00f4nia em 10 de outubro de 1889, filho de Friedrich e Regina Grajewski. Ap\u00f3s migrar para a Alemanha, casou-se com Elsa Hedwig Martha Teske. Ambos eram alfaiates e donos de uma pequena alfaiataria. Martin tamb\u00e9m era professor na escola b\u00edblica dominical da Igreja Batista, reconhecido por suas habilidades em lideran\u00e7a e [&hellip;]<\/p>\n","protected":false},"author":1,"featured_media":0,"parent":360,"menu_order":0,"comment_status":"closed","ping_status":"closed","template":"","meta":{"_eb_attr":"","footnotes":""},"class_list":["post-427","page","type-page","status-publish","hentry"],"_links":{"self":[{"href":"https:\/\/alenrio.org.br\/site\/wp-json\/wp\/v2\/pages\/427","targetHints":{"allow":["GET"]}}],"collection":[{"href":"https:\/\/alenrio.org.br\/site\/wp-json\/wp\/v2\/pages"}],"about":[{"href":"https:\/\/alenrio.org.br\/site\/wp-json\/wp\/v2\/types\/page"}],"author":[{"embeddable":true,"href":"https:\/\/alenrio.org.br\/site\/wp-json\/wp\/v2\/users\/1"}],"replies":[{"embeddable":true,"href":"https:\/\/alenrio.org.br\/site\/wp-json\/wp\/v2\/comments?post=427"}],"version-history":[{"count":2,"href":"https:\/\/alenrio.org.br\/site\/wp-json\/wp\/v2\/pages\/427\/revisions"}],"predecessor-version":[{"id":500,"href":"https:\/\/alenrio.org.br\/site\/wp-json\/wp\/v2\/pages\/427\/revisions\/500"}],"up":[{"embeddable":true,"href":"https:\/\/alenrio.org.br\/site\/wp-json\/wp\/v2\/pages\/360"}],"wp:attachment":[{"href":"https:\/\/alenrio.org.br\/site\/wp-json\/wp\/v2\/media?parent=427"}],"curies":[{"name":"wp","href":"https:\/\/api.w.org\/{rel}","templated":true}]}}