{"id":429,"date":"2024-09-20T09:08:21","date_gmt":"2024-09-20T12:08:21","guid":{"rendered":"https:\/\/alenrio.org.br\/site\/?page_id=429"},"modified":"2024-09-20T12:06:18","modified_gmt":"2024-09-20T15:06:18","slug":"luiz-forigo","status":"publish","type":"page","link":"https:\/\/alenrio.org.br\/site\/patronos\/luiz-forigo\/","title":{"rendered":"Luiz Forigo"},"content":{"rendered":"<div class=\"wp-block-image\">\n<figure class=\"alignright size-large is-resized\"><img  title=\"\" loading=\"lazy\" decoding=\"async\" width=\"768\" height=\"1024\" data-src=\"https:\/\/alenrio.org.br\/site\/wp-content\/uploads\/2024\/09\/03-FORIGO-768x1024.jpg\"  alt=\"03-FORIGO-768x1024 Luiz Forigo\"  class=\"wp-image-377 lazyload\" style=\"--smush-placeholder-width: 768px; --smush-placeholder-aspect-ratio: 768\/1024;width:200px\" data-srcset=\"https:\/\/alenrio.org.br\/site\/wp-content\/uploads\/2024\/09\/03-FORIGO-768x1024.jpg 768w, https:\/\/alenrio.org.br\/site\/wp-content\/uploads\/2024\/09\/03-FORIGO-225x300.jpg 225w, https:\/\/alenrio.org.br\/site\/wp-content\/uploads\/2024\/09\/03-FORIGO-45x60.jpg 45w, https:\/\/alenrio.org.br\/site\/wp-content\/uploads\/2024\/09\/03-FORIGO.jpg 1031w\" data-sizes=\"auto, (max-width: 768px) 100vw, 768px\" src=\"data:image\/gif;base64,R0lGODlhAQABAAAAACH5BAEKAAEALAAAAAABAAEAAAICTAEAOw==\" \/><noscript><img  title=\"\" loading=\"lazy\" decoding=\"async\" width=\"768\" height=\"1024\" src=\"https:\/\/alenrio.org.br\/site\/wp-content\/uploads\/2024\/09\/03-FORIGO-768x1024.jpg\"  alt=\"03-FORIGO-768x1024 Luiz Forigo\"  class=\"wp-image-377\" style=\"width:200px\" srcset=\"https:\/\/alenrio.org.br\/site\/wp-content\/uploads\/2024\/09\/03-FORIGO-768x1024.jpg 768w, https:\/\/alenrio.org.br\/site\/wp-content\/uploads\/2024\/09\/03-FORIGO-225x300.jpg 225w, https:\/\/alenrio.org.br\/site\/wp-content\/uploads\/2024\/09\/03-FORIGO-45x60.jpg 45w, https:\/\/alenrio.org.br\/site\/wp-content\/uploads\/2024\/09\/03-FORIGO.jpg 1031w\" sizes=\"auto, (max-width: 768px) 100vw, 768px\" \/><\/noscript><\/figure>\n<\/div>\n\n\n<p>Luiz Forigo foi agricultor, telepata e curandeiro reconhecido e atuante em toda a regi\u00e3o da Fronteira Noroeste, nasceu no ano de 1932, em Veran\u00f3polis-RS e faleceu com 84 anos em Santa Rosa-RS.<\/p>\n\n\n\n<p>Descendente de imigrantes italianos naturais da Prov\u00edncia de Verona, It\u00e1lia. Formou-se em Parapsicologia no Instituto Mens Sana de S\u00e3o Paulo. Seu interesse em homeopatia iniciou-se com o estudo da obra \u201cGuia dom\u00e9stico homeop\u00e1tico\u201d que abordava os medicamentos de homeopatia e rem\u00e9dios naturais. Atendeu seu primeiro paciente em 1968 tornando-se refer\u00eancia para o tratamento de doen\u00e7as e para aconselhamento, quase que diariamente. Deixou registrada todas as atividades pessoais e profissionais em di\u00e1rios ao longo de quase cinquenta anos.<\/p>\n","protected":false},"excerpt":{"rendered":"<p>Luiz Forigo foi agricultor, telepata e curandeiro reconhecido e atuante em toda a regi\u00e3o da Fronteira Noroeste, nasceu no ano de 1932, em Veran\u00f3polis-RS e faleceu com 84 anos em Santa Rosa-RS. Descendente de imigrantes italianos naturais da Prov\u00edncia de Verona, It\u00e1lia. Formou-se em Parapsicologia no Instituto Mens Sana de S\u00e3o Paulo. Seu interesse em [&hellip;]<\/p>\n","protected":false},"author":1,"featured_media":0,"parent":360,"menu_order":0,"comment_status":"closed","ping_status":"closed","template":"","meta":{"_eb_attr":"","footnotes":""},"class_list":["post-429","page","type-page","status-publish","hentry"],"_links":{"self":[{"href":"https:\/\/alenrio.org.br\/site\/wp-json\/wp\/v2\/pages\/429","targetHints":{"allow":["GET"]}}],"collection":[{"href":"https:\/\/alenrio.org.br\/site\/wp-json\/wp\/v2\/pages"}],"about":[{"href":"https:\/\/alenrio.org.br\/site\/wp-json\/wp\/v2\/types\/page"}],"author":[{"embeddable":true,"href":"https:\/\/alenrio.org.br\/site\/wp-json\/wp\/v2\/users\/1"}],"replies":[{"embeddable":true,"href":"https:\/\/alenrio.org.br\/site\/wp-json\/wp\/v2\/comments?post=429"}],"version-history":[{"count":2,"href":"https:\/\/alenrio.org.br\/site\/wp-json\/wp\/v2\/pages\/429\/revisions"}],"predecessor-version":[{"id":501,"href":"https:\/\/alenrio.org.br\/site\/wp-json\/wp\/v2\/pages\/429\/revisions\/501"}],"up":[{"embeddable":true,"href":"https:\/\/alenrio.org.br\/site\/wp-json\/wp\/v2\/pages\/360"}],"wp:attachment":[{"href":"https:\/\/alenrio.org.br\/site\/wp-json\/wp\/v2\/media?parent=429"}],"curies":[{"name":"wp","href":"https:\/\/api.w.org\/{rel}","templated":true}]}}