{"id":431,"date":"2024-09-20T09:08:59","date_gmt":"2024-09-20T12:08:59","guid":{"rendered":"https:\/\/alenrio.org.br\/site\/?page_id=431"},"modified":"2024-09-20T14:09:37","modified_gmt":"2024-09-20T17:09:37","slug":"gustavo-priebe","status":"publish","type":"page","link":"https:\/\/alenrio.org.br\/site\/patronos\/gustavo-priebe\/","title":{"rendered":"Gustavo Priebe"},"content":{"rendered":"<div class=\"wp-block-image\">\n<figure class=\"alignright size-full is-resized\"><img  title=\"\" loading=\"lazy\" decoding=\"async\" width=\"312\" height=\"416\" data-src=\"https:\/\/alenrio.org.br\/site\/wp-content\/uploads\/2024\/09\/01-GUSTAVO-PRIEBE.jpg\"  alt=\"01-GUSTAVO-PRIEBE Gustavo Priebe\"  class=\"wp-image-361 lazyload\" style=\"--smush-placeholder-width: 312px; --smush-placeholder-aspect-ratio: 312\/416;width:200px\" data-srcset=\"https:\/\/alenrio.org.br\/site\/wp-content\/uploads\/2024\/09\/01-GUSTAVO-PRIEBE.jpg 312w, https:\/\/alenrio.org.br\/site\/wp-content\/uploads\/2024\/09\/01-GUSTAVO-PRIEBE-225x300.jpg 225w, https:\/\/alenrio.org.br\/site\/wp-content\/uploads\/2024\/09\/01-GUSTAVO-PRIEBE-45x60.jpg 45w\" data-sizes=\"auto, (max-width: 312px) 100vw, 312px\" src=\"data:image\/gif;base64,R0lGODlhAQABAAAAACH5BAEKAAEALAAAAAABAAEAAAICTAEAOw==\" \/><noscript><img  title=\"\" loading=\"lazy\" decoding=\"async\" width=\"312\" height=\"416\" src=\"https:\/\/alenrio.org.br\/site\/wp-content\/uploads\/2024\/09\/01-GUSTAVO-PRIEBE.jpg\"  alt=\"01-GUSTAVO-PRIEBE Gustavo Priebe\"  class=\"wp-image-361\" style=\"width:200px\" srcset=\"https:\/\/alenrio.org.br\/site\/wp-content\/uploads\/2024\/09\/01-GUSTAVO-PRIEBE.jpg 312w, https:\/\/alenrio.org.br\/site\/wp-content\/uploads\/2024\/09\/01-GUSTAVO-PRIEBE-225x300.jpg 225w, https:\/\/alenrio.org.br\/site\/wp-content\/uploads\/2024\/09\/01-GUSTAVO-PRIEBE-45x60.jpg 45w\" sizes=\"auto, (max-width: 312px) 100vw, 312px\" \/><\/noscript><\/figure>\n<\/div>\n\n\n<p><strong>Gustavo Priebe <\/strong>nasceu em 6 de junho de 1905, na regi\u00e3o da Vol\u00ednia, ent\u00e3o parte do Imp\u00e9rio Russo, e faleceu em 23 de junho de 1986. Filho de Gustav Priebe Se\u00f1ior e Juliane Priebe, imigrou ainda crian\u00e7a para o Brasil com sua fam\u00edlia. Formou-se no Semin\u00e1rio Conc\u00f3rdia, em Porto Alegre, onde se preparou para a vida religiosa e educacional. Casou-se com Irma Matilde Pospichil, com quem teve quatro filhos.<\/p>\n\n\n\n<p>Dedicou sua vida ao ensino e ao minist\u00e9rio pastoral nas Comunidades Evang\u00e9licas Luteranas do Rio Grande do Sul. Trabalhou como professor em diversas escolas confessionais e foi pastor em v\u00e1rias regi\u00f5es, incluindo Novo Machado, onde chegou nos primeiros anos da coloniza\u00e7\u00e3o. L\u00e1, contribuiu ativamente para a educa\u00e7\u00e3o das crian\u00e7as e para a vida espiritual da comunidade. Atuou como pastor na Igreja Evang\u00e9lica Luterana e como professor na Escola Confessional Evang\u00e9lica Luterana Trindade de Linha Machado. Tamb\u00e9m atendia comunidades da regi\u00e3o e da Argentina.<\/p>\n\n\n\n<p>Gustavo Priebe dominava alem\u00e3o, ingl\u00eas e portugu\u00eas, e possu\u00eda uma vasta cole\u00e7\u00e3o de m\u00fasica erudita e livros estrangeiros. Durante a proibi\u00e7\u00e3o das l\u00ednguas dos imigrantes, na d\u00e9cada de 1940, enterrou livros em l\u00edngua estrangeira para proteg\u00ea-los da destrui\u00e7\u00e3o pelo governo. Al\u00e9m de suas atividades religiosas e educacionais, passou a trabalhar na agricultura a partir de 1938, mantendo seu interesse pela preserva\u00e7\u00e3o da mem\u00f3ria cultural e hist\u00f3rica dos imigrantes.<\/p>\n\n\n\n<h5 class=\"wp-block-heading\">Gustavo Priebe \u00e9 patrono perp\u00e9tuo da cadeira n\u00ba 1 da Academia de Letras do Noroeste do Rio Grande do Sul.<\/h5>\n","protected":false},"excerpt":{"rendered":"<p>Gustavo Priebe nasceu em 6 de junho de 1905, na regi\u00e3o da Vol\u00ednia, ent\u00e3o parte do Imp\u00e9rio Russo, e faleceu em 23 de junho de 1986. Filho de Gustav Priebe Se\u00f1ior e Juliane Priebe, imigrou ainda crian\u00e7a para o Brasil com sua fam\u00edlia. Formou-se no Semin\u00e1rio Conc\u00f3rdia, em Porto Alegre, onde se preparou para a [&hellip;]<\/p>\n","protected":false},"author":1,"featured_media":0,"parent":360,"menu_order":0,"comment_status":"closed","ping_status":"closed","template":"","meta":{"_eb_attr":"","footnotes":""},"class_list":["post-431","page","type-page","status-publish","hentry"],"_links":{"self":[{"href":"https:\/\/alenrio.org.br\/site\/wp-json\/wp\/v2\/pages\/431","targetHints":{"allow":["GET"]}}],"collection":[{"href":"https:\/\/alenrio.org.br\/site\/wp-json\/wp\/v2\/pages"}],"about":[{"href":"https:\/\/alenrio.org.br\/site\/wp-json\/wp\/v2\/types\/page"}],"author":[{"embeddable":true,"href":"https:\/\/alenrio.org.br\/site\/wp-json\/wp\/v2\/users\/1"}],"replies":[{"embeddable":true,"href":"https:\/\/alenrio.org.br\/site\/wp-json\/wp\/v2\/comments?post=431"}],"version-history":[{"count":3,"href":"https:\/\/alenrio.org.br\/site\/wp-json\/wp\/v2\/pages\/431\/revisions"}],"predecessor-version":[{"id":536,"href":"https:\/\/alenrio.org.br\/site\/wp-json\/wp\/v2\/pages\/431\/revisions\/536"}],"up":[{"embeddable":true,"href":"https:\/\/alenrio.org.br\/site\/wp-json\/wp\/v2\/pages\/360"}],"wp:attachment":[{"href":"https:\/\/alenrio.org.br\/site\/wp-json\/wp\/v2\/media?parent=431"}],"curies":[{"name":"wp","href":"https:\/\/api.w.org\/{rel}","templated":true}]}}