{"id":433,"date":"2024-09-20T09:10:17","date_gmt":"2024-09-20T12:10:17","guid":{"rendered":"https:\/\/alenrio.org.br\/site\/?page_id=433"},"modified":"2024-09-22T16:47:33","modified_gmt":"2024-09-22T19:47:33","slug":"rejane-beatriz-fiepke-carpenedo","status":"publish","type":"page","link":"https:\/\/alenrio.org.br\/site\/rejane-beatriz-fiepke-carpenedo\/","title":{"rendered":"Rejane Beatriz Fiepke Carpenedo"},"content":{"rendered":"<div class=\"wp-block-image\">\n<figure class=\"alignright is-resized\"><img  title=\"\" loading=\"lazy\" decoding=\"async\" width=\"300\" height=\"400\" data-src=\"https:\/\/alenrio.org.br\/site\/wp-content\/uploads\/2024\/09\/01-REJANE_quadro2.jpg\"  alt=\"01-REJANE_quadro2 Rejane Beatriz Fiepke Carpenedo\"  class=\"wp-image-309 lazyload\" style=\"--smush-placeholder-width: 300px; --smush-placeholder-aspect-ratio: 300\/400;width:200px\" data-srcset=\"https:\/\/alenrio.org.br\/site\/wp-content\/uploads\/2024\/09\/01-REJANE_quadro2.jpg 300w, https:\/\/alenrio.org.br\/site\/wp-content\/uploads\/2024\/09\/01-REJANE_quadro2-225x300.jpg 225w, https:\/\/alenrio.org.br\/site\/wp-content\/uploads\/2024\/09\/01-REJANE_quadro2-45x60.jpg 45w\" data-sizes=\"auto, (max-width: 300px) 100vw, 300px\" src=\"data:image\/gif;base64,R0lGODlhAQABAAAAACH5BAEKAAEALAAAAAABAAEAAAICTAEAOw==\" \/><noscript><img  title=\"\" loading=\"lazy\" decoding=\"async\" width=\"300\" height=\"400\" src=\"https:\/\/alenrio.org.br\/site\/wp-content\/uploads\/2024\/09\/01-REJANE_quadro2.jpg\"  alt=\"01-REJANE_quadro2 Rejane Beatriz Fiepke Carpenedo\"  class=\"wp-image-309\" style=\"width:200px\" srcset=\"https:\/\/alenrio.org.br\/site\/wp-content\/uploads\/2024\/09\/01-REJANE_quadro2.jpg 300w, https:\/\/alenrio.org.br\/site\/wp-content\/uploads\/2024\/09\/01-REJANE_quadro2-225x300.jpg 225w, https:\/\/alenrio.org.br\/site\/wp-content\/uploads\/2024\/09\/01-REJANE_quadro2-45x60.jpg 45w\" sizes=\"auto, (max-width: 300px) 100vw, 300px\" \/><\/noscript><\/figure>\n<\/div>\n\n\n<p>Rejane nasceu em 21 de janeiro de 1995, em Novo Machado-RS. \u00c9 filha de Nilse Fiepke e Rubin Airton Fiepke, e casada com Maichel Carpenedo.<\/p>\n\n\n\n<p>Cursou o Ensino Fundamental e M\u00e9dio na Escola Estadual de Ensino M\u00e9dio Professor Ant\u00f4nio Barella, em Novo Machado.\u00a0 \u00c9 graduada em Jornalismo, Mestre e Doutora em Letras pela Universidade Federal de Santa Maria. No \u00e2mbito acad\u00eamico apresentou in\u00fameros trabalhos em eventos espec\u00edficos da \u00e1rea da Comunica\u00e7\u00e3o e das Letras, publicou artigos em revistas cient\u00edficas, cap\u00edtulos de livros, trabalhou na organiza\u00e7\u00e3o de eventos e realizou cursos de forma\u00e7\u00e3o complementar. Desde 2014 pesquisa os temas de: L\u00ednguas de imigra\u00e7\u00e3o no noroeste do Rio Grande do Sul, pol\u00edtica lingu\u00edstica, mem\u00f3ria e hist\u00f3ria. No que tange \u00e0 literatura, \u00e9 autora das obras po\u00e9ticas: \u201cFolhagens da Vida\u201d, \u201cHoras de Sil\u00eancio\u201d, e \u201cA Fuga dos Sentidos\u201d. Recentemente teve a cr\u00f4nica \u201cInvers\u00e3o do Curso do Tempo\u201d publicada na colet\u00e2nea \u201cHist\u00f3rias do Isolamento\u201d, bem como, textos publicados em jornais. <\/p>\n\n\n\n<h6 class=\"wp-block-heading\">Cadeira n\u00ba 01 ::\u00a0<a href=\"https:\/\/alenrio.org.br\/site\/patronos\/gustavo-priebe\/\">Gustavo Priebe<\/a><\/h6>\n\n\n\n<p><\/p>\n","protected":false},"excerpt":{"rendered":"<p>Rejane nasceu em 21 de janeiro de 1995, em Novo Machado-RS. \u00c9 filha de Nilse Fiepke e Rubin Airton Fiepke, e casada com Maichel Carpenedo. Cursou o Ensino Fundamental e M\u00e9dio na Escola Estadual de Ensino M\u00e9dio Professor Ant\u00f4nio Barella, em Novo Machado.\u00a0 \u00c9 graduada em Jornalismo, Mestre e Doutora em Letras pela Universidade Federal [&hellip;]<\/p>\n","protected":false},"author":1,"featured_media":0,"parent":0,"menu_order":0,"comment_status":"closed","ping_status":"closed","template":"","meta":{"_eb_attr":"","footnotes":""},"class_list":["post-433","page","type-page","status-publish","hentry"],"_links":{"self":[{"href":"https:\/\/alenrio.org.br\/site\/wp-json\/wp\/v2\/pages\/433","targetHints":{"allow":["GET"]}}],"collection":[{"href":"https:\/\/alenrio.org.br\/site\/wp-json\/wp\/v2\/pages"}],"about":[{"href":"https:\/\/alenrio.org.br\/site\/wp-json\/wp\/v2\/types\/page"}],"author":[{"embeddable":true,"href":"https:\/\/alenrio.org.br\/site\/wp-json\/wp\/v2\/users\/1"}],"replies":[{"embeddable":true,"href":"https:\/\/alenrio.org.br\/site\/wp-json\/wp\/v2\/comments?post=433"}],"version-history":[{"count":9,"href":"https:\/\/alenrio.org.br\/site\/wp-json\/wp\/v2\/pages\/433\/revisions"}],"predecessor-version":[{"id":576,"href":"https:\/\/alenrio.org.br\/site\/wp-json\/wp\/v2\/pages\/433\/revisions\/576"}],"wp:attachment":[{"href":"https:\/\/alenrio.org.br\/site\/wp-json\/wp\/v2\/media?parent=433"}],"curies":[{"name":"wp","href":"https:\/\/api.w.org\/{rel}","templated":true}]}}