{"id":435,"date":"2024-09-20T09:11:07","date_gmt":"2024-09-20T12:11:07","guid":{"rendered":"https:\/\/alenrio.org.br\/site\/?page_id=435"},"modified":"2024-11-12T16:51:12","modified_gmt":"2024-11-12T19:51:12","slug":"jorge-alexio-da-luz","status":"publish","type":"page","link":"https:\/\/alenrio.org.br\/site\/imortais\/jorge-alexio-da-luz\/","title":{"rendered":"Jorge da Luz"},"content":{"rendered":"<div class=\"wp-block-image\">\n<figure class=\"alignright size-large is-resized\"><img  title=\"\" loading=\"lazy\" decoding=\"async\" width=\"819\" height=\"1024\" data-src=\"https:\/\/alenrio.org.br\/site\/wp-content\/uploads\/2024\/11\/12-JORGE-2024-819x1024.jpg\"  alt=\"12-JORGE-2024-819x1024 Jorge da Luz\"  class=\"wp-image-947 lazyload\" style=\"--smush-placeholder-width: 819px; --smush-placeholder-aspect-ratio: 819\/1024;width:300px\" data-srcset=\"https:\/\/alenrio.org.br\/site\/wp-content\/uploads\/2024\/11\/12-JORGE-2024-819x1024.jpg 819w, https:\/\/alenrio.org.br\/site\/wp-content\/uploads\/2024\/11\/12-JORGE-2024-240x300.jpg 240w, https:\/\/alenrio.org.br\/site\/wp-content\/uploads\/2024\/11\/12-JORGE-2024-768x960.jpg 768w, https:\/\/alenrio.org.br\/site\/wp-content\/uploads\/2024\/11\/12-JORGE-2024.jpg 1161w\" data-sizes=\"auto, (max-width: 819px) 100vw, 819px\" src=\"data:image\/gif;base64,R0lGODlhAQABAAAAACH5BAEKAAEALAAAAAABAAEAAAICTAEAOw==\" \/><noscript><img  title=\"\" loading=\"lazy\" decoding=\"async\" width=\"819\" height=\"1024\" src=\"https:\/\/alenrio.org.br\/site\/wp-content\/uploads\/2024\/11\/12-JORGE-2024-819x1024.jpg\"  alt=\"12-JORGE-2024-819x1024 Jorge da Luz\"  class=\"wp-image-947\" style=\"width:300px\" srcset=\"https:\/\/alenrio.org.br\/site\/wp-content\/uploads\/2024\/11\/12-JORGE-2024-819x1024.jpg 819w, https:\/\/alenrio.org.br\/site\/wp-content\/uploads\/2024\/11\/12-JORGE-2024-240x300.jpg 240w, https:\/\/alenrio.org.br\/site\/wp-content\/uploads\/2024\/11\/12-JORGE-2024-768x960.jpg 768w, https:\/\/alenrio.org.br\/site\/wp-content\/uploads\/2024\/11\/12-JORGE-2024.jpg 1161w\" sizes=\"auto, (max-width: 819px) 100vw, 819px\" \/><\/noscript><\/figure>\n<\/div>\n\n\n<p><strong>JORGE DA LUZ <\/strong>nasceu em 13 de julho de 1968, em Tr\u00eas de Maio-RS, filho de Jari Alberto da Luz e de In\u00eas Luiza Ba\u00fa da Luz. Pelo lado materno descende de imigrantes Italianos oriundos das regi\u00f5es de Trento e de V\u00eaneto, Norte da It\u00e1lia. Carrega uma importante miscigena\u00e7\u00e3o herdada das ascend\u00eancias do seu pai, entre elas: ind\u00edgena, portuguesa, espanhola, africana e alem\u00e3.\u00a0P\u00f3s-graduado em Gest\u00e3o Estrat\u00e9gica de vendas e representa\u00e7\u00f5es comerciais. Escritor de poesia desde a adolesc\u00eancia. Foi membro da casa do poeta Rio-Grandense e frequentou assiduamente os saraus po\u00e9ticos dos anos 1990 em Porto Alegre. Com o advento das redes sociais as suas publica\u00e7\u00f5es ganharam propor\u00e7\u00e3o e passaram a ser distribu\u00eddas pela rede aos mais diversos leitores e amantes da poesia que lhe atribu\u00edram o codinome de \u201cPoeta Feiticeiro\u201d. Com esse impulso, lan\u00e7ou em 2019, seu primeiro livro de poesias, que foi muito bem recebido nos quatro cantos do nosso pa\u00eds, e, no ano de 2021, lan\u00e7ou o segundo t\u00edtulo de poesias. Em 2022 lan\u00e7ou sua terceira obra e concluiu a sua trilogia po\u00e9tica. Nesse mesmo ano, de 2022, o escritor tomou posse na Academia de Letras do Noroeste do Rio Grande do Sul &#8211; Alenrio, onde ocupa a cadeira de N\u00b012, que tem como patrono o professor Armin Nied. Jorge da Luz, escreve de forma pr\u00f3pria e tem predile\u00e7\u00e3o pelo estilo contempor\u00e2neo, por vezes \u00e9 cr\u00edtico, mesmo assim se denomina uma pessoa rom\u00e2ntica e apaixonada. Tamb\u00e9m se considera uma pessoa ativista da express\u00e3o liter\u00e1ria. Em 2024, o autor Jorge da Luz, lan\u00e7ou a sua quarta obra liter\u00e1ria e o seu primeiro romance em evento que contou com a participa\u00e7\u00e3o da Alenrio. Produ\u00e7\u00e3o liter\u00e1ria: Nuvens de TRELEEM. S\u00e3o Miguel do Oeste: Editora Mais Que Palavras, 2019. SENTIDOS, S\u00e3o Miguel do Oeste: Editora Mais Que Palavras, 2021. A fuga da rosa, S\u00e3o Miguel do Oeste: Editora Mais Que Palavras, 2022. E, ENTRE O SIL\u00caNCIO E OS DESENCONTROS, Santo Augusto: Editora Panaro, 2024.<\/p>\n\n\n\n<h6 class=\"wp-block-heading\">Cadeira n\u00ba 12 :: Patrono: <a href=\"https:\/\/alenrio.org.br\/site\/patronos\/armin-nied\/\" data-type=\"page\" data-id=\"530\">Armin Nied<\/a><\/h6>\n","protected":false},"excerpt":{"rendered":"<p>JORGE DA LUZ nasceu em 13 de julho de 1968, em Tr\u00eas de Maio-RS, filho de Jari Alberto da Luz e de In\u00eas Luiza Ba\u00fa da Luz. Pelo lado materno descende de imigrantes Italianos oriundos das regi\u00f5es de Trento e de V\u00eaneto, Norte da It\u00e1lia. Carrega uma importante miscigena\u00e7\u00e3o herdada das ascend\u00eancias do seu pai, [&hellip;]<\/p>\n","protected":false},"author":1,"featured_media":0,"parent":45,"menu_order":0,"comment_status":"closed","ping_status":"closed","template":"","meta":{"_eb_attr":"","footnotes":""},"class_list":["post-435","page","type-page","status-publish","hentry"],"_links":{"self":[{"href":"https:\/\/alenrio.org.br\/site\/wp-json\/wp\/v2\/pages\/435","targetHints":{"allow":["GET"]}}],"collection":[{"href":"https:\/\/alenrio.org.br\/site\/wp-json\/wp\/v2\/pages"}],"about":[{"href":"https:\/\/alenrio.org.br\/site\/wp-json\/wp\/v2\/types\/page"}],"author":[{"embeddable":true,"href":"https:\/\/alenrio.org.br\/site\/wp-json\/wp\/v2\/users\/1"}],"replies":[{"embeddable":true,"href":"https:\/\/alenrio.org.br\/site\/wp-json\/wp\/v2\/comments?post=435"}],"version-history":[{"count":4,"href":"https:\/\/alenrio.org.br\/site\/wp-json\/wp\/v2\/pages\/435\/revisions"}],"predecessor-version":[{"id":948,"href":"https:\/\/alenrio.org.br\/site\/wp-json\/wp\/v2\/pages\/435\/revisions\/948"}],"up":[{"embeddable":true,"href":"https:\/\/alenrio.org.br\/site\/wp-json\/wp\/v2\/pages\/45"}],"wp:attachment":[{"href":"https:\/\/alenrio.org.br\/site\/wp-json\/wp\/v2\/media?parent=435"}],"curies":[{"name":"wp","href":"https:\/\/api.w.org\/{rel}","templated":true}]}}