{"id":437,"date":"2024-09-20T09:11:43","date_gmt":"2024-09-20T12:11:43","guid":{"rendered":"https:\/\/alenrio.org.br\/site\/?page_id=437"},"modified":"2024-09-20T16:53:00","modified_gmt":"2024-09-20T19:53:00","slug":"tanize-tomasi","status":"publish","type":"page","link":"https:\/\/alenrio.org.br\/site\/imortais\/tanize-tomasi\/","title":{"rendered":"Tanize Tomasi"},"content":{"rendered":"<div class=\"wp-block-image\">\n<figure class=\"alignright size-full is-resized\"><img  title=\"\" loading=\"lazy\" decoding=\"async\" width=\"300\" height=\"400\" data-src=\"https:\/\/alenrio.org.br\/site\/wp-content\/uploads\/2024\/09\/03-TANIZE_quadro2.jpg\"  alt=\"03-TANIZE_quadro2 Tanize Tomasi\"  class=\"wp-image-311 lazyload\" style=\"--smush-placeholder-width: 300px; --smush-placeholder-aspect-ratio: 300\/400;width:200px\" data-srcset=\"https:\/\/alenrio.org.br\/site\/wp-content\/uploads\/2024\/09\/03-TANIZE_quadro2.jpg 300w, https:\/\/alenrio.org.br\/site\/wp-content\/uploads\/2024\/09\/03-TANIZE_quadro2-225x300.jpg 225w, https:\/\/alenrio.org.br\/site\/wp-content\/uploads\/2024\/09\/03-TANIZE_quadro2-45x60.jpg 45w\" data-sizes=\"auto, (max-width: 300px) 100vw, 300px\" src=\"data:image\/gif;base64,R0lGODlhAQABAAAAACH5BAEKAAEALAAAAAABAAEAAAICTAEAOw==\" \/><noscript><img  title=\"\" loading=\"lazy\" decoding=\"async\" width=\"300\" height=\"400\" src=\"https:\/\/alenrio.org.br\/site\/wp-content\/uploads\/2024\/09\/03-TANIZE_quadro2.jpg\"  alt=\"03-TANIZE_quadro2 Tanize Tomasi\"  class=\"wp-image-311\" style=\"width:200px\" srcset=\"https:\/\/alenrio.org.br\/site\/wp-content\/uploads\/2024\/09\/03-TANIZE_quadro2.jpg 300w, https:\/\/alenrio.org.br\/site\/wp-content\/uploads\/2024\/09\/03-TANIZE_quadro2-225x300.jpg 225w, https:\/\/alenrio.org.br\/site\/wp-content\/uploads\/2024\/09\/03-TANIZE_quadro2-45x60.jpg 45w\" sizes=\"auto, (max-width: 300px) 100vw, 300px\" \/><\/noscript><\/figure>\n<\/div>\n\n\n<p><strong>Tanize Tomasi<\/strong> nasceu em 1\u00ba de setembro de 1987, em Tucunduva, fronteira noroeste do Rio Grande do Sul, cuja ascend\u00eancia remete a Matteo Tomasi, radicado em Tirol, na \u00c1ustria e aos imigrantes italianos da Col\u00f4nia Santa Isabel.<\/p>\n\n\n\n<p>\u00c9 Doutora em Geografia pela Universidade Federal do Paran\u00e1. Realizou est\u00e1gio de p\u00f3s-doutorado na Universidade Estadual de Ponta Grossa-Paran\u00e1. Atuou como docente na educa\u00e7\u00e3o b\u00e1sica e no ensino superior. Da sua produ\u00e7\u00e3o acad\u00eamica, ressaltam-se as obras \u201cGeograficidades quilombolas\u201d, \u201cSaberes-fazeres das comunidades tradicionais do Paran\u00e1\u201d, \u201cEtnoconhecimentos, Saberes e Pr\u00e1ticas das Comunidades Tradicionais\u201d, \u201cGenealogia das Comunidades Quilombolas do Paran\u00e1\u201d e \u201cRelat\u00f3rio Antropol\u00f3gico do Quilombo S\u00e3o Jo\u00e3o\u201d. \u00c9 avaliadora da Revista Presen\u00e7a Geogr\u00e1fica. Destacam-se em sua produ\u00e7\u00e3o liter\u00e1ria as obras po\u00e9ticas \u201cDuas casas para decorar\u201d, \u201cVivas Poesias\u201d e \u201c(A)proximidades: pontes po\u00e9ticas do norte ao sul\u201d, e o romance \u201cAbotoaduras de Balbina\u201d. Prefaciou as obras \u201cPoesias (Des)conexas\u201d, \u201cFragmentos\u201d e \u201cOs saqueadores de Tucunduva\u201d. Atualmente exerce a fun\u00e7\u00e3o de editora chefe na Editora Panaro, cuja miss\u00e3o \u00e9 a produ\u00e7\u00e3o de obras did\u00e1ticas, acad\u00eamicas, cient\u00edficas e liter\u00e1rias. \u00c9 membro fundadora da Cadeira n\u00ba 3 da Academia de Letras do Noroeste do Rio Grande do Sul.<\/p>\n\n\n\n<h6 class=\"wp-block-heading\">Cadeira n\u00ba 03 :: Patrono: <a href=\"https:\/\/alenrio.org.br\/site\/patronos\/luiz-forigo\/\" data-type=\"page\" data-id=\"429\">Luiz Forigo<\/a><\/h6>\n\n\n\n<p>\ud83d\udd6e <a href=\"https:\/\/alenrio.org.br\/site\/tanize-tomasi-discurso-de-posse\/\" data-type=\"page\" data-id=\"590\">Discurso de posse<\/a> | <a href=\"https:\/\/alenrio.org.br\/site\/imortais\/\" data-type=\"link\" data-id=\"https:\/\/alenrio.org.br\/site\/imortais\/\">voltar para a Galeria<\/a><\/p>\n\n\n\n<p><\/p>\n","protected":false},"excerpt":{"rendered":"<p>Tanize Tomasi nasceu em 1\u00ba de setembro de 1987, em Tucunduva, fronteira noroeste do Rio Grande do Sul, cuja ascend\u00eancia remete a Matteo Tomasi, radicado em Tirol, na \u00c1ustria e aos imigrantes italianos da Col\u00f4nia Santa Isabel. \u00c9 Doutora em Geografia pela Universidade Federal do Paran\u00e1. Realizou est\u00e1gio de p\u00f3s-doutorado na Universidade Estadual de Ponta [&hellip;]<\/p>\n","protected":false},"author":1,"featured_media":0,"parent":45,"menu_order":0,"comment_status":"closed","ping_status":"closed","template":"","meta":{"_eb_attr":"","footnotes":""},"class_list":["post-437","page","type-page","status-publish","hentry"],"_links":{"self":[{"href":"https:\/\/alenrio.org.br\/site\/wp-json\/wp\/v2\/pages\/437","targetHints":{"allow":["GET"]}}],"collection":[{"href":"https:\/\/alenrio.org.br\/site\/wp-json\/wp\/v2\/pages"}],"about":[{"href":"https:\/\/alenrio.org.br\/site\/wp-json\/wp\/v2\/types\/page"}],"author":[{"embeddable":true,"href":"https:\/\/alenrio.org.br\/site\/wp-json\/wp\/v2\/users\/1"}],"replies":[{"embeddable":true,"href":"https:\/\/alenrio.org.br\/site\/wp-json\/wp\/v2\/comments?post=437"}],"version-history":[{"count":13,"href":"https:\/\/alenrio.org.br\/site\/wp-json\/wp\/v2\/pages\/437\/revisions"}],"predecessor-version":[{"id":602,"href":"https:\/\/alenrio.org.br\/site\/wp-json\/wp\/v2\/pages\/437\/revisions\/602"}],"up":[{"embeddable":true,"href":"https:\/\/alenrio.org.br\/site\/wp-json\/wp\/v2\/pages\/45"}],"wp:attachment":[{"href":"https:\/\/alenrio.org.br\/site\/wp-json\/wp\/v2\/media?parent=437"}],"curies":[{"name":"wp","href":"https:\/\/api.w.org\/{rel}","templated":true}]}}