{"id":439,"date":"2024-09-20T09:12:28","date_gmt":"2024-09-20T12:12:28","guid":{"rendered":"https:\/\/alenrio.org.br\/site\/?page_id=439"},"modified":"2024-11-27T10:00:17","modified_gmt":"2024-11-27T13:00:17","slug":"joana-marli-langner","status":"publish","type":"page","link":"https:\/\/alenrio.org.br\/site\/imortais\/joana-marli-langner\/","title":{"rendered":"Joana Marli Langner"},"content":{"rendered":"<div class=\"wp-block-image\">\n<figure class=\"alignright size-full is-resized\"><img  title=\"\" loading=\"lazy\" decoding=\"async\" width=\"300\" height=\"400\" data-src=\"https:\/\/alenrio.org.br\/site\/wp-content\/uploads\/2024\/09\/11-JOANA_quadro2.jpg\"  alt=\"11-JOANA_quadro2 Joana Marli Langner\"  class=\"wp-image-319 lazyload\" style=\"--smush-placeholder-width: 300px; --smush-placeholder-aspect-ratio: 300\/400;width:200px\" data-srcset=\"https:\/\/alenrio.org.br\/site\/wp-content\/uploads\/2024\/09\/11-JOANA_quadro2.jpg 300w, https:\/\/alenrio.org.br\/site\/wp-content\/uploads\/2024\/09\/11-JOANA_quadro2-225x300.jpg 225w, https:\/\/alenrio.org.br\/site\/wp-content\/uploads\/2024\/09\/11-JOANA_quadro2-45x60.jpg 45w\" data-sizes=\"auto, (max-width: 300px) 100vw, 300px\" src=\"data:image\/gif;base64,R0lGODlhAQABAAAAACH5BAEKAAEALAAAAAABAAEAAAICTAEAOw==\" \/><noscript><img  title=\"\" loading=\"lazy\" decoding=\"async\" width=\"300\" height=\"400\" src=\"https:\/\/alenrio.org.br\/site\/wp-content\/uploads\/2024\/09\/11-JOANA_quadro2.jpg\"  alt=\"11-JOANA_quadro2 Joana Marli Langner\"  class=\"wp-image-319\" style=\"width:200px\" srcset=\"https:\/\/alenrio.org.br\/site\/wp-content\/uploads\/2024\/09\/11-JOANA_quadro2.jpg 300w, https:\/\/alenrio.org.br\/site\/wp-content\/uploads\/2024\/09\/11-JOANA_quadro2-225x300.jpg 225w, https:\/\/alenrio.org.br\/site\/wp-content\/uploads\/2024\/09\/11-JOANA_quadro2-45x60.jpg 45w\" sizes=\"auto, (max-width: 300px) 100vw, 300px\" \/><\/noscript><\/figure>\n<\/div>\n\n\n<p>Nasceu em 24 de junho de 1961, em Campo Novo, Rio Grande do Sul, na data de 24 de junho de 1961, filha de Cecilia Lopes Quintana.\u00a0Graduou-se em Pedagogia pela e Especialista em Inform\u00e1tica aplicada \u00e0 educa\u00e7\u00e3o com \u00eanfase a software livre pelo Instituto Federal Farroupilha. Trabalhou como Agente Educacional, na fun\u00e7\u00e3o de auxiliar administrativo de escola, na Escola Estadual de Ensino M\u00e9dio Senador Alberto Pasqualini \u2013 CIEP, de Santo Augusto-RS, no ano de 1993. Atua como volunt\u00e1ria do Programa Escola Aberta para Cidadania por uma Cultura de Paz do Estado do RS. Autora na plataforma\u00a0Recanto das Letras. Publicou as obras: Antologia Po\u00e9tica (2019); Dito e Feitos (2020) e Uma poesia para cada dia (2021). \u00c9 membro titular da cadeira n\u00ba 11 e segundo secret\u00e1ria da Academia de Letras do Noroeste do Rio Grande do Sul.\u00a0<\/p>\n\n\n\n<h6 class=\"wp-block-heading\">Cadeira n\u00ba 11 :: Patronesse: <a href=\"https:\/\/alenrio.org.br\/site\/patronos\/lorna-schneider\/\" data-type=\"page\" data-id=\"532\">Lorna Schneider<\/a><\/h6>\n","protected":false},"excerpt":{"rendered":"<p>Nasceu em 24 de junho de 1961, em Campo Novo, Rio Grande do Sul, na data de 24 de junho de 1961, filha de Cecilia Lopes Quintana.\u00a0Graduou-se em Pedagogia pela e Especialista em Inform\u00e1tica aplicada \u00e0 educa\u00e7\u00e3o com \u00eanfase a software livre pelo Instituto Federal Farroupilha. Trabalhou como Agente Educacional, na fun\u00e7\u00e3o de auxiliar administrativo [&hellip;]<\/p>\n","protected":false},"author":1,"featured_media":0,"parent":45,"menu_order":0,"comment_status":"closed","ping_status":"closed","template":"","meta":{"_eb_attr":"","footnotes":""},"class_list":["post-439","page","type-page","status-publish","hentry"],"_links":{"self":[{"href":"https:\/\/alenrio.org.br\/site\/wp-json\/wp\/v2\/pages\/439","targetHints":{"allow":["GET"]}}],"collection":[{"href":"https:\/\/alenrio.org.br\/site\/wp-json\/wp\/v2\/pages"}],"about":[{"href":"https:\/\/alenrio.org.br\/site\/wp-json\/wp\/v2\/types\/page"}],"author":[{"embeddable":true,"href":"https:\/\/alenrio.org.br\/site\/wp-json\/wp\/v2\/users\/1"}],"replies":[{"embeddable":true,"href":"https:\/\/alenrio.org.br\/site\/wp-json\/wp\/v2\/comments?post=439"}],"version-history":[{"count":3,"href":"https:\/\/alenrio.org.br\/site\/wp-json\/wp\/v2\/pages\/439\/revisions"}],"predecessor-version":[{"id":1014,"href":"https:\/\/alenrio.org.br\/site\/wp-json\/wp\/v2\/pages\/439\/revisions\/1014"}],"up":[{"embeddable":true,"href":"https:\/\/alenrio.org.br\/site\/wp-json\/wp\/v2\/pages\/45"}],"wp:attachment":[{"href":"https:\/\/alenrio.org.br\/site\/wp-json\/wp\/v2\/media?parent=439"}],"curies":[{"name":"wp","href":"https:\/\/api.w.org\/{rel}","templated":true}]}}