{"id":443,"date":"2024-09-20T09:13:38","date_gmt":"2024-09-20T12:13:38","guid":{"rendered":"https:\/\/alenrio.org.br\/site\/?page_id=443"},"modified":"2024-09-20T14:48:16","modified_gmt":"2024-09-20T17:48:16","slug":"danilo-fagundes","status":"publish","type":"page","link":"https:\/\/alenrio.org.br\/site\/imortais\/danilo-fagundes\/","title":{"rendered":"Danilo Fagundes"},"content":{"rendered":"<div class=\"wp-block-image\">\n<figure class=\"alignright size-full is-resized\"><img  title=\"\" loading=\"lazy\" decoding=\"async\" width=\"300\" height=\"400\" data-src=\"https:\/\/alenrio.org.br\/site\/wp-content\/uploads\/2024\/09\/08-DANILO_quadro2.jpg\"  alt=\"08-DANILO_quadro2 Danilo Fagundes\"  class=\"wp-image-316 lazyload\" style=\"--smush-placeholder-width: 300px; --smush-placeholder-aspect-ratio: 300\/400;width:200px\" data-srcset=\"https:\/\/alenrio.org.br\/site\/wp-content\/uploads\/2024\/09\/08-DANILO_quadro2.jpg 300w, https:\/\/alenrio.org.br\/site\/wp-content\/uploads\/2024\/09\/08-DANILO_quadro2-225x300.jpg 225w, https:\/\/alenrio.org.br\/site\/wp-content\/uploads\/2024\/09\/08-DANILO_quadro2-45x60.jpg 45w\" data-sizes=\"auto, (max-width: 300px) 100vw, 300px\" src=\"data:image\/gif;base64,R0lGODlhAQABAAAAACH5BAEKAAEALAAAAAABAAEAAAICTAEAOw==\" \/><noscript><img  title=\"\" loading=\"lazy\" decoding=\"async\" width=\"300\" height=\"400\" src=\"https:\/\/alenrio.org.br\/site\/wp-content\/uploads\/2024\/09\/08-DANILO_quadro2.jpg\"  alt=\"08-DANILO_quadro2 Danilo Fagundes\"  class=\"wp-image-316\" style=\"width:200px\" srcset=\"https:\/\/alenrio.org.br\/site\/wp-content\/uploads\/2024\/09\/08-DANILO_quadro2.jpg 300w, https:\/\/alenrio.org.br\/site\/wp-content\/uploads\/2024\/09\/08-DANILO_quadro2-225x300.jpg 225w, https:\/\/alenrio.org.br\/site\/wp-content\/uploads\/2024\/09\/08-DANILO_quadro2-45x60.jpg 45w\" sizes=\"auto, (max-width: 300px) 100vw, 300px\" \/><\/noscript><\/figure>\n<\/div>\n\n\n<p>Danilo nasceu em 1\u00ba de junho de 1965, na localidade de Lajeado Taquara, distrito de Cerro Alto, Tuparendi, filho de Ant\u00f4nio Johanson Fagundes e de Alice Eunice Pawlak Fagundes. \u00c9 casado desde 27 de maio de 1997, com a empres\u00e1ria \u00c2ngela Maria Ceccato Fagundes. <\/p>\n\n\n\n<p>\u00c9 pai do gestor de TI Andrey Vinicius Fagundes e da arquiteta J\u00falia Fagundes, autores do Hino Municipal de Tucunduva. Danilo \u00e9 bacharel em Direito pela Universidade Regional do Noroeste do Estado do Rio Grande do Sul e p\u00f3s-graduado em Direito Administrativo pela LFG. Atua como servidor p\u00fablico municipal, na fun\u00e7\u00e3o de secret\u00e1rio legislativo h\u00e1 20 anos e, nos \u00faltimos cinco anos, como Assessor Jur\u00eddico da C\u00e2mara Municipal de Tucunduva. O compositor, filiado a Socinpro, \u00e9 autor de m\u00fasica popular de bandas, nativismo, ga\u00facha, popular brasileira e de hinos oficiais, com mais de 200 obras gravadas no Brasil e no Exterior e integrante de seis discos de ouro conquistados ao longo da carreira, com destaque nacional e internacional das obras: Boca na boca, primeira obra musical do compositor gravada pela Banda Os Atuais, em parceria com Marconi; A lua e a noite, Banda Brilha Som; Mulher Trang\u00eanica, Banda San Marino, em parceria com Rog\u00e9rio Magr\u00e3o; M\u00e1goas de Rio, Los Camangos; Folhas Caducas, em parceria com Silvio Aymone Genro e Bimbo; Hino Municipal de Porto Mau\u00e1, em parceria com Salvador Ferrando Lamberty; Hino de Nossa Senhora dos Navegantes de Porto Mau\u00e1, em parceria com Maninho e Hino da ABREFRA. \u00c9 membro fundador da cadeira n\u00ba 8 e Coordenador de Comunica\u00e7\u00e3o da Academia de Letras do Noroeste do Rio Grande do Sul.<\/p>\n\n\n\n<h6 class=\"wp-block-heading\">Cadeira n\u00ba 08 :: Patrono: <a href=\"https:\/\/alenrio.org.br\/site\/patronos\/santino-oliveira-ferreira\/\" data-type=\"page\" data-id=\"493\">Santino Oliveira Ferreira<\/a><\/h6>\n","protected":false},"excerpt":{"rendered":"<p>Danilo nasceu em 1\u00ba de junho de 1965, na localidade de Lajeado Taquara, distrito de Cerro Alto, Tuparendi, filho de Ant\u00f4nio Johanson Fagundes e de Alice Eunice Pawlak Fagundes. \u00c9 casado desde 27 de maio de 1997, com a empres\u00e1ria \u00c2ngela Maria Ceccato Fagundes. \u00c9 pai do gestor de TI Andrey Vinicius Fagundes e da [&hellip;]<\/p>\n","protected":false},"author":1,"featured_media":0,"parent":45,"menu_order":0,"comment_status":"closed","ping_status":"closed","template":"","meta":{"_eb_attr":"","footnotes":""},"class_list":["post-443","page","type-page","status-publish","hentry"],"_links":{"self":[{"href":"https:\/\/alenrio.org.br\/site\/wp-json\/wp\/v2\/pages\/443","targetHints":{"allow":["GET"]}}],"collection":[{"href":"https:\/\/alenrio.org.br\/site\/wp-json\/wp\/v2\/pages"}],"about":[{"href":"https:\/\/alenrio.org.br\/site\/wp-json\/wp\/v2\/types\/page"}],"author":[{"embeddable":true,"href":"https:\/\/alenrio.org.br\/site\/wp-json\/wp\/v2\/users\/1"}],"replies":[{"embeddable":true,"href":"https:\/\/alenrio.org.br\/site\/wp-json\/wp\/v2\/comments?post=443"}],"version-history":[{"count":3,"href":"https:\/\/alenrio.org.br\/site\/wp-json\/wp\/v2\/pages\/443\/revisions"}],"predecessor-version":[{"id":583,"href":"https:\/\/alenrio.org.br\/site\/wp-json\/wp\/v2\/pages\/443\/revisions\/583"}],"up":[{"embeddable":true,"href":"https:\/\/alenrio.org.br\/site\/wp-json\/wp\/v2\/pages\/45"}],"wp:attachment":[{"href":"https:\/\/alenrio.org.br\/site\/wp-json\/wp\/v2\/media?parent=443"}],"curies":[{"name":"wp","href":"https:\/\/api.w.org\/{rel}","templated":true}]}}