{"id":445,"date":"2024-09-20T09:14:14","date_gmt":"2024-09-20T12:14:14","guid":{"rendered":"https:\/\/alenrio.org.br\/site\/?page_id=445"},"modified":"2024-09-20T14:47:53","modified_gmt":"2024-09-20T17:47:53","slug":"cleci-maria-scheid","status":"publish","type":"page","link":"https:\/\/alenrio.org.br\/site\/imortais\/cleci-maria-scheid\/","title":{"rendered":"Cleci Maria Scheid"},"content":{"rendered":"<div class=\"wp-block-image\">\n<figure class=\"alignright size-full is-resized\"><img  title=\"\" loading=\"lazy\" decoding=\"async\" width=\"300\" height=\"400\" data-src=\"https:\/\/alenrio.org.br\/site\/wp-content\/uploads\/2024\/09\/07-CLECI_quadro2.jpg\"  alt=\"07-CLECI_quadro2 Cleci Maria Scheid\"  class=\"wp-image-315 lazyload\" style=\"--smush-placeholder-width: 300px; --smush-placeholder-aspect-ratio: 300\/400;width:200px\" data-srcset=\"https:\/\/alenrio.org.br\/site\/wp-content\/uploads\/2024\/09\/07-CLECI_quadro2.jpg 300w, https:\/\/alenrio.org.br\/site\/wp-content\/uploads\/2024\/09\/07-CLECI_quadro2-225x300.jpg 225w, https:\/\/alenrio.org.br\/site\/wp-content\/uploads\/2024\/09\/07-CLECI_quadro2-45x60.jpg 45w\" data-sizes=\"auto, (max-width: 300px) 100vw, 300px\" src=\"data:image\/gif;base64,R0lGODlhAQABAAAAACH5BAEKAAEALAAAAAABAAEAAAICTAEAOw==\" \/><noscript><img  title=\"\" loading=\"lazy\" decoding=\"async\" width=\"300\" height=\"400\" src=\"https:\/\/alenrio.org.br\/site\/wp-content\/uploads\/2024\/09\/07-CLECI_quadro2.jpg\"  alt=\"07-CLECI_quadro2 Cleci Maria Scheid\"  class=\"wp-image-315\" style=\"width:200px\" srcset=\"https:\/\/alenrio.org.br\/site\/wp-content\/uploads\/2024\/09\/07-CLECI_quadro2.jpg 300w, https:\/\/alenrio.org.br\/site\/wp-content\/uploads\/2024\/09\/07-CLECI_quadro2-225x300.jpg 225w, https:\/\/alenrio.org.br\/site\/wp-content\/uploads\/2024\/09\/07-CLECI_quadro2-45x60.jpg 45w\" sizes=\"auto, (max-width: 300px) 100vw, 300px\" \/><\/noscript><\/figure>\n<\/div>\n\n\n<p>Cleci nasceu no dia 03 de agosto de 1948, em Esquina Tunas, Horizontina. Filha de Christiano Albino Padoin e Verg\u00ednia Vione Padoin. Atuou como docente no Ensino Fundamental, Supervisora de Educa\u00e7\u00e3o Rural em Tucunduva e Diretora de Cultura de Novo Machado. <\/p>\n\n\n\n<p>Possui gradua\u00e7\u00e3o em Estudos Sociais pela Faculdade de Filosofia, Ci\u00eancias e Letras Dom Bosco de Santa Rosa. Dentre sua produ\u00e7\u00e3o acad\u00eamica destacam-se: Revis\u00e3o e Organiza\u00e7\u00e3o dos Livros Did\u00e1ticos de Primeira a Terceira S\u00e9ries do Ensino Fundamental, juntamente com a Equipe da Secretaria Municipal de Educa\u00e7\u00e3o e Cultura de Tucunduva; pesquisa hist\u00f3rica, reda\u00e7\u00e3o e publica\u00e7\u00e3o do livro Novo Machado Conta Sua Hist\u00f3ria em co-autoria com a colega e professora Gretel Priebe. Ap\u00f3s sua aposentadoria dedica-se a presta\u00e7\u00e3o de servi\u00e7os comunit\u00e1rios. \u00c9 membro fundadora da Cadeira n\u00ba 7 e segunda tesoureira da Academia de Letras do Noroeste do Rio Grande do Sul \u2013 Alenrio.<\/p>\n\n\n\n<h6 class=\"wp-block-heading\">Cadeira n\u00ba 07 :: Patrono: <a href=\"https:\/\/alenrio.org.br\/site\/patronos\/pedro-stoelben\/\" data-type=\"page\" data-id=\"490\">Pedro Stoelben<\/a><\/h6>\n\n\n\n<p><\/p>\n","protected":false},"excerpt":{"rendered":"<p>Cleci nasceu no dia 03 de agosto de 1948, em Esquina Tunas, Horizontina. Filha de Christiano Albino Padoin e Verg\u00ednia Vione Padoin. Atuou como docente no Ensino Fundamental, Supervisora de Educa\u00e7\u00e3o Rural em Tucunduva e Diretora de Cultura de Novo Machado. Possui gradua\u00e7\u00e3o em Estudos Sociais pela Faculdade de Filosofia, Ci\u00eancias e Letras Dom Bosco [&hellip;]<\/p>\n","protected":false},"author":1,"featured_media":0,"parent":45,"menu_order":0,"comment_status":"closed","ping_status":"closed","template":"","meta":{"_eb_attr":"","footnotes":""},"class_list":["post-445","page","type-page","status-publish","hentry"],"_links":{"self":[{"href":"https:\/\/alenrio.org.br\/site\/wp-json\/wp\/v2\/pages\/445","targetHints":{"allow":["GET"]}}],"collection":[{"href":"https:\/\/alenrio.org.br\/site\/wp-json\/wp\/v2\/pages"}],"about":[{"href":"https:\/\/alenrio.org.br\/site\/wp-json\/wp\/v2\/types\/page"}],"author":[{"embeddable":true,"href":"https:\/\/alenrio.org.br\/site\/wp-json\/wp\/v2\/users\/1"}],"replies":[{"embeddable":true,"href":"https:\/\/alenrio.org.br\/site\/wp-json\/wp\/v2\/comments?post=445"}],"version-history":[{"count":3,"href":"https:\/\/alenrio.org.br\/site\/wp-json\/wp\/v2\/pages\/445\/revisions"}],"predecessor-version":[{"id":582,"href":"https:\/\/alenrio.org.br\/site\/wp-json\/wp\/v2\/pages\/445\/revisions\/582"}],"up":[{"embeddable":true,"href":"https:\/\/alenrio.org.br\/site\/wp-json\/wp\/v2\/pages\/45"}],"wp:attachment":[{"href":"https:\/\/alenrio.org.br\/site\/wp-json\/wp\/v2\/media?parent=445"}],"curies":[{"name":"wp","href":"https:\/\/api.w.org\/{rel}","templated":true}]}}