{"id":447,"date":"2024-09-20T09:14:44","date_gmt":"2024-09-20T12:14:44","guid":{"rendered":"https:\/\/alenrio.org.br\/site\/?page_id=447"},"modified":"2024-09-20T14:46:40","modified_gmt":"2024-09-20T17:46:40","slug":"sadi-camera","status":"publish","type":"page","link":"https:\/\/alenrio.org.br\/site\/imortais\/sadi-camera\/","title":{"rendered":"Sadi Camera"},"content":{"rendered":"<div class=\"wp-block-image\">\n<figure class=\"alignright size-full is-resized\"><img  title=\"\" loading=\"lazy\" decoding=\"async\" width=\"300\" height=\"400\" data-src=\"https:\/\/alenrio.org.br\/site\/wp-content\/uploads\/2024\/09\/06-SADI_quadro2.jpg\"  alt=\"06-SADI_quadro2 Sadi Camera\"  class=\"wp-image-314 lazyload\" style=\"--smush-placeholder-width: 300px; --smush-placeholder-aspect-ratio: 300\/400;width:200px\" data-srcset=\"https:\/\/alenrio.org.br\/site\/wp-content\/uploads\/2024\/09\/06-SADI_quadro2.jpg 300w, https:\/\/alenrio.org.br\/site\/wp-content\/uploads\/2024\/09\/06-SADI_quadro2-225x300.jpg 225w, https:\/\/alenrio.org.br\/site\/wp-content\/uploads\/2024\/09\/06-SADI_quadro2-45x60.jpg 45w\" data-sizes=\"auto, (max-width: 300px) 100vw, 300px\" src=\"data:image\/gif;base64,R0lGODlhAQABAAAAACH5BAEKAAEALAAAAAABAAEAAAICTAEAOw==\" \/><noscript><img  title=\"\" loading=\"lazy\" decoding=\"async\" width=\"300\" height=\"400\" src=\"https:\/\/alenrio.org.br\/site\/wp-content\/uploads\/2024\/09\/06-SADI_quadro2.jpg\"  alt=\"06-SADI_quadro2 Sadi Camera\"  class=\"wp-image-314\" style=\"width:200px\" srcset=\"https:\/\/alenrio.org.br\/site\/wp-content\/uploads\/2024\/09\/06-SADI_quadro2.jpg 300w, https:\/\/alenrio.org.br\/site\/wp-content\/uploads\/2024\/09\/06-SADI_quadro2-225x300.jpg 225w, https:\/\/alenrio.org.br\/site\/wp-content\/uploads\/2024\/09\/06-SADI_quadro2-45x60.jpg 45w\" sizes=\"auto, (max-width: 300px) 100vw, 300px\" \/><\/noscript><\/figure>\n<\/div>\n\n\n<p>Sadi nasceu no dia 28 de abril de 1949, em Tucunduva, filho de Luiz Camera e Albina Dalbem. Graduou-se em Letras pela Faculdade de Filosofia, Ci\u00eancias e Letras Dom Bosco e, em T\u00e9cnicas de Com\u00e9rcio e Servi\u00e7os, pela Pontif\u00edcia Universidade Cat\u00f3lica do Rio Grande do Sul. <\/p>\n\n\n\n<p>Pesquisou e catalogou as seguintes lendas locais: O lobisomem de Tucunduva, A lenda do fac\u00e3o torto, Velha Cunha (a feiticeira da Tucunduva), A lenda do Jango Lemes e A menina de branco. Autor de in\u00fameras composi\u00e7\u00f5es musicais, como \u00caxodo, Marca Baguala e Caminhada. Publicou as obras: Um homem, uma cidade, hist\u00f3rias que se entrela\u00e7am; Hist\u00f3ria do Hospital de Tucunduva e Os saqueadores de Tucunduva. Produziu o roteiro \u201cA feiticeira de Tucunduva\u201d, hist\u00f3ria finalista no&nbsp;<em>New York Festivals Film &amp; Video Awards<\/em>. Atua a quarenta e sete anos como professor da educa\u00e7\u00e3o b\u00e1sica e profere palestras sobre diversas tem\u00e1ticas em escolas p\u00fablicas e privadas. \u00c9 membro fundador da cadeira n\u00ba 6 e Primeiro Tesoureiro da Academia de Letras do Noroeste do Rio Grande do Sul.<\/p>\n\n\n\n<h6 class=\"wp-block-heading\">Cadeira n\u00ba 06 :: Patrono: <a href=\"https:\/\/alenrio.org.br\/site\/patronos\/pedro-concli\/\" data-type=\"page\" data-id=\"421\">Pedro Concli<\/a><\/h6>\n","protected":false},"excerpt":{"rendered":"<p>Sadi nasceu no dia 28 de abril de 1949, em Tucunduva, filho de Luiz Camera e Albina Dalbem. Graduou-se em Letras pela Faculdade de Filosofia, Ci\u00eancias e Letras Dom Bosco e, em T\u00e9cnicas de Com\u00e9rcio e Servi\u00e7os, pela Pontif\u00edcia Universidade Cat\u00f3lica do Rio Grande do Sul. Pesquisou e catalogou as seguintes lendas locais: O lobisomem [&hellip;]<\/p>\n","protected":false},"author":1,"featured_media":0,"parent":45,"menu_order":0,"comment_status":"closed","ping_status":"closed","template":"","meta":{"_eb_attr":"","footnotes":""},"class_list":["post-447","page","type-page","status-publish","hentry"],"_links":{"self":[{"href":"https:\/\/alenrio.org.br\/site\/wp-json\/wp\/v2\/pages\/447","targetHints":{"allow":["GET"]}}],"collection":[{"href":"https:\/\/alenrio.org.br\/site\/wp-json\/wp\/v2\/pages"}],"about":[{"href":"https:\/\/alenrio.org.br\/site\/wp-json\/wp\/v2\/types\/page"}],"author":[{"embeddable":true,"href":"https:\/\/alenrio.org.br\/site\/wp-json\/wp\/v2\/users\/1"}],"replies":[{"embeddable":true,"href":"https:\/\/alenrio.org.br\/site\/wp-json\/wp\/v2\/comments?post=447"}],"version-history":[{"count":3,"href":"https:\/\/alenrio.org.br\/site\/wp-json\/wp\/v2\/pages\/447\/revisions"}],"predecessor-version":[{"id":581,"href":"https:\/\/alenrio.org.br\/site\/wp-json\/wp\/v2\/pages\/447\/revisions\/581"}],"up":[{"embeddable":true,"href":"https:\/\/alenrio.org.br\/site\/wp-json\/wp\/v2\/pages\/45"}],"wp:attachment":[{"href":"https:\/\/alenrio.org.br\/site\/wp-json\/wp\/v2\/media?parent=447"}],"curies":[{"name":"wp","href":"https:\/\/api.w.org\/{rel}","templated":true}]}}