{"id":449,"date":"2024-09-20T09:15:12","date_gmt":"2024-09-20T12:15:12","guid":{"rendered":"https:\/\/alenrio.org.br\/site\/?page_id=449"},"modified":"2024-11-27T09:58:36","modified_gmt":"2024-11-27T12:58:36","slug":"gretel-priebe","status":"publish","type":"page","link":"https:\/\/alenrio.org.br\/site\/imortais\/gretel-priebe\/","title":{"rendered":"Gretel Priebe"},"content":{"rendered":"<div class=\"wp-block-image\">\n<figure class=\"alignright size-full is-resized\"><img  title=\"\" loading=\"lazy\" decoding=\"async\" width=\"300\" height=\"400\" data-src=\"https:\/\/alenrio.org.br\/site\/wp-content\/uploads\/2024\/09\/05-GRETEL_quadro2.jpg\"  alt=\"05-GRETEL_quadro2 Gretel Priebe\"  class=\"wp-image-313 lazyload\" style=\"--smush-placeholder-width: 300px; --smush-placeholder-aspect-ratio: 300\/400;width:200px\" data-srcset=\"https:\/\/alenrio.org.br\/site\/wp-content\/uploads\/2024\/09\/05-GRETEL_quadro2.jpg 300w, https:\/\/alenrio.org.br\/site\/wp-content\/uploads\/2024\/09\/05-GRETEL_quadro2-225x300.jpg 225w, https:\/\/alenrio.org.br\/site\/wp-content\/uploads\/2024\/09\/05-GRETEL_quadro2-45x60.jpg 45w\" data-sizes=\"auto, (max-width: 300px) 100vw, 300px\" src=\"data:image\/gif;base64,R0lGODlhAQABAAAAACH5BAEKAAEALAAAAAABAAEAAAICTAEAOw==\" \/><noscript><img  title=\"\" loading=\"lazy\" decoding=\"async\" width=\"300\" height=\"400\" src=\"https:\/\/alenrio.org.br\/site\/wp-content\/uploads\/2024\/09\/05-GRETEL_quadro2.jpg\"  alt=\"05-GRETEL_quadro2 Gretel Priebe\"  class=\"wp-image-313\" style=\"width:200px\" srcset=\"https:\/\/alenrio.org.br\/site\/wp-content\/uploads\/2024\/09\/05-GRETEL_quadro2.jpg 300w, https:\/\/alenrio.org.br\/site\/wp-content\/uploads\/2024\/09\/05-GRETEL_quadro2-225x300.jpg 225w, https:\/\/alenrio.org.br\/site\/wp-content\/uploads\/2024\/09\/05-GRETEL_quadro2-45x60.jpg 45w\" sizes=\"auto, (max-width: 300px) 100vw, 300px\" \/><\/noscript><\/figure>\n<\/div>\n\n\n<p>Gretel nasceu em 21 de junho de 1949, filha de Gustavo e de Irma Matilde Priebe. Graduada em Estudos Sociais e Pedagogia, com Habilita\u00e7\u00e3o em Administra\u00e7\u00e3o Escolar e Magist\u00e9rio e, P\u00f3s-Graduada em Administra\u00e7\u00e3o Escolar. Atuou na reg\u00eancia de Classe no Ensino Prim\u00e1rio, nas redes municipal, particular e no ensino fundamental na rede estadual. Foi supervis\u00e3o de ensino na Prefeitura Municipal de Tucunduva e, diretora de Educa\u00e7\u00e3o e Supervis\u00e3o na Prefeitura Municipal de Novo Machado. Na Secretaria Municipal de Educa\u00e7\u00e3o e Cultura do Munic\u00edpio de Tucunduva, foi tamb\u00e9m co-respons\u00e1vel, juntamente com a equipe, pela orienta\u00e7\u00e3o, organiza\u00e7\u00e3o e publica\u00e7\u00e3o dos Livros Did\u00e1ticos de 1\u00aa \u00e0 3\u00aa s\u00e9rie. E, no munic\u00edpio de Novo Machado, juntamente com a Professora Cleci Maria Scheid, foi respons\u00e1vel pela organiza\u00e7\u00e3o e revis\u00e3o dos Livros da Cole\u00e7\u00e3o de Hist\u00f3rias das Localidades (25), de Novo Machado. \u00c9 autora da obra \u201cNovo Machado conta sua Hist\u00f3ria\u201d, 1\u00aa edi\u00e7\u00e3o 2000, em parceria com a professora Cleci Maria Scheid; e da 2\u00aa edi\u00e7\u00e3o atualizada, em 2005, junto com a professora Nedi Schroeder.\u00a0 \u00c9 membro fundadora da cadeira n\u00ba 5 e Secret\u00e1ria da Academia de Letras do Noroeste do Rio Grande do Sul.<\/p>\n\n\n\n<h6 class=\"wp-block-heading\">Cadeira n\u00ba 05 :: Patrono: <a href=\"https:\/\/alenrio.org.br\/site\/patronos\/alberto-lehenbauer\/\" data-type=\"page\" data-id=\"423\">Alberto Lehenbauer&nbsp;<\/a><\/h6>\n","protected":false},"excerpt":{"rendered":"<p>Gretel nasceu em 21 de junho de 1949, filha de Gustavo e de Irma Matilde Priebe. Graduada em Estudos Sociais e Pedagogia, com Habilita\u00e7\u00e3o em Administra\u00e7\u00e3o Escolar e Magist\u00e9rio e, P\u00f3s-Graduada em Administra\u00e7\u00e3o Escolar. Atuou na reg\u00eancia de Classe no Ensino Prim\u00e1rio, nas redes municipal, particular e no ensino fundamental na rede estadual. Foi supervis\u00e3o [&hellip;]<\/p>\n","protected":false},"author":1,"featured_media":0,"parent":45,"menu_order":0,"comment_status":"closed","ping_status":"closed","template":"","meta":{"_eb_attr":"","footnotes":""},"class_list":["post-449","page","type-page","status-publish","hentry"],"_links":{"self":[{"href":"https:\/\/alenrio.org.br\/site\/wp-json\/wp\/v2\/pages\/449","targetHints":{"allow":["GET"]}}],"collection":[{"href":"https:\/\/alenrio.org.br\/site\/wp-json\/wp\/v2\/pages"}],"about":[{"href":"https:\/\/alenrio.org.br\/site\/wp-json\/wp\/v2\/types\/page"}],"author":[{"embeddable":true,"href":"https:\/\/alenrio.org.br\/site\/wp-json\/wp\/v2\/users\/1"}],"replies":[{"embeddable":true,"href":"https:\/\/alenrio.org.br\/site\/wp-json\/wp\/v2\/comments?post=449"}],"version-history":[{"count":4,"href":"https:\/\/alenrio.org.br\/site\/wp-json\/wp\/v2\/pages\/449\/revisions"}],"predecessor-version":[{"id":1013,"href":"https:\/\/alenrio.org.br\/site\/wp-json\/wp\/v2\/pages\/449\/revisions\/1013"}],"up":[{"embeddable":true,"href":"https:\/\/alenrio.org.br\/site\/wp-json\/wp\/v2\/pages\/45"}],"wp:attachment":[{"href":"https:\/\/alenrio.org.br\/site\/wp-json\/wp\/v2\/media?parent=449"}],"curies":[{"name":"wp","href":"https:\/\/api.w.org\/{rel}","templated":true}]}}