{"id":451,"date":"2024-09-20T09:15:46","date_gmt":"2024-09-20T12:15:46","guid":{"rendered":"https:\/\/alenrio.org.br\/site\/?page_id=451"},"modified":"2024-09-20T14:45:35","modified_gmt":"2024-09-20T17:45:35","slug":"teresinha-servat-gazola","status":"publish","type":"page","link":"https:\/\/alenrio.org.br\/site\/imortais\/teresinha-servat-gazola\/","title":{"rendered":"Teresinha Servat Gazola"},"content":{"rendered":"<div class=\"wp-block-image\">\n<figure class=\"alignright size-full is-resized\"><img  title=\"\" loading=\"lazy\" decoding=\"async\" width=\"300\" height=\"400\" data-src=\"https:\/\/alenrio.org.br\/site\/wp-content\/uploads\/2024\/09\/04-TEREZINHA_quadro2.jpg\"  alt=\"04-TEREZINHA_quadro2 Teresinha Servat Gazola\"  class=\"wp-image-312 lazyload\" style=\"--smush-placeholder-width: 300px; --smush-placeholder-aspect-ratio: 300\/400;width:200px\" data-srcset=\"https:\/\/alenrio.org.br\/site\/wp-content\/uploads\/2024\/09\/04-TEREZINHA_quadro2.jpg 300w, https:\/\/alenrio.org.br\/site\/wp-content\/uploads\/2024\/09\/04-TEREZINHA_quadro2-225x300.jpg 225w, https:\/\/alenrio.org.br\/site\/wp-content\/uploads\/2024\/09\/04-TEREZINHA_quadro2-45x60.jpg 45w\" data-sizes=\"auto, (max-width: 300px) 100vw, 300px\" src=\"data:image\/gif;base64,R0lGODlhAQABAAAAACH5BAEKAAEALAAAAAABAAEAAAICTAEAOw==\" \/><noscript><img  title=\"\" loading=\"lazy\" decoding=\"async\" width=\"300\" height=\"400\" src=\"https:\/\/alenrio.org.br\/site\/wp-content\/uploads\/2024\/09\/04-TEREZINHA_quadro2.jpg\"  alt=\"04-TEREZINHA_quadro2 Teresinha Servat Gazola\"  class=\"wp-image-312\" style=\"width:200px\" srcset=\"https:\/\/alenrio.org.br\/site\/wp-content\/uploads\/2024\/09\/04-TEREZINHA_quadro2.jpg 300w, https:\/\/alenrio.org.br\/site\/wp-content\/uploads\/2024\/09\/04-TEREZINHA_quadro2-225x300.jpg 225w, https:\/\/alenrio.org.br\/site\/wp-content\/uploads\/2024\/09\/04-TEREZINHA_quadro2-45x60.jpg 45w\" sizes=\"auto, (max-width: 300px) 100vw, 300px\" \/><\/noscript><\/figure>\n<\/div>\n\n\n<p>Teresinha nasceu em 04 de outubro de 1955, em Campininha Tucunduva, filha de Aldo e Maria Elvira Servat. <\/p>\n\n\n\n<p>Cursou Licenciatura Plena em Letras, com habilita\u00e7\u00e3o em L\u00edngua Portuguesa e Literaturas da L\u00edngua Portuguesa Primeiro e Segundo Graus. Ingl\u00eas e Literaturas da L\u00edngua Inglesa Primeiro e Segundo Graus, na Faculdade de Filosofia, Ci\u00eancias e Letras Dom Bosco, em Santa Rosa. Exerceu a doc\u00eancia na Educa\u00e7\u00e3o B\u00e1sica como professora e diretora na Escola Ant\u00f4nio Barella, de 1977 at\u00e9 1999.&nbsp; Foi Secret\u00e1ria Municipal de Educa\u00e7\u00e3o no munic\u00edpio de Novo Machado de 2001 a 2008. Atuou na produ\u00e7\u00e3o do Livro da Hist\u00f3ria de Novo Machado, no livro Educa\u00e7\u00e3o Ambiental em Novo Machado, vol. 9. Colaborou na elabora\u00e7\u00e3o da Monografia do Munic\u00edpio de Novo Machado-RS, que fez parte da Enciclop\u00e9dia dos Munic\u00edpios do RS, em CD-Rom em 2006. Como professora e Diretora participou da elabora\u00e7\u00e3o e organiza\u00e7\u00e3o das atividades e da reformula\u00e7\u00e3o dos conte\u00fados das s\u00e9ries iniciais nos munic\u00edpios de Tucunduva e, depois Novo Machado. \u00c9 membro fundadora da Cadeira n\u00ba 4 e Segunda Secret\u00e1ria da Academia de Letras do Noroeste do Rio Grande do Sul.<\/p>\n\n\n\n<h6 class=\"wp-block-heading\">Cadeira n\u00ba 04 :: Patrono: <a href=\"https:\/\/alenrio.org.br\/site\/patronos\/artur-fronza\/\" data-type=\"page\" data-id=\"425\">Artur Fronza<\/a><\/h6>\n\n\n\n<p><\/p>\n","protected":false},"excerpt":{"rendered":"<p>Teresinha nasceu em 04 de outubro de 1955, em Campininha Tucunduva, filha de Aldo e Maria Elvira Servat. Cursou Licenciatura Plena em Letras, com habilita\u00e7\u00e3o em L\u00edngua Portuguesa e Literaturas da L\u00edngua Portuguesa Primeiro e Segundo Graus. Ingl\u00eas e Literaturas da L\u00edngua Inglesa Primeiro e Segundo Graus, na Faculdade de Filosofia, Ci\u00eancias e Letras Dom [&hellip;]<\/p>\n","protected":false},"author":1,"featured_media":0,"parent":45,"menu_order":0,"comment_status":"closed","ping_status":"closed","template":"","meta":{"_eb_attr":"","footnotes":""},"class_list":["post-451","page","type-page","status-publish","hentry"],"_links":{"self":[{"href":"https:\/\/alenrio.org.br\/site\/wp-json\/wp\/v2\/pages\/451","targetHints":{"allow":["GET"]}}],"collection":[{"href":"https:\/\/alenrio.org.br\/site\/wp-json\/wp\/v2\/pages"}],"about":[{"href":"https:\/\/alenrio.org.br\/site\/wp-json\/wp\/v2\/types\/page"}],"author":[{"embeddable":true,"href":"https:\/\/alenrio.org.br\/site\/wp-json\/wp\/v2\/users\/1"}],"replies":[{"embeddable":true,"href":"https:\/\/alenrio.org.br\/site\/wp-json\/wp\/v2\/comments?post=451"}],"version-history":[{"count":5,"href":"https:\/\/alenrio.org.br\/site\/wp-json\/wp\/v2\/pages\/451\/revisions"}],"predecessor-version":[{"id":579,"href":"https:\/\/alenrio.org.br\/site\/wp-json\/wp\/v2\/pages\/451\/revisions\/579"}],"up":[{"embeddable":true,"href":"https:\/\/alenrio.org.br\/site\/wp-json\/wp\/v2\/pages\/45"}],"wp:attachment":[{"href":"https:\/\/alenrio.org.br\/site\/wp-json\/wp\/v2\/media?parent=451"}],"curies":[{"name":"wp","href":"https:\/\/api.w.org\/{rel}","templated":true}]}}