{"id":453,"date":"2024-09-20T09:16:18","date_gmt":"2024-09-20T12:16:18","guid":{"rendered":"https:\/\/alenrio.org.br\/site\/?page_id=453"},"modified":"2024-11-29T16:32:11","modified_gmt":"2024-11-29T19:32:11","slug":"renato-pereira","status":"publish","type":"page","link":"https:\/\/alenrio.org.br\/site\/imortais\/renato-pereira\/","title":{"rendered":"Renato Pereira"},"content":{"rendered":"<div class=\"wp-block-image\">\n<figure class=\"alignright size-full is-resized\"><img  title=\"\" loading=\"lazy\" decoding=\"async\" width=\"1328\" height=\"1660\" data-src=\"https:\/\/alenrio.org.br\/site\/wp-content\/uploads\/2024\/11\/2024-DSC_7175a-PELERINE-2024b-.jpg\"  alt=\"2024-DSC_7175a-PELERINE-2024b- Renato Pereira\"  class=\"wp-image-1089 lazyload\" style=\"--smush-placeholder-width: 1328px; --smush-placeholder-aspect-ratio: 1328\/1660;width:200px\" data-srcset=\"https:\/\/alenrio.org.br\/site\/wp-content\/uploads\/2024\/11\/2024-DSC_7175a-PELERINE-2024b-.jpg 1328w, https:\/\/alenrio.org.br\/site\/wp-content\/uploads\/2024\/11\/2024-DSC_7175a-PELERINE-2024b--240x300.jpg 240w, https:\/\/alenrio.org.br\/site\/wp-content\/uploads\/2024\/11\/2024-DSC_7175a-PELERINE-2024b--819x1024.jpg 819w, https:\/\/alenrio.org.br\/site\/wp-content\/uploads\/2024\/11\/2024-DSC_7175a-PELERINE-2024b--768x960.jpg 768w, https:\/\/alenrio.org.br\/site\/wp-content\/uploads\/2024\/11\/2024-DSC_7175a-PELERINE-2024b--1229x1536.jpg 1229w\" data-sizes=\"auto, (max-width: 1328px) 100vw, 1328px\" src=\"data:image\/gif;base64,R0lGODlhAQABAAAAACH5BAEKAAEALAAAAAABAAEAAAICTAEAOw==\" \/><noscript><img  title=\"\" loading=\"lazy\" decoding=\"async\" width=\"1328\" height=\"1660\" src=\"https:\/\/alenrio.org.br\/site\/wp-content\/uploads\/2024\/11\/2024-DSC_7175a-PELERINE-2024b-.jpg\"  alt=\"2024-DSC_7175a-PELERINE-2024b- Renato Pereira\"  class=\"wp-image-1089\" style=\"width:200px\" srcset=\"https:\/\/alenrio.org.br\/site\/wp-content\/uploads\/2024\/11\/2024-DSC_7175a-PELERINE-2024b-.jpg 1328w, https:\/\/alenrio.org.br\/site\/wp-content\/uploads\/2024\/11\/2024-DSC_7175a-PELERINE-2024b--240x300.jpg 240w, https:\/\/alenrio.org.br\/site\/wp-content\/uploads\/2024\/11\/2024-DSC_7175a-PELERINE-2024b--819x1024.jpg 819w, https:\/\/alenrio.org.br\/site\/wp-content\/uploads\/2024\/11\/2024-DSC_7175a-PELERINE-2024b--768x960.jpg 768w, https:\/\/alenrio.org.br\/site\/wp-content\/uploads\/2024\/11\/2024-DSC_7175a-PELERINE-2024b--1229x1536.jpg 1229w\" sizes=\"auto, (max-width: 1328px) 100vw, 1328px\" \/><\/noscript><\/figure>\n<\/div>\n\n\n<p>Renato nasceu em 5 de janeiro de 1985, em Wenceslau Braz, no norte pioneiro do Estado do Paran\u00e1. \u00c9 descendente do capit\u00e3o-mor Juan Castellanos de Piza e dos primeiros emigrantes da Ilha Terceira em A\u00e7ores.&nbsp;Graduou-se em Geografia pela Universidade Estadual de Ponta Grossa, onde obteve os t\u00edtulos de mestre e de doutor.&nbsp;<\/p>\n\n\n\n<p>Exerceu a doc\u00eancia desde a educa\u00e7\u00e3o b\u00e1sica at\u00e9 o ensino superior. Atuou na coordena\u00e7\u00e3o de eventos nacionais e internacionais, assim como publicou textos cient\u00edficos, cap\u00edtulos de livros e artigos em revistas especializadas. \u00c9 o autor da obra &#8216;Introdu\u00e7\u00e3o \u00e0 Pesquisa Geneal\u00f3gica&#8217; e co-autor de&nbsp;&#8216;Ponta Grossa: imagens, hist\u00f3rias e lendas&#8217;. Publicou tamb\u00e9m &#8216;Duas Casas para Decorar&#8217;, em co-autoria com Tanize Tomasi e a obra infanto-juvenil &#8216;M\u00e3e d&#8217;\u00e1gua&#8217;. No Estado do Paran\u00e1,&nbsp;produziu, organizou e participou da difus\u00e3o de atividades e programas relacionados \u00e0 Cultura e ao Patrim\u00f4nio Cultural, bem como de in\u00fameros eventos culturais e confer\u00eancias, sendo parecerista do Programa de Fomento e Incentivo \u00e0 Cultura. Atuou como Coordenador de Cultura e Turismo e Presidente do Conselho Municipal de Pol\u00edticas Culturais de Santo Augusto, Conselheiro de Estado de Turismo do RS, Presidente da Confer\u00eancia Intermunicipal de Cultura da Regi\u00e3o Celeiro, parecerista de projetos do Governo do Estado do Rio Grande do Sul e delegado na Confer\u00eancia Estadual de Cultura do RS. Fundador da cadeira n\u00ba 10, foi vice-presidente e atualmente exerce a presid\u00eancia Academia de Letras do Noroeste do Rio Grande do Sul, no bi\u00eanio 2023-2024.<\/p>\n\n\n\n<h6 class=\"wp-block-heading\"><em>Atualizado em: setembro de 2024.<\/em><\/h6>\n\n\n\n<h6 class=\"wp-block-heading\">Cadeira n\u00ba 10 :: Patrono: <a href=\"https:\/\/alenrio.org.br\/site\/patronos\/romualdo-justmann-clauss\/\" data-type=\"page\" data-id=\"507\">Romualdo Justmann Clauss<\/a><\/h6>\n\n\n\n<p>\ud83d\udd6e&nbsp;<a href=\"https:\/\/alenrio.org.br\/site\/renato-pereira-discurso-de-posse\/\" data-type=\"page\" data-id=\"597\">Discurso de posse<\/a> | <a href=\"https:\/\/alenrio.org.br\/site\/imortais\/\" data-type=\"link\" data-id=\"https:\/\/alenrio.org.br\/site\/imortais\/\">voltar para a Galeria<\/a><\/p>\n\n\n\n<p><\/p>\n","protected":false},"excerpt":{"rendered":"<p>Renato nasceu em 5 de janeiro de 1985, em Wenceslau Braz, no norte pioneiro do Estado do Paran\u00e1. \u00c9 descendente do capit\u00e3o-mor Juan Castellanos de Piza e dos primeiros emigrantes da Ilha Terceira em A\u00e7ores.&nbsp;Graduou-se em Geografia pela Universidade Estadual de Ponta Grossa, onde obteve os t\u00edtulos de mestre e de doutor.&nbsp; Exerceu a doc\u00eancia [&hellip;]<\/p>\n","protected":false},"author":1,"featured_media":0,"parent":45,"menu_order":0,"comment_status":"closed","ping_status":"closed","template":"","meta":{"_eb_attr":"","footnotes":""},"class_list":["post-453","page","type-page","status-publish","hentry"],"_links":{"self":[{"href":"https:\/\/alenrio.org.br\/site\/wp-json\/wp\/v2\/pages\/453","targetHints":{"allow":["GET"]}}],"collection":[{"href":"https:\/\/alenrio.org.br\/site\/wp-json\/wp\/v2\/pages"}],"about":[{"href":"https:\/\/alenrio.org.br\/site\/wp-json\/wp\/v2\/types\/page"}],"author":[{"embeddable":true,"href":"https:\/\/alenrio.org.br\/site\/wp-json\/wp\/v2\/users\/1"}],"replies":[{"embeddable":true,"href":"https:\/\/alenrio.org.br\/site\/wp-json\/wp\/v2\/comments?post=453"}],"version-history":[{"count":9,"href":"https:\/\/alenrio.org.br\/site\/wp-json\/wp\/v2\/pages\/453\/revisions"}],"predecessor-version":[{"id":1091,"href":"https:\/\/alenrio.org.br\/site\/wp-json\/wp\/v2\/pages\/453\/revisions\/1091"}],"up":[{"embeddable":true,"href":"https:\/\/alenrio.org.br\/site\/wp-json\/wp\/v2\/pages\/45"}],"wp:attachment":[{"href":"https:\/\/alenrio.org.br\/site\/wp-json\/wp\/v2\/media?parent=453"}],"curies":[{"name":"wp","href":"https:\/\/api.w.org\/{rel}","templated":true}]}}