{"id":460,"date":"2024-09-20T09:59:02","date_gmt":"2024-09-20T12:59:02","guid":{"rendered":"https:\/\/alenrio.org.br\/site\/?page_id=460"},"modified":"2024-09-20T14:44:02","modified_gmt":"2024-09-20T17:44:02","slug":"roque-aloisio-weschenfelder","status":"publish","type":"page","link":"https:\/\/alenrio.org.br\/site\/imortais\/roque-aloisio-weschenfelder\/","title":{"rendered":"Roque Aloisio Weschenfelder"},"content":{"rendered":"<div class=\"wp-block-image\">\n<figure class=\"alignright size-full is-resized\"><img  title=\"\" loading=\"lazy\" decoding=\"async\" width=\"300\" height=\"400\" data-src=\"https:\/\/alenrio.org.br\/site\/wp-content\/uploads\/2024\/09\/02-ROQUE_quadro2.jpg\"  alt=\"02-ROQUE_quadro2 Roque Aloisio Weschenfelder\"  class=\"wp-image-310 lazyload\" style=\"--smush-placeholder-width: 300px; --smush-placeholder-aspect-ratio: 300\/400;width:200px\" data-srcset=\"https:\/\/alenrio.org.br\/site\/wp-content\/uploads\/2024\/09\/02-ROQUE_quadro2.jpg 300w, https:\/\/alenrio.org.br\/site\/wp-content\/uploads\/2024\/09\/02-ROQUE_quadro2-225x300.jpg 225w, https:\/\/alenrio.org.br\/site\/wp-content\/uploads\/2024\/09\/02-ROQUE_quadro2-45x60.jpg 45w\" data-sizes=\"auto, (max-width: 300px) 100vw, 300px\" src=\"data:image\/gif;base64,R0lGODlhAQABAAAAACH5BAEKAAEALAAAAAABAAEAAAICTAEAOw==\" \/><noscript><img  title=\"\" loading=\"lazy\" decoding=\"async\" width=\"300\" height=\"400\" src=\"https:\/\/alenrio.org.br\/site\/wp-content\/uploads\/2024\/09\/02-ROQUE_quadro2.jpg\"  alt=\"02-ROQUE_quadro2 Roque Aloisio Weschenfelder\"  class=\"wp-image-310\" style=\"width:200px\" srcset=\"https:\/\/alenrio.org.br\/site\/wp-content\/uploads\/2024\/09\/02-ROQUE_quadro2.jpg 300w, https:\/\/alenrio.org.br\/site\/wp-content\/uploads\/2024\/09\/02-ROQUE_quadro2-225x300.jpg 225w, https:\/\/alenrio.org.br\/site\/wp-content\/uploads\/2024\/09\/02-ROQUE_quadro2-45x60.jpg 45w\" sizes=\"auto, (max-width: 300px) 100vw, 300px\" \/><\/noscript><\/figure>\n<\/div>\n\n\n<p>Roque Aloisio Weschenfelder nasceu em 26 de maio de 1949, em Santo Cristo, filho de Romualdo e Ver\u00f4nica Teresa Weschenfelder. Formado em Letras com especializa\u00e7\u00e3o em Portugu\u00eas e Literatura, atuou como professor em Santo Cristo de 1973 a 1978 e trabalhou no SESI Santa Rosa de 1978 a 1992, no setor de lazer cultural e esportivo. Lecionou Portugu\u00eas, Ingl\u00eas e Literatura em escolas de Santa Rosa, incluindo FEMA, Dom Bosco, Cairu, Pedro Meinerz e \u00c9rico Ver\u00edssimo.<\/p>\n\n\n\n<p>Casado desde 1975, Roque \u00e9 pai de tr\u00eas filhos. Vi\u00favo em 2019, atualmente \u00e9 casado com Salete de Vargas Weschenfelder.<\/p>\n\n\n\n<p>Como escritor, Roque participou de cerca de 300 antologias e publicou obras em poesia, prosa e literatura infantil, incluindo &#8220;Mundos de Impress\u00f5es&#8221; (2010), &#8220;A Borboleta Brilhante&#8221; (2010), &#8220;O Ouro dos Dias&#8221; (2011), &#8220;O Xis da D\u00favida&#8221; (2014), &#8220;Escrita sem Stress&#8221; (2014), &#8220;A V\u00edrgula Assassina&#8221; (2016), &#8220;O Espelho de Rita&#8221; (2019), \u201cA Festa da Livre Express\u00e3o\u201d (2019), &#8220;Suaves Toques de Amor&#8221; (2018), &#8220;A Merda da Hist\u00f3ria&#8221; (2022) e &#8220;Restos Mort@is&#8221; (2023).<\/p>\n\n\n\n<p>Destaca-se em sua biografia a Viagem Nestl\u00e9 pela Literatura em 2002 e atua\u00e7\u00e3o como Patrono da 7\u00aa Feira do Livro de Santa Rosa em 2011. Recebeu pr\u00eamios da UBE-RJ em 2017 e 2019, e do Minist\u00e9rio da Cultura em 2018.<\/p>\n\n\n\n<h6 class=\"wp-block-heading\">Cadeira n\u00ba 02 :: Patrono: <a href=\"https:\/\/alenrio.org.br\/site\/patronos\/martin-grajewski\/\" data-type=\"page\" data-id=\"427\">Martin Grajewski<\/a><\/h6>\n","protected":false},"excerpt":{"rendered":"<p>Roque Aloisio Weschenfelder nasceu em 26 de maio de 1949, em Santo Cristo, filho de Romualdo e Ver\u00f4nica Teresa Weschenfelder. Formado em Letras com especializa\u00e7\u00e3o em Portugu\u00eas e Literatura, atuou como professor em Santo Cristo de 1973 a 1978 e trabalhou no SESI Santa Rosa de 1978 a 1992, no setor de lazer cultural e [&hellip;]<\/p>\n","protected":false},"author":1,"featured_media":0,"parent":45,"menu_order":0,"comment_status":"closed","ping_status":"closed","template":"","meta":{"_eb_attr":"","footnotes":""},"class_list":["post-460","page","type-page","status-publish","hentry"],"_links":{"self":[{"href":"https:\/\/alenrio.org.br\/site\/wp-json\/wp\/v2\/pages\/460","targetHints":{"allow":["GET"]}}],"collection":[{"href":"https:\/\/alenrio.org.br\/site\/wp-json\/wp\/v2\/pages"}],"about":[{"href":"https:\/\/alenrio.org.br\/site\/wp-json\/wp\/v2\/types\/page"}],"author":[{"embeddable":true,"href":"https:\/\/alenrio.org.br\/site\/wp-json\/wp\/v2\/users\/1"}],"replies":[{"embeddable":true,"href":"https:\/\/alenrio.org.br\/site\/wp-json\/wp\/v2\/comments?post=460"}],"version-history":[{"count":6,"href":"https:\/\/alenrio.org.br\/site\/wp-json\/wp\/v2\/pages\/460\/revisions"}],"predecessor-version":[{"id":577,"href":"https:\/\/alenrio.org.br\/site\/wp-json\/wp\/v2\/pages\/460\/revisions\/577"}],"up":[{"embeddable":true,"href":"https:\/\/alenrio.org.br\/site\/wp-json\/wp\/v2\/pages\/45"}],"wp:attachment":[{"href":"https:\/\/alenrio.org.br\/site\/wp-json\/wp\/v2\/media?parent=460"}],"curies":[{"name":"wp","href":"https:\/\/api.w.org\/{rel}","templated":true}]}}