{"id":462,"date":"2024-09-20T10:00:21","date_gmt":"2024-09-20T13:00:21","guid":{"rendered":"https:\/\/alenrio.org.br\/site\/?page_id=462"},"modified":"2024-09-20T14:34:31","modified_gmt":"2024-09-20T17:34:31","slug":"carlos-pedroso-dos-santos","status":"publish","type":"page","link":"https:\/\/alenrio.org.br\/site\/imortais\/carlos-pedroso-dos-santos\/","title":{"rendered":"Carlos Pedroso dos Santos"},"content":{"rendered":"<div class=\"wp-block-image\">\n<figure class=\"alignright size-full is-resized\"><img  title=\"\" loading=\"lazy\" decoding=\"async\" width=\"300\" height=\"400\" data-src=\"https:\/\/alenrio.org.br\/site\/wp-content\/uploads\/2024\/09\/13-CARLOS_quadro2.jpg\"  alt=\"13-CARLOS_quadro2 Carlos Pedroso dos Santos\"  class=\"wp-image-321 lazyload\" style=\"--smush-placeholder-width: 300px; --smush-placeholder-aspect-ratio: 300\/400;width:200px\" data-srcset=\"https:\/\/alenrio.org.br\/site\/wp-content\/uploads\/2024\/09\/13-CARLOS_quadro2.jpg 300w, https:\/\/alenrio.org.br\/site\/wp-content\/uploads\/2024\/09\/13-CARLOS_quadro2-225x300.jpg 225w, https:\/\/alenrio.org.br\/site\/wp-content\/uploads\/2024\/09\/13-CARLOS_quadro2-45x60.jpg 45w\" data-sizes=\"auto, (max-width: 300px) 100vw, 300px\" src=\"data:image\/gif;base64,R0lGODlhAQABAAAAACH5BAEKAAEALAAAAAABAAEAAAICTAEAOw==\" \/><noscript><img  title=\"\" loading=\"lazy\" decoding=\"async\" width=\"300\" height=\"400\" src=\"https:\/\/alenrio.org.br\/site\/wp-content\/uploads\/2024\/09\/13-CARLOS_quadro2.jpg\"  alt=\"13-CARLOS_quadro2 Carlos Pedroso dos Santos\"  class=\"wp-image-321\" style=\"width:200px\" srcset=\"https:\/\/alenrio.org.br\/site\/wp-content\/uploads\/2024\/09\/13-CARLOS_quadro2.jpg 300w, https:\/\/alenrio.org.br\/site\/wp-content\/uploads\/2024\/09\/13-CARLOS_quadro2-225x300.jpg 225w, https:\/\/alenrio.org.br\/site\/wp-content\/uploads\/2024\/09\/13-CARLOS_quadro2-45x60.jpg 45w\" sizes=\"auto, (max-width: 300px) 100vw, 300px\" \/><\/noscript><\/figure>\n<\/div>\n\n\n<p>Carlos Pedroso dos Santos nasceu em 11 de outubro de 1946, em Tr\u00eas de Maio, filho de Nat\u00e1lio e Ema Pedroso dos Santos. Formado em Contabilidade e Tecn\u00f3logo em Processos Gerenciais, atualmente reside em Cascavel, Paran\u00e1. Hoje atua como contador, atendendo empresas no Paran\u00e1, Santa Catarina e Mato Grosso do Sul.<\/p>\n\n\n\n<p>Na literatura, Carlos se destacou como membro ativo da entidade Livrai-nos, apoiando escritores e participando como conferencista em eventos em faculdades de Cascavel. Estudou no Semin\u00e1rio Nossa Senhora de F\u00e1tima, em Tr\u00eas de Maio, no Semin\u00e1rio Nossa Senhora da Consolata, em S\u00e3o Manuel\/SP, na Escola Monteiro Lobato, em Tr\u00eas de Maio, e na UNINTER, em Curitiba.<\/p>\n\n\n\n<p>Carlos escreveu 16 livros, dos quais doze foram publicados. Suas obras incluem 14 romances de fic\u00e7\u00e3o, um livro de hist\u00f3ria infantil e um de poesias l\u00edricas. Entre seus t\u00edtulos est\u00e3o &#8220;Estradas Vermelhas&#8221;, &#8220;Tratores e Boitat\u00e1s&#8221;, &#8220;O Besouro e a Lamparina&#8221;, &#8220;Sonho de Papel&#8221;, &#8220;Aleluia&#8221;, &#8220;Dueto dos Sinos Rivais&#8221;, &#8220;As Flores do Precip\u00edcio&#8221;, &#8220;O Clarim Quebrado&#8221;, &#8220;A Casa da \u00c1rvore&#8221;, &#8220;A Lei da Vaca Amarela&#8221;, &#8220;Cantigas do Entardecer&#8221;, &#8220;Sobejos de Amor&#8221;, &#8220;Primavera sobre Ru\u00ednas&#8221;, &#8220;A Sombra das Laranjeiras&#8221;, &#8220;Uma Janela para a Vida&#8221; e &#8220;Ponte Queimada \u2013 O Suor de um Povo, o Sangue de uma Terra&#8221;, este \u00faltimo em parceria com o historiador Ediv\u00e3 Faoro, de Tr\u00eas de Maio.<\/p>\n\n\n\n<h6 class=\"wp-block-heading\">Cadeira n\u00ba 13 :: Patrono: <a href=\"https:\/\/alenrio.org.br\/site\/patronos\/mario-ferreira-de-oliveira\/\" data-type=\"page\" data-id=\"510\">M\u00e1rio Ferreira de Oliveira<\/a><\/h6>\n","protected":false},"excerpt":{"rendered":"<p>Carlos Pedroso dos Santos nasceu em 11 de outubro de 1946, em Tr\u00eas de Maio, filho de Nat\u00e1lio e Ema Pedroso dos Santos. Formado em Contabilidade e Tecn\u00f3logo em Processos Gerenciais, atualmente reside em Cascavel, Paran\u00e1. Hoje atua como contador, atendendo empresas no Paran\u00e1, Santa Catarina e Mato Grosso do Sul. Na literatura, Carlos se [&hellip;]<\/p>\n","protected":false},"author":1,"featured_media":0,"parent":45,"menu_order":0,"comment_status":"closed","ping_status":"closed","template":"","meta":{"_eb_attr":"","footnotes":""},"class_list":["post-462","page","type-page","status-publish","hentry"],"_links":{"self":[{"href":"https:\/\/alenrio.org.br\/site\/wp-json\/wp\/v2\/pages\/462","targetHints":{"allow":["GET"]}}],"collection":[{"href":"https:\/\/alenrio.org.br\/site\/wp-json\/wp\/v2\/pages"}],"about":[{"href":"https:\/\/alenrio.org.br\/site\/wp-json\/wp\/v2\/types\/page"}],"author":[{"embeddable":true,"href":"https:\/\/alenrio.org.br\/site\/wp-json\/wp\/v2\/users\/1"}],"replies":[{"embeddable":true,"href":"https:\/\/alenrio.org.br\/site\/wp-json\/wp\/v2\/comments?post=462"}],"version-history":[{"count":2,"href":"https:\/\/alenrio.org.br\/site\/wp-json\/wp\/v2\/pages\/462\/revisions"}],"predecessor-version":[{"id":567,"href":"https:\/\/alenrio.org.br\/site\/wp-json\/wp\/v2\/pages\/462\/revisions\/567"}],"up":[{"embeddable":true,"href":"https:\/\/alenrio.org.br\/site\/wp-json\/wp\/v2\/pages\/45"}],"wp:attachment":[{"href":"https:\/\/alenrio.org.br\/site\/wp-json\/wp\/v2\/media?parent=462"}],"curies":[{"name":"wp","href":"https:\/\/api.w.org\/{rel}","templated":true}]}}