{"id":466,"date":"2024-09-20T10:03:55","date_gmt":"2024-09-20T13:03:55","guid":{"rendered":"https:\/\/alenrio.org.br\/site\/?page_id=466"},"modified":"2024-09-20T14:37:45","modified_gmt":"2024-09-20T17:37:45","slug":"dalmiro-volnei-silva","status":"publish","type":"page","link":"https:\/\/alenrio.org.br\/site\/imortais\/dalmiro-volnei-silva\/","title":{"rendered":"Dalmiro Volnei Silva"},"content":{"rendered":"<div class=\"wp-block-image\">\n<figure class=\"alignright size-full is-resized\"><img  title=\"\" loading=\"lazy\" decoding=\"async\" width=\"300\" height=\"400\" data-src=\"https:\/\/alenrio.org.br\/site\/wp-content\/uploads\/2024\/09\/16-DALMIRO_quadro2.jpg\"  alt=\"16-DALMIRO_quadro2 Dalmiro Volnei Silva\"  class=\"wp-image-324 lazyload\" style=\"--smush-placeholder-width: 300px; --smush-placeholder-aspect-ratio: 300\/400;width:200px\" data-srcset=\"https:\/\/alenrio.org.br\/site\/wp-content\/uploads\/2024\/09\/16-DALMIRO_quadro2.jpg 300w, https:\/\/alenrio.org.br\/site\/wp-content\/uploads\/2024\/09\/16-DALMIRO_quadro2-225x300.jpg 225w, https:\/\/alenrio.org.br\/site\/wp-content\/uploads\/2024\/09\/16-DALMIRO_quadro2-45x60.jpg 45w\" data-sizes=\"auto, (max-width: 300px) 100vw, 300px\" src=\"data:image\/gif;base64,R0lGODlhAQABAAAAACH5BAEKAAEALAAAAAABAAEAAAICTAEAOw==\" \/><noscript><img  title=\"\" loading=\"lazy\" decoding=\"async\" width=\"300\" height=\"400\" src=\"https:\/\/alenrio.org.br\/site\/wp-content\/uploads\/2024\/09\/16-DALMIRO_quadro2.jpg\"  alt=\"16-DALMIRO_quadro2 Dalmiro Volnei Silva\"  class=\"wp-image-324\" style=\"width:200px\" srcset=\"https:\/\/alenrio.org.br\/site\/wp-content\/uploads\/2024\/09\/16-DALMIRO_quadro2.jpg 300w, https:\/\/alenrio.org.br\/site\/wp-content\/uploads\/2024\/09\/16-DALMIRO_quadro2-225x300.jpg 225w, https:\/\/alenrio.org.br\/site\/wp-content\/uploads\/2024\/09\/16-DALMIRO_quadro2-45x60.jpg 45w\" sizes=\"auto, (max-width: 300px) 100vw, 300px\" \/><\/noscript><\/figure>\n<\/div>\n\n\n<p>Dalmiro Volnei Silva nasceu em Santo Augusto, em 11 de abril de 1959. Filho de Erany Silva e Dalgiza Machado de Oliveira Silva. Formado em Sociologia, Teologia e Hist\u00f3ria. P\u00f3s-graduado em Ci\u00eancias Sociais e Educa\u00e7\u00e3o \u00e0 Dist\u00e2ncia. Atualmente desempenha suas atividades como escritor e pesquisador, especialista em escrever biografias. At\u00e9 os 40 anos de idade exercia a profiss\u00e3o de balconista, onde desempenhou a fun\u00e7\u00e3o em se\u00e7\u00e3o de pe\u00e7as por 37 anos. Em 1989, j\u00e1 com 40 anos de idade percebeu que o mundo havia mudado e n\u00e3o se encontrava mais nele, retomou os estudos e concluiu o ensino m\u00e9dio. Apaixonou-se pela sociologia e sua transforma\u00e7\u00e3o foi algo extraordin\u00e1rio, se descobriu pesquisador e escritor. Foi professor no Instituto Federal de Santo Augusto (IFF), professor no Instituto Educacional Erico Verissimo em Tr\u00eas Passos e Secret\u00e1rio Municipal de Educa\u00e7\u00e3o em Tr\u00eas Passos. Publicou as seguintes obras: Biografia de Osvaldo Afonso Bender; Os Brav\u00edssimos Camilotti; Biografia de Walter B\u00fcndchen; Biografia de Manoel Ant\u00f4nio Falc\u00e3o; Nossa \u00e1rvore da vida: Biografia de Nelcio Giovanella e Elite Maria Melz; Biografia da Fam\u00edlia Ullmann: Hist\u00f3ria, Trabalho e amor por Horizontina; Re &#8211; nascer, Re &#8211; construir, Gratid\u00e3o a vida; Document\u00e1rio da fam\u00edlia Silva (Santo Augusto); Document\u00e1rio da fam\u00edlia Camilotti. (Putinga). Obras em desenvolvimento: Biografia da fam\u00edlia Scheuermann (Ros\u00e1rio do Sul); Biografia da fam\u00edlia Souza (Bom Retiro do Sul); Biografia de Dirceu de Moura (Santo Augusto); Biografia de Arnoldo Ulmann (Horizontina); Biografia da fam\u00edlia Hermann (Ros\u00e1rio do Sul \u2013 Tr\u00eas Passos); Biografia da fam\u00edlia Izaquirri (Ros\u00e1rio do Sul) e Biografia de Valdir B\u00fcndchen (Horizontina).<\/p>\n\n\n\n<h6 class=\"wp-block-heading\">Cadeira n\u00ba 16 :: Patrono: <a href=\"https:\/\/alenrio.org.br\/site\/patronos\/sabino-archanjo-machado\/\" data-type=\"page\" data-id=\"516\">Sabino Archanjo Machado<\/a><\/h6>\n","protected":false},"excerpt":{"rendered":"<p>Dalmiro Volnei Silva nasceu em Santo Augusto, em 11 de abril de 1959. Filho de Erany Silva e Dalgiza Machado de Oliveira Silva. Formado em Sociologia, Teologia e Hist\u00f3ria. P\u00f3s-graduado em Ci\u00eancias Sociais e Educa\u00e7\u00e3o \u00e0 Dist\u00e2ncia. Atualmente desempenha suas atividades como escritor e pesquisador, especialista em escrever biografias. At\u00e9 os 40 anos de idade [&hellip;]<\/p>\n","protected":false},"author":1,"featured_media":0,"parent":45,"menu_order":0,"comment_status":"closed","ping_status":"closed","template":"","meta":{"_eb_attr":"","footnotes":""},"class_list":["post-466","page","type-page","status-publish","hentry"],"_links":{"self":[{"href":"https:\/\/alenrio.org.br\/site\/wp-json\/wp\/v2\/pages\/466","targetHints":{"allow":["GET"]}}],"collection":[{"href":"https:\/\/alenrio.org.br\/site\/wp-json\/wp\/v2\/pages"}],"about":[{"href":"https:\/\/alenrio.org.br\/site\/wp-json\/wp\/v2\/types\/page"}],"author":[{"embeddable":true,"href":"https:\/\/alenrio.org.br\/site\/wp-json\/wp\/v2\/users\/1"}],"replies":[{"embeddable":true,"href":"https:\/\/alenrio.org.br\/site\/wp-json\/wp\/v2\/comments?post=466"}],"version-history":[{"count":2,"href":"https:\/\/alenrio.org.br\/site\/wp-json\/wp\/v2\/pages\/466\/revisions"}],"predecessor-version":[{"id":570,"href":"https:\/\/alenrio.org.br\/site\/wp-json\/wp\/v2\/pages\/466\/revisions\/570"}],"up":[{"embeddable":true,"href":"https:\/\/alenrio.org.br\/site\/wp-json\/wp\/v2\/pages\/45"}],"wp:attachment":[{"href":"https:\/\/alenrio.org.br\/site\/wp-json\/wp\/v2\/media?parent=466"}],"curies":[{"name":"wp","href":"https:\/\/api.w.org\/{rel}","templated":true}]}}