{"id":468,"date":"2024-09-20T10:08:14","date_gmt":"2024-09-20T13:08:14","guid":{"rendered":"https:\/\/alenrio.org.br\/site\/?page_id=468"},"modified":"2026-03-09T09:20:04","modified_gmt":"2026-03-09T12:20:04","slug":"eugenio-frizzo","status":"publish","type":"page","link":"https:\/\/alenrio.org.br\/site\/imortais\/eugenio-frizzo\/","title":{"rendered":"Eugenio Frizzo"},"content":{"rendered":"<div class=\"wp-block-image\">\n<figure class=\"alignright size-full is-resized\"><img  title=\"\" loading=\"lazy\" decoding=\"async\" width=\"300\" height=\"400\" data-src=\"https:\/\/alenrio.org.br\/site\/wp-content\/uploads\/2024\/09\/17-EUGENIO-FRIZZO_quadro2.jpg\"  alt=\"17-EUGENIO-FRIZZO_quadro2 Eugenio Frizzo\"  class=\"wp-image-325 lazyload\" style=\"--smush-placeholder-width: 300px; --smush-placeholder-aspect-ratio: 300\/400;width:200px\" data-srcset=\"https:\/\/alenrio.org.br\/site\/wp-content\/uploads\/2024\/09\/17-EUGENIO-FRIZZO_quadro2.jpg 300w, https:\/\/alenrio.org.br\/site\/wp-content\/uploads\/2024\/09\/17-EUGENIO-FRIZZO_quadro2-225x300.jpg 225w, https:\/\/alenrio.org.br\/site\/wp-content\/uploads\/2024\/09\/17-EUGENIO-FRIZZO_quadro2-45x60.jpg 45w\" data-sizes=\"auto, (max-width: 300px) 100vw, 300px\" src=\"data:image\/gif;base64,R0lGODlhAQABAAAAACH5BAEKAAEALAAAAAABAAEAAAICTAEAOw==\" \/><noscript><img  title=\"\" loading=\"lazy\" decoding=\"async\" width=\"300\" height=\"400\" src=\"https:\/\/alenrio.org.br\/site\/wp-content\/uploads\/2024\/09\/17-EUGENIO-FRIZZO_quadro2.jpg\"  alt=\"17-EUGENIO-FRIZZO_quadro2 Eugenio Frizzo\"  class=\"wp-image-325\" style=\"width:200px\" srcset=\"https:\/\/alenrio.org.br\/site\/wp-content\/uploads\/2024\/09\/17-EUGENIO-FRIZZO_quadro2.jpg 300w, https:\/\/alenrio.org.br\/site\/wp-content\/uploads\/2024\/09\/17-EUGENIO-FRIZZO_quadro2-225x300.jpg 225w, https:\/\/alenrio.org.br\/site\/wp-content\/uploads\/2024\/09\/17-EUGENIO-FRIZZO_quadro2-45x60.jpg 45w\" sizes=\"auto, (max-width: 300px) 100vw, 300px\" \/><\/noscript><\/figure>\n<\/div>\n\n\n<p>Eugenio Frizzo nasceu em 21 de fevereiro de 1954, em Campo Novo, filho de Elizio Basilio Frizzo e Olina Biasi Frizzo. \u00c9 Engenheiro Civil com atua\u00e7\u00e3o nas regi\u00f5es Celeiro e Noroeste Colonial. Iniciou seus estudos em Sede Nova, completou o ensino m\u00e9dio em Iju\u00ed e formou-se em Engenharia Civil pela Universidade Federal de Santa Maria em 1980. Posteriormente, especializou-se em Planejamento Urbano e Gest\u00e3o Ambiental. Ap\u00f3s concluir seus estudos, Frizzo retornou \u00e0 regi\u00e3o e se estabeleceu em Santo Augusto, onde reside at\u00e9 hoje. Em sua atua\u00e7\u00e3o comunit\u00e1ria, destacou-se na cria\u00e7\u00e3o do Instituto Federal Farroupilha, campus de Santo Augusto, iniciativa realizada atrav\u00e9s de uma Funda\u00e7\u00e3o comunit\u00e1ria que ele liderou. A institui\u00e7\u00e3o oferece cursos t\u00e9cnicos e superiores em \u00e1reas como Agronomia, Administra\u00e7\u00e3o e Agroneg\u00f3cios.<\/p>\n\n\n\n<p>De origem italiana, Frizzo se interessou por pesquisas sobre imigra\u00e7\u00e3o a partir do in\u00edcio deste s\u00e9culo, tornando-se um pesquisador dedicado \u00e0 hist\u00f3ria local, regional e de fam\u00edlias. Seus estudos resultaram em um significativo acervo sobre o passado, que ele pretende publicar futuramente. Al\u00e9m disso, escreveu artigos e cr\u00f4nicas sobre quest\u00f5es sociais e econ\u00f4micas da regi\u00e3o, publicados no Jornal O Celeiro de Santo Augusto.<\/p>\n\n\n\n<p>Casado com Nara Maria Postay Frizzo, farmac\u00eautica bioqu\u00edmica, o casal tem dois filhos, que atuam nas \u00e1reas de Arquitetura e Geologia. Frizzo \u00e9 reconhecido por buscar solu\u00e7\u00f5es t\u00e9cnicas e econ\u00f4micas em seus projetos.<\/p>\n\n\n\n<h6 class=\"wp-block-heading\">Cadeira n\u00ba 17 :: Patronesse: <a href=\"https:\/\/alenrio.org.br\/site\/patronos\/diva-teixeira-lucas\/\" data-type=\"page\" data-id=\"518\">Diva Teixeira Lucas<\/a><\/h6>\n\n\n\n<p><\/p>\n","protected":false},"excerpt":{"rendered":"<p>Eugenio Frizzo nasceu em 21 de fevereiro de 1954, em Campo Novo, filho de Elizio Basilio Frizzo e Olina Biasi Frizzo. \u00c9 Engenheiro Civil com atua\u00e7\u00e3o nas regi\u00f5es Celeiro e Noroeste Colonial. Iniciou seus estudos em Sede Nova, completou o ensino m\u00e9dio em Iju\u00ed e formou-se em Engenharia Civil pela Universidade Federal de Santa Maria [&hellip;]<\/p>\n","protected":false},"author":1,"featured_media":0,"parent":45,"menu_order":0,"comment_status":"closed","ping_status":"closed","template":"","meta":{"_eb_attr":"","footnotes":""},"class_list":["post-468","page","type-page","status-publish","hentry"],"_links":{"self":[{"href":"https:\/\/alenrio.org.br\/site\/wp-json\/wp\/v2\/pages\/468","targetHints":{"allow":["GET"]}}],"collection":[{"href":"https:\/\/alenrio.org.br\/site\/wp-json\/wp\/v2\/pages"}],"about":[{"href":"https:\/\/alenrio.org.br\/site\/wp-json\/wp\/v2\/types\/page"}],"author":[{"embeddable":true,"href":"https:\/\/alenrio.org.br\/site\/wp-json\/wp\/v2\/users\/1"}],"replies":[{"embeddable":true,"href":"https:\/\/alenrio.org.br\/site\/wp-json\/wp\/v2\/comments?post=468"}],"version-history":[{"count":4,"href":"https:\/\/alenrio.org.br\/site\/wp-json\/wp\/v2\/pages\/468\/revisions"}],"predecessor-version":[{"id":1313,"href":"https:\/\/alenrio.org.br\/site\/wp-json\/wp\/v2\/pages\/468\/revisions\/1313"}],"up":[{"embeddable":true,"href":"https:\/\/alenrio.org.br\/site\/wp-json\/wp\/v2\/pages\/45"}],"wp:attachment":[{"href":"https:\/\/alenrio.org.br\/site\/wp-json\/wp\/v2\/media?parent=468"}],"curies":[{"name":"wp","href":"https:\/\/api.w.org\/{rel}","templated":true}]}}