{"id":470,"date":"2024-09-20T10:09:35","date_gmt":"2024-09-20T13:09:35","guid":{"rendered":"https:\/\/alenrio.org.br\/site\/?page_id=470"},"modified":"2024-09-20T14:41:40","modified_gmt":"2024-09-20T17:41:40","slug":"norberto-weber-werle","status":"publish","type":"page","link":"https:\/\/alenrio.org.br\/site\/imortais\/norberto-weber-werle\/","title":{"rendered":"Norberto Weber Werle"},"content":{"rendered":"<div class=\"wp-block-image\">\n<figure class=\"alignright size-full is-resized\"><img  title=\"\" loading=\"lazy\" decoding=\"async\" width=\"300\" height=\"400\" data-src=\"https:\/\/alenrio.org.br\/site\/wp-content\/uploads\/2024\/09\/18-NORBERTO_quadro2.jpg\"  alt=\"18-NORBERTO_quadro2 Norberto Weber Werle\"  class=\"wp-image-326 lazyload\" style=\"--smush-placeholder-width: 300px; --smush-placeholder-aspect-ratio: 300\/400;width:200px\" data-srcset=\"https:\/\/alenrio.org.br\/site\/wp-content\/uploads\/2024\/09\/18-NORBERTO_quadro2.jpg 300w, https:\/\/alenrio.org.br\/site\/wp-content\/uploads\/2024\/09\/18-NORBERTO_quadro2-225x300.jpg 225w, https:\/\/alenrio.org.br\/site\/wp-content\/uploads\/2024\/09\/18-NORBERTO_quadro2-45x60.jpg 45w\" data-sizes=\"auto, (max-width: 300px) 100vw, 300px\" src=\"data:image\/gif;base64,R0lGODlhAQABAAAAACH5BAEKAAEALAAAAAABAAEAAAICTAEAOw==\" \/><noscript><img  title=\"\" loading=\"lazy\" decoding=\"async\" width=\"300\" height=\"400\" src=\"https:\/\/alenrio.org.br\/site\/wp-content\/uploads\/2024\/09\/18-NORBERTO_quadro2.jpg\"  alt=\"18-NORBERTO_quadro2 Norberto Weber Werle\"  class=\"wp-image-326\" style=\"width:200px\" srcset=\"https:\/\/alenrio.org.br\/site\/wp-content\/uploads\/2024\/09\/18-NORBERTO_quadro2.jpg 300w, https:\/\/alenrio.org.br\/site\/wp-content\/uploads\/2024\/09\/18-NORBERTO_quadro2-225x300.jpg 225w, https:\/\/alenrio.org.br\/site\/wp-content\/uploads\/2024\/09\/18-NORBERTO_quadro2-45x60.jpg 45w\" sizes=\"auto, (max-width: 300px) 100vw, 300px\" \/><\/noscript><\/figure>\n<\/div>\n\n\n<p>Norberto Weber Werle, nascido em 20 de mar\u00e7o de 1993, em Pirap\u00f3, filho de Roberto Werle e Neuza Weber. Sua educa\u00e7\u00e3o come\u00e7ou na Escola P\u00fablica Henrique Sommer, com grande destaque acad\u00eamico. Em seguida, ingressou no Col\u00e9gio Polit\u00e9cnico da Universidade Federal de Santa Maria (UFSM), sendo aprovado em primeiro lugar.<\/p>\n\n\n\n<p>Aos 16 anos, Norberto prestou vestibular para Medicina na Universidade Federal de Santa Maria (UFSM), obtendo novamente o primeiro lugar, tanto na classifica\u00e7\u00e3o geral quanto na espec\u00edfica de Medicina. Possui especializa\u00e7\u00e3o em Neurologia, com resid\u00eancia na Pontif\u00edcia Universidade Cat\u00f3lica do Rio Grande do Sul (PUC-RS). <\/p>\n\n\n\n<p>Desde os quinze anos, Norberto desenvolveu o interesse pela escrita, influenciado por sua m\u00e3e, professora de L\u00edngua Portuguesa. A partir de 2021, intensificou sua atividade como cronista, publicando mais de 350 cr\u00f4nicas em jornais regionais, e compilou essas publica\u00e7\u00f5es em dois livros intitulados \u201cA Vida Como Ela \u00e9\u201d lan\u00e7ados em 2023 e 2024. Tamb\u00e9m \u00e9 autor de in\u00fameras publica\u00e7\u00f5es m\u00e9dicas em revistas cient\u00edficas.<\/p>\n\n\n\n<p>Atualmente, \u00e9 Professor Titular de Neurologia e Neurofarmacologia na Universidade Regional do Noroeste do Estado do Rio Grande do Sul (Uniju\u00ed) e apresenta um programa de r\u00e1dio na R\u00e1dio Santo \u00c2ngelo. Fundou o Instituto M\u00e9dico de Neurologia e o Instituto Neurofisiologia Miss\u00f5es em 2022. Sua trajet\u00f3ria na medicina e na escrita serve de inspira\u00e7\u00e3o para alunos, colegas e a comunidade.<\/p>\n\n\n\n<h6 class=\"wp-block-heading\">Cadeira n\u00ba 18 :: Patrono: <a href=\"https:\/\/alenrio.org.br\/site\/patronos\/mario-simon\/\" data-type=\"page\" data-id=\"520\">M\u00e1rio Simon<\/a><\/h6>\n","protected":false},"excerpt":{"rendered":"<p>Norberto Weber Werle, nascido em 20 de mar\u00e7o de 1993, em Pirap\u00f3, filho de Roberto Werle e Neuza Weber. Sua educa\u00e7\u00e3o come\u00e7ou na Escola P\u00fablica Henrique Sommer, com grande destaque acad\u00eamico. Em seguida, ingressou no Col\u00e9gio Polit\u00e9cnico da Universidade Federal de Santa Maria (UFSM), sendo aprovado em primeiro lugar. Aos 16 anos, Norberto prestou vestibular [&hellip;]<\/p>\n","protected":false},"author":1,"featured_media":0,"parent":45,"menu_order":0,"comment_status":"closed","ping_status":"closed","template":"","meta":{"_eb_attr":"","footnotes":""},"class_list":["post-470","page","type-page","status-publish","hentry"],"_links":{"self":[{"href":"https:\/\/alenrio.org.br\/site\/wp-json\/wp\/v2\/pages\/470","targetHints":{"allow":["GET"]}}],"collection":[{"href":"https:\/\/alenrio.org.br\/site\/wp-json\/wp\/v2\/pages"}],"about":[{"href":"https:\/\/alenrio.org.br\/site\/wp-json\/wp\/v2\/types\/page"}],"author":[{"embeddable":true,"href":"https:\/\/alenrio.org.br\/site\/wp-json\/wp\/v2\/users\/1"}],"replies":[{"embeddable":true,"href":"https:\/\/alenrio.org.br\/site\/wp-json\/wp\/v2\/comments?post=470"}],"version-history":[{"count":3,"href":"https:\/\/alenrio.org.br\/site\/wp-json\/wp\/v2\/pages\/470\/revisions"}],"predecessor-version":[{"id":574,"href":"https:\/\/alenrio.org.br\/site\/wp-json\/wp\/v2\/pages\/470\/revisions\/574"}],"up":[{"embeddable":true,"href":"https:\/\/alenrio.org.br\/site\/wp-json\/wp\/v2\/pages\/45"}],"wp:attachment":[{"href":"https:\/\/alenrio.org.br\/site\/wp-json\/wp\/v2\/media?parent=470"}],"curies":[{"name":"wp","href":"https:\/\/api.w.org\/{rel}","templated":true}]}}