{"id":475,"date":"2024-09-20T10:17:32","date_gmt":"2024-09-20T13:17:32","guid":{"rendered":"https:\/\/alenrio.org.br\/site\/?page_id=475"},"modified":"2024-11-27T09:52:25","modified_gmt":"2024-11-27T12:52:25","slug":"jacinto-anatolio-zabolotsky","status":"publish","type":"page","link":"https:\/\/alenrio.org.br\/site\/imortais\/jacinto-anatolio-zabolotsky\/","title":{"rendered":"Jacinto Anat\u00f3lio Zabolotsky"},"content":{"rendered":"<div class=\"wp-block-image\">\n<figure class=\"alignright size-full is-resized\"><img  title=\"\" loading=\"lazy\" decoding=\"async\" width=\"300\" height=\"400\" data-src=\"https:\/\/alenrio.org.br\/site\/wp-content\/uploads\/2024\/09\/15-JACINTO_quadro2.jpg\"  alt=\"15-JACINTO_quadro2 Jacinto Anat\u00f3lio Zabolotsky\"  class=\"wp-image-323 lazyload\" style=\"--smush-placeholder-width: 300px; --smush-placeholder-aspect-ratio: 300\/400;width:200px\" data-srcset=\"https:\/\/alenrio.org.br\/site\/wp-content\/uploads\/2024\/09\/15-JACINTO_quadro2.jpg 300w, https:\/\/alenrio.org.br\/site\/wp-content\/uploads\/2024\/09\/15-JACINTO_quadro2-225x300.jpg 225w, https:\/\/alenrio.org.br\/site\/wp-content\/uploads\/2024\/09\/15-JACINTO_quadro2-45x60.jpg 45w\" data-sizes=\"auto, (max-width: 300px) 100vw, 300px\" src=\"data:image\/gif;base64,R0lGODlhAQABAAAAACH5BAEKAAEALAAAAAABAAEAAAICTAEAOw==\" \/><noscript><img  title=\"\" loading=\"lazy\" decoding=\"async\" width=\"300\" height=\"400\" src=\"https:\/\/alenrio.org.br\/site\/wp-content\/uploads\/2024\/09\/15-JACINTO_quadro2.jpg\"  alt=\"15-JACINTO_quadro2 Jacinto Anat\u00f3lio Zabolotsky\"  class=\"wp-image-323\" style=\"width:200px\" srcset=\"https:\/\/alenrio.org.br\/site\/wp-content\/uploads\/2024\/09\/15-JACINTO_quadro2.jpg 300w, https:\/\/alenrio.org.br\/site\/wp-content\/uploads\/2024\/09\/15-JACINTO_quadro2-225x300.jpg 225w, https:\/\/alenrio.org.br\/site\/wp-content\/uploads\/2024\/09\/15-JACINTO_quadro2-45x60.jpg 45w\" sizes=\"auto, (max-width: 300px) 100vw, 300px\" \/><\/noscript><\/figure>\n<\/div>\n\n\n<p>Jacinto Anat\u00f3lio Zabolotsky nasceu em 3 de julho de 1956, em Campina das Miss\u00f5es, Rio Grande do Sul, filho de Jo\u00e3o e Ana Zabolotsky, imigrantes russos.<\/p>\n\n\n\n<p>Jacinto \u00e9 bacherel e mestre em Direito. Atua como professor universit\u00e1rio, contador, escritor, mediador e conciliador judicial. Falante de russo e espanhol, j\u00e1 foi colunista e cronista do programa A Voz da R\u00fassia.<\/p>\n\n\n\n<p>Atualmente, \u00e9 c\u00f4nsul honor\u00e1rio da R\u00fassia para o Rio Grande do Sul e Diretor Geral Brics\/Mercosul para assuntos da R\u00fassia. Preside a Associa\u00e7\u00e3o Cultural Russa Volga do Brasil, mantenedora do Grupo Folcl\u00f3rico Russo Troyka, e membro da diretoria da Igreja Ortodoxa Russa Ap\u00f3stolo S\u00e3o Jo\u00e3o Evangelista. Al\u00e9m disso, \u00e9 vice-presidente da C\u00e2mara de com\u00e9rcio, Ind\u00fastria e Turismo Brasil\/R\u00fassia para o Rio Grande do Sul e do Conselho Municipal de Cultura e Turismo de Campina das Miss\u00f5es. Representa o Rio Grande do Sul no Conselho Coordenador dos Compatriotas Russos no Brasil e foi presidente do Rotary Club de Campina das Miss\u00f5es (2012\/2013), governador assistente (2014\/2015), e atualmente diretor de imagem p\u00fablica.<\/p>\n\n\n\n<p>Publicou in\u00fameros livros, incluindo \u201cA imigra\u00e7\u00e3o russa no rs e no brasil \u2013 os longos caminhos da esperan\u00e7a\u201d, traduzido para o russo, e \u201cMeus dois corpos\u201d, sobre o fen\u00f4meno dos g\u00eameos. Em 2023, lan\u00e7ou \u201cA hist\u00f3ria da santa e beata X\u00eania \u2013 padroeira de S\u00e3o Petersburgo\u201d e \u201cAnita missioneira\u201d, escrito com No\u00e9 Teixeira.<\/p>\n\n\n\n<p>Idealizou monumentos como a cruz ortodoxa de seis metros em frente \u00e0 igreja ortodoxa russa e a primeira capela ortodoxa no Brasil, inaugurada em 2021. Tem contribu\u00eddo para a produ\u00e7\u00e3o de document\u00e1rios e reportagens sobre a cultura russa e a ortodoxia. Recebeu diversas condecora\u00e7\u00f5es, incluindo a medalha patriarcal da igreja ortodoxa russa e a medalha do ministro das rela\u00e7\u00f5es exteriores da Federa\u00e7\u00e3o Russa. Em junho de 2024, foi nomeado c\u00f4nsul honor\u00e1rio da Federa\u00e7\u00e3o Russa no Rio Grande do Sul.<\/p>\n\n\n\n<h6 class=\"wp-block-heading\">Cadeira n\u00ba 15 :: Patrono: <a href=\"https:\/\/alenrio.org.br\/site\/patronos\/alcides-coutinho-gerardon\/\" data-type=\"page\" data-id=\"514\">Alcides Gerardon<\/a><\/h6>\n","protected":false},"excerpt":{"rendered":"<p>Jacinto Anat\u00f3lio Zabolotsky nasceu em 3 de julho de 1956, em Campina das Miss\u00f5es, Rio Grande do Sul, filho de Jo\u00e3o e Ana Zabolotsky, imigrantes russos. Jacinto \u00e9 bacherel e mestre em Direito. Atua como professor universit\u00e1rio, contador, escritor, mediador e conciliador judicial. Falante de russo e espanhol, j\u00e1 foi colunista e cronista do programa [&hellip;]<\/p>\n","protected":false},"author":1,"featured_media":0,"parent":45,"menu_order":0,"comment_status":"closed","ping_status":"closed","template":"","meta":{"_eb_attr":"","footnotes":""},"class_list":["post-475","page","type-page","status-publish","hentry"],"_links":{"self":[{"href":"https:\/\/alenrio.org.br\/site\/wp-json\/wp\/v2\/pages\/475","targetHints":{"allow":["GET"]}}],"collection":[{"href":"https:\/\/alenrio.org.br\/site\/wp-json\/wp\/v2\/pages"}],"about":[{"href":"https:\/\/alenrio.org.br\/site\/wp-json\/wp\/v2\/types\/page"}],"author":[{"embeddable":true,"href":"https:\/\/alenrio.org.br\/site\/wp-json\/wp\/v2\/users\/1"}],"replies":[{"embeddable":true,"href":"https:\/\/alenrio.org.br\/site\/wp-json\/wp\/v2\/comments?post=475"}],"version-history":[{"count":3,"href":"https:\/\/alenrio.org.br\/site\/wp-json\/wp\/v2\/pages\/475\/revisions"}],"predecessor-version":[{"id":1010,"href":"https:\/\/alenrio.org.br\/site\/wp-json\/wp\/v2\/pages\/475\/revisions\/1010"}],"up":[{"embeddable":true,"href":"https:\/\/alenrio.org.br\/site\/wp-json\/wp\/v2\/pages\/45"}],"wp:attachment":[{"href":"https:\/\/alenrio.org.br\/site\/wp-json\/wp\/v2\/media?parent=475"}],"curies":[{"name":"wp","href":"https:\/\/api.w.org\/{rel}","templated":true}]}}