{"id":490,"date":"2024-09-20T12:01:20","date_gmt":"2024-09-20T15:01:20","guid":{"rendered":"https:\/\/alenrio.org.br\/site\/?page_id=490"},"modified":"2024-09-20T12:08:09","modified_gmt":"2024-09-20T15:08:09","slug":"pedro-stoelben","status":"publish","type":"page","link":"https:\/\/alenrio.org.br\/site\/patronos\/pedro-stoelben\/","title":{"rendered":"Pedro Stoelben"},"content":{"rendered":"<div class=\"wp-block-image\">\n<figure class=\"alignright size-large is-resized\"><img  title=\"\" loading=\"lazy\" decoding=\"async\" width=\"768\" height=\"1024\" data-src=\"https:\/\/alenrio.org.br\/site\/wp-content\/uploads\/2024\/09\/07-PADRE-PEDRO-768x1024.jpg\"  alt=\"07-PADRE-PEDRO-768x1024 Pedro Stoelben\"  class=\"wp-image-373 lazyload\" style=\"--smush-placeholder-width: 768px; --smush-placeholder-aspect-ratio: 768\/1024;width:200px\" data-srcset=\"https:\/\/alenrio.org.br\/site\/wp-content\/uploads\/2024\/09\/07-PADRE-PEDRO-768x1024.jpg 768w, https:\/\/alenrio.org.br\/site\/wp-content\/uploads\/2024\/09\/07-PADRE-PEDRO-225x300.jpg 225w, https:\/\/alenrio.org.br\/site\/wp-content\/uploads\/2024\/09\/07-PADRE-PEDRO-1152x1536.jpg 1152w, https:\/\/alenrio.org.br\/site\/wp-content\/uploads\/2024\/09\/07-PADRE-PEDRO-45x60.jpg 45w, https:\/\/alenrio.org.br\/site\/wp-content\/uploads\/2024\/09\/07-PADRE-PEDRO.jpg 1418w\" data-sizes=\"auto, (max-width: 768px) 100vw, 768px\" src=\"data:image\/gif;base64,R0lGODlhAQABAAAAACH5BAEKAAEALAAAAAABAAEAAAICTAEAOw==\" \/><noscript><img  title=\"\" loading=\"lazy\" decoding=\"async\" width=\"768\" height=\"1024\" src=\"https:\/\/alenrio.org.br\/site\/wp-content\/uploads\/2024\/09\/07-PADRE-PEDRO-768x1024.jpg\"  alt=\"07-PADRE-PEDRO-768x1024 Pedro Stoelben\"  class=\"wp-image-373\" style=\"width:200px\" srcset=\"https:\/\/alenrio.org.br\/site\/wp-content\/uploads\/2024\/09\/07-PADRE-PEDRO-768x1024.jpg 768w, https:\/\/alenrio.org.br\/site\/wp-content\/uploads\/2024\/09\/07-PADRE-PEDRO-225x300.jpg 225w, https:\/\/alenrio.org.br\/site\/wp-content\/uploads\/2024\/09\/07-PADRE-PEDRO-1152x1536.jpg 1152w, https:\/\/alenrio.org.br\/site\/wp-content\/uploads\/2024\/09\/07-PADRE-PEDRO-45x60.jpg 45w, https:\/\/alenrio.org.br\/site\/wp-content\/uploads\/2024\/09\/07-PADRE-PEDRO.jpg 1418w\" sizes=\"auto, (max-width: 768px) 100vw, 768px\" \/><\/noscript><\/figure>\n<\/div>\n\n\n<p>Pedro Stoelben foi um padre da regi\u00e3o Noroeste do Estado Rio Grande do Sul. Nasceu no dia 27 de outubro de 1897, em Santa Cruz do Sul e faleceu em Tucunduva com oitenta e dois anos, na quarta-feira da Semana Santa. Filho de Theodoro Stoelben e Anna Reis Stoelben. Ordenou-se Sacerdote em outubro de 1930. Atuou como vig\u00e1rio na Par\u00f3quia Nossa Senhora da Concei\u00e7\u00e3o de Tr\u00eas de Maio, juntamente com o Pe. Vicente Testane. Foi designado para organizar a instala\u00e7\u00e3o da Par\u00f3quia S\u00e3o Roque de Tucunduva e nomeado o Primeiro P\u00e1roco, onde permaneceu no cargo por 33 anos. Em 1949 foi criada a Par\u00f3quia Nossa Senhora do Ros\u00e1rio de Horizontina e Pe. Pedro foi nomeado o Primeiro P\u00e1roco e respondia pelas duas Par\u00f3quias. Foi um grande Mission\u00e1rio em nossa Regi\u00e3o. Atendia os munic\u00edpios que hoje compreendem Tucunduva, Novo Machado, Horizontina e Dr. Mauricio Cardoso, enfrentando todas as adversidades de uma \u00e9poca com pouca infraestrutura. Pe. Pedro gozava de grande estima do povo e das autoridades da Regi\u00e3o. Recebeu os t\u00edtulos de \u201cCidad\u00e3o Honor\u00e1rio de Tucunduva \u201ce \u201cCidad\u00e3o Tucunduvense\u201d. Al\u00e9m do Trabalho Pastoral, atendia pessoas com problemas de sa\u00fade e de relacionamento. <\/p>\n\n\n\n<p>No seu falecimento o Prefeito Jo\u00e3o Puhl decretou luto oficial por tr\u00eas dias. Pela gratid\u00e3o ao seu trabalho, na data de seu nascimento, realiza-se uma Caminhada Mission\u00e1ria da Igreja Matriz S\u00e3o Roque at\u00e9 o seu t\u00famulo, no Cemit\u00e9rio Municipal. \u00c9 patrono perp\u00e9tuo da cadeira n\u00ba 7 da Academia de Letras do Noroeste<br>do Rio Grande do Sul &#8211; Alenrio.<\/p>\n","protected":false},"excerpt":{"rendered":"<p>Pedro Stoelben foi um padre da regi\u00e3o Noroeste do Estado Rio Grande do Sul. Nasceu no dia 27 de outubro de 1897, em Santa Cruz do Sul e faleceu em Tucunduva com oitenta e dois anos, na quarta-feira da Semana Santa. Filho de Theodoro Stoelben e Anna Reis Stoelben. Ordenou-se Sacerdote em outubro de 1930. [&hellip;]<\/p>\n","protected":false},"author":1,"featured_media":0,"parent":360,"menu_order":0,"comment_status":"closed","ping_status":"closed","template":"","meta":{"_eb_attr":"","footnotes":""},"class_list":["post-490","page","type-page","status-publish","hentry"],"_links":{"self":[{"href":"https:\/\/alenrio.org.br\/site\/wp-json\/wp\/v2\/pages\/490","targetHints":{"allow":["GET"]}}],"collection":[{"href":"https:\/\/alenrio.org.br\/site\/wp-json\/wp\/v2\/pages"}],"about":[{"href":"https:\/\/alenrio.org.br\/site\/wp-json\/wp\/v2\/types\/page"}],"author":[{"embeddable":true,"href":"https:\/\/alenrio.org.br\/site\/wp-json\/wp\/v2\/users\/1"}],"replies":[{"embeddable":true,"href":"https:\/\/alenrio.org.br\/site\/wp-json\/wp\/v2\/comments?post=490"}],"version-history":[{"count":2,"href":"https:\/\/alenrio.org.br\/site\/wp-json\/wp\/v2\/pages\/490\/revisions"}],"predecessor-version":[{"id":504,"href":"https:\/\/alenrio.org.br\/site\/wp-json\/wp\/v2\/pages\/490\/revisions\/504"}],"up":[{"embeddable":true,"href":"https:\/\/alenrio.org.br\/site\/wp-json\/wp\/v2\/pages\/360"}],"wp:attachment":[{"href":"https:\/\/alenrio.org.br\/site\/wp-json\/wp\/v2\/media?parent=490"}],"curies":[{"name":"wp","href":"https:\/\/api.w.org\/{rel}","templated":true}]}}