{"id":493,"date":"2024-09-20T12:02:23","date_gmt":"2024-09-20T15:02:23","guid":{"rendered":"https:\/\/alenrio.org.br\/site\/?page_id=493"},"modified":"2024-09-20T12:09:11","modified_gmt":"2024-09-20T15:09:11","slug":"santino-oliveira-ferreira","status":"publish","type":"page","link":"https:\/\/alenrio.org.br\/site\/patronos\/santino-oliveira-ferreira\/","title":{"rendered":"Santino Oliveira Ferreira"},"content":{"rendered":"<div class=\"wp-block-image\">\n<figure class=\"alignright size-full is-resized\"><img  title=\"\" loading=\"lazy\" decoding=\"async\" width=\"465\" height=\"620\" data-src=\"https:\/\/alenrio.org.br\/site\/wp-content\/uploads\/2024\/09\/08-SANTINO.jpg\"  alt=\"08-SANTINO Santino Oliveira Ferreira\"  class=\"wp-image-378 lazyload\" style=\"--smush-placeholder-width: 465px; --smush-placeholder-aspect-ratio: 465\/620;width:200px\" data-srcset=\"https:\/\/alenrio.org.br\/site\/wp-content\/uploads\/2024\/09\/08-SANTINO.jpg 465w, https:\/\/alenrio.org.br\/site\/wp-content\/uploads\/2024\/09\/08-SANTINO-225x300.jpg 225w, https:\/\/alenrio.org.br\/site\/wp-content\/uploads\/2024\/09\/08-SANTINO-45x60.jpg 45w\" data-sizes=\"auto, (max-width: 465px) 100vw, 465px\" src=\"data:image\/gif;base64,R0lGODlhAQABAAAAACH5BAEKAAEALAAAAAABAAEAAAICTAEAOw==\" \/><noscript><img  title=\"\" loading=\"lazy\" decoding=\"async\" width=\"465\" height=\"620\" src=\"https:\/\/alenrio.org.br\/site\/wp-content\/uploads\/2024\/09\/08-SANTINO.jpg\"  alt=\"08-SANTINO Santino Oliveira Ferreira\"  class=\"wp-image-378\" style=\"width:200px\" srcset=\"https:\/\/alenrio.org.br\/site\/wp-content\/uploads\/2024\/09\/08-SANTINO.jpg 465w, https:\/\/alenrio.org.br\/site\/wp-content\/uploads\/2024\/09\/08-SANTINO-225x300.jpg 225w, https:\/\/alenrio.org.br\/site\/wp-content\/uploads\/2024\/09\/08-SANTINO-45x60.jpg 45w\" sizes=\"auto, (max-width: 465px) 100vw, 465px\" \/><\/noscript><\/figure>\n<\/div>\n\n\n<p><strong>Santino Oliveira Ferreira <\/strong>foi m\u00fasico e compositor. Nasceu no dia 21 de setembro de 1937, em Santo Ant\u00f4nio da Patrulha e faleceu em Tuparendi, aos 47 anos. Filho primog\u00eanito de Ad\u00e3o Ferreira e Ol\u00edvia Oliveira Ferreira. Casou-se com Arci Rauber e teve tr\u00eas filhos, Deisi, Leandro e Carolina. Perdeu a vis\u00e3o aos 16 anos de idade. Enquanto interno no Instituto Santa Luzia, estudou Teclas e Sopros, onde conheceu o m\u00e9todo Braile. Aperfei\u00e7oou seus estudos em viol\u00e3o, cavaquinho e cursou violino cl\u00e1ssico. Fundou o Conjunto Musical RG. Atuou em r\u00e1dios locais e ministrou cursos de viol\u00e3o e violino em v\u00e1rias cidades da regi\u00e3o noroeste. Atuou como professor de m\u00fasica na Escola Particular Vera Cruz, onde criou o Coral e o Festival da Can\u00e7\u00e3o. Comp\u00f4s a can\u00e7\u00e3o premiada \u201cExalta\u00e7\u00e3o ao Minuano\u201d. Ingressou no Grupo Musical Os Atuais a partir de 1970, onde atuou como maestro, guitarrista, vocalista e compositor, tendo destaque com a letra da m\u00fasica \u201cCarolina\u201d. Mais tarde, foi considerado o principal respons\u00e1vel por moldar o estilo musical da banda. Comp\u00f4s o Hino Municipal de Tuparendi em parceria de Haine Nedel, onde recebeu o t\u00edtulo de Cidad\u00e3o Tuparendiense. Deixou os palcos por problemas de sa\u00fade, mas seu legado persiste a cada bail\u00e3o, nas rodas de viol\u00e3o, em muitas r\u00e1dios, onde suas m\u00fasicas e seu trabalho \u00e9 lembrado at\u00e9 hoje. Santino encantava as pessoas, tinha muita espiritualidade, sensibilidade e carisma. Foi um excelente profissional e inspirou a vida de muitas pessoas. Sua vis\u00e3o ia muito al\u00e9m dos olhos, pois enxergava e tocava com a alma. \u00c9 patrono perp\u00e9tuo da cadeira n\u00ba 8 da Academia de Letras do Noroeste do Rio Grande do Sul &#8211; Alenrio.<\/p>\n","protected":false},"excerpt":{"rendered":"<p>Santino Oliveira Ferreira foi m\u00fasico e compositor. Nasceu no dia 21 de setembro de 1937, em Santo Ant\u00f4nio da Patrulha e faleceu em Tuparendi, aos 47 anos. Filho primog\u00eanito de Ad\u00e3o Ferreira e Ol\u00edvia Oliveira Ferreira. Casou-se com Arci Rauber e teve tr\u00eas filhos, Deisi, Leandro e Carolina. Perdeu a vis\u00e3o aos 16 anos de [&hellip;]<\/p>\n","protected":false},"author":1,"featured_media":0,"parent":360,"menu_order":0,"comment_status":"closed","ping_status":"closed","template":"","meta":{"_eb_attr":"","footnotes":""},"class_list":["post-493","page","type-page","status-publish","hentry"],"_links":{"self":[{"href":"https:\/\/alenrio.org.br\/site\/wp-json\/wp\/v2\/pages\/493","targetHints":{"allow":["GET"]}}],"collection":[{"href":"https:\/\/alenrio.org.br\/site\/wp-json\/wp\/v2\/pages"}],"about":[{"href":"https:\/\/alenrio.org.br\/site\/wp-json\/wp\/v2\/types\/page"}],"author":[{"embeddable":true,"href":"https:\/\/alenrio.org.br\/site\/wp-json\/wp\/v2\/users\/1"}],"replies":[{"embeddable":true,"href":"https:\/\/alenrio.org.br\/site\/wp-json\/wp\/v2\/comments?post=493"}],"version-history":[{"count":3,"href":"https:\/\/alenrio.org.br\/site\/wp-json\/wp\/v2\/pages\/493\/revisions"}],"predecessor-version":[{"id":506,"href":"https:\/\/alenrio.org.br\/site\/wp-json\/wp\/v2\/pages\/493\/revisions\/506"}],"up":[{"embeddable":true,"href":"https:\/\/alenrio.org.br\/site\/wp-json\/wp\/v2\/pages\/360"}],"wp:attachment":[{"href":"https:\/\/alenrio.org.br\/site\/wp-json\/wp\/v2\/media?parent=493"}],"curies":[{"name":"wp","href":"https:\/\/api.w.org\/{rel}","templated":true}]}}