{"id":495,"date":"2024-09-20T12:03:50","date_gmt":"2024-09-20T15:03:50","guid":{"rendered":"https:\/\/alenrio.org.br\/site\/?page_id=495"},"modified":"2024-09-20T12:03:50","modified_gmt":"2024-09-20T15:03:50","slug":"joao-puhl","status":"publish","type":"page","link":"https:\/\/alenrio.org.br\/site\/patronos\/joao-puhl\/","title":{"rendered":"Jo\u00e3o Puhl"},"content":{"rendered":"<div class=\"wp-block-image\">\n<figure class=\"alignright size-large is-resized\"><img  title=\"\" loading=\"lazy\" decoding=\"async\" width=\"768\" height=\"1024\" data-src=\"https:\/\/alenrio.org.br\/site\/wp-content\/uploads\/2024\/09\/09-JOAO-PUHL-768x1024.jpg\"  alt=\"09-JOAO-PUHL-768x1024 Jo\u00e3o Puhl\"  class=\"wp-image-370 lazyload\" style=\"--smush-placeholder-width: 768px; --smush-placeholder-aspect-ratio: 768\/1024;width:200px\" data-srcset=\"https:\/\/alenrio.org.br\/site\/wp-content\/uploads\/2024\/09\/09-JOAO-PUHL-768x1024.jpg 768w, https:\/\/alenrio.org.br\/site\/wp-content\/uploads\/2024\/09\/09-JOAO-PUHL-225x300.jpg 225w, https:\/\/alenrio.org.br\/site\/wp-content\/uploads\/2024\/09\/09-JOAO-PUHL-45x60.jpg 45w, https:\/\/alenrio.org.br\/site\/wp-content\/uploads\/2024\/09\/09-JOAO-PUHL.jpg 861w\" data-sizes=\"auto, (max-width: 768px) 100vw, 768px\" src=\"data:image\/gif;base64,R0lGODlhAQABAAAAACH5BAEKAAEALAAAAAABAAEAAAICTAEAOw==\" \/><noscript><img  title=\"\" loading=\"lazy\" decoding=\"async\" width=\"768\" height=\"1024\" src=\"https:\/\/alenrio.org.br\/site\/wp-content\/uploads\/2024\/09\/09-JOAO-PUHL-768x1024.jpg\"  alt=\"09-JOAO-PUHL-768x1024 Jo\u00e3o Puhl\"  class=\"wp-image-370\" style=\"width:200px\" srcset=\"https:\/\/alenrio.org.br\/site\/wp-content\/uploads\/2024\/09\/09-JOAO-PUHL-768x1024.jpg 768w, https:\/\/alenrio.org.br\/site\/wp-content\/uploads\/2024\/09\/09-JOAO-PUHL-225x300.jpg 225w, https:\/\/alenrio.org.br\/site\/wp-content\/uploads\/2024\/09\/09-JOAO-PUHL-45x60.jpg 45w, https:\/\/alenrio.org.br\/site\/wp-content\/uploads\/2024\/09\/09-JOAO-PUHL.jpg 861w\" sizes=\"auto, (max-width: 768px) 100vw, 768px\" \/><\/noscript><\/figure>\n<\/div>\n\n\n<p><strong>Jo\u00e3o Puhl<\/strong> foi um pol\u00edtico, incentivador da educa\u00e7\u00e3o e defensor da sa\u00fade p\u00fablica municipal. Nasceu no dia 14 de novembro de 1922, em Tupanciret\u00e3 e faleceu em Santa Rosa com 79 anos. Exerceu um valoroso trabalho em prol do desenvolvimento\u00a0do munic\u00edpio de Tucunduva. Foi integrante da Comiss\u00e3o Pr\u00f3-emancipa\u00e7\u00e3o de Tucunduva em 1957. Era Prefeito (Interventor &#8211; uma vez que Tucunduva era \u00c1rea de Seguran\u00e7a Nacional), em 1973, \u00e9poca da implanta\u00e7\u00e3o da Reforma de Ensino, pela Lei 5692\/71. O seu trabalho, a sua capacidade de media\u00e7\u00e3o e a sua lideran\u00e7a democr\u00e1tica, fundamentados em princ\u00edpios e valores, s\u00e3o legados que engrandeceram a hist\u00f3ria do munic\u00edpio de Tucunduva e a regi\u00e3o em que atuou. Entre as a\u00e7\u00f5es de Jo\u00e3o Puhl, destacam-se: incentivador da educa\u00e7\u00e3o e com memor\u00e1vel dedica\u00e7\u00e3o, envolveu-se\u00a0no planejamento, organiza\u00e7\u00e3o e implanta\u00e7\u00e3o do Plano Operativo da Educa\u00e7\u00e3o Municipal; Implanta\u00e7\u00e3o do sistema\u00a0de transporte escolar; Cria\u00e7\u00e3o, organiza\u00e7\u00e3o e amplia\u00e7\u00e3o da Biblioteca P\u00fablica Municipal; Realiza\u00e7\u00e3o dos Festivais Estudantis da Can\u00e7\u00e3o e da Poesia; A cria\u00e7\u00e3o da Secretaria Municipal da Sa\u00fade; Inaugura\u00e7\u00e3o da Ponte na ERS 305 que faz divisa entre os munic\u00edpios de Tucunduva e Tuparendi, sobre o\u00a0 Rio Santa Rosa; A inaugura\u00e7\u00e3o da Companhia Riograndense de Saneamento no sistema de abastecimento de \u00e1gua de Tucunduva; Funda\u00e7\u00e3o do Clube do Professor de Tucunduva. \u00c9 patrono perp\u00e9tuo da cadeira n\u00ba 9 da Academia de Letras do Noroeste do Rio Grande do Sul &#8211; Alenrio.<\/p>\n","protected":false},"excerpt":{"rendered":"<p>Jo\u00e3o Puhl foi um pol\u00edtico, incentivador da educa\u00e7\u00e3o e defensor da sa\u00fade p\u00fablica municipal. Nasceu no dia 14 de novembro de 1922, em Tupanciret\u00e3 e faleceu em Santa Rosa com 79 anos. Exerceu um valoroso trabalho em prol do desenvolvimento\u00a0do munic\u00edpio de Tucunduva. Foi integrante da Comiss\u00e3o Pr\u00f3-emancipa\u00e7\u00e3o de Tucunduva em 1957. Era Prefeito (Interventor [&hellip;]<\/p>\n","protected":false},"author":1,"featured_media":0,"parent":360,"menu_order":0,"comment_status":"closed","ping_status":"closed","template":"","meta":{"_eb_attr":"","footnotes":""},"class_list":["post-495","page","type-page","status-publish","hentry"],"_links":{"self":[{"href":"https:\/\/alenrio.org.br\/site\/wp-json\/wp\/v2\/pages\/495","targetHints":{"allow":["GET"]}}],"collection":[{"href":"https:\/\/alenrio.org.br\/site\/wp-json\/wp\/v2\/pages"}],"about":[{"href":"https:\/\/alenrio.org.br\/site\/wp-json\/wp\/v2\/types\/page"}],"author":[{"embeddable":true,"href":"https:\/\/alenrio.org.br\/site\/wp-json\/wp\/v2\/users\/1"}],"replies":[{"embeddable":true,"href":"https:\/\/alenrio.org.br\/site\/wp-json\/wp\/v2\/comments?post=495"}],"version-history":[{"count":1,"href":"https:\/\/alenrio.org.br\/site\/wp-json\/wp\/v2\/pages\/495\/revisions"}],"predecessor-version":[{"id":496,"href":"https:\/\/alenrio.org.br\/site\/wp-json\/wp\/v2\/pages\/495\/revisions\/496"}],"up":[{"embeddable":true,"href":"https:\/\/alenrio.org.br\/site\/wp-json\/wp\/v2\/pages\/360"}],"wp:attachment":[{"href":"https:\/\/alenrio.org.br\/site\/wp-json\/wp\/v2\/media?parent=495"}],"curies":[{"name":"wp","href":"https:\/\/api.w.org\/{rel}","templated":true}]}}