{"id":510,"date":"2024-09-20T13:30:55","date_gmt":"2024-09-20T16:30:55","guid":{"rendered":"https:\/\/alenrio.org.br\/site\/?page_id=510"},"modified":"2024-09-20T13:30:55","modified_gmt":"2024-09-20T16:30:55","slug":"mario-ferreira-de-oliveira","status":"publish","type":"page","link":"https:\/\/alenrio.org.br\/site\/patronos\/mario-ferreira-de-oliveira\/","title":{"rendered":"M\u00e1rio Ferreira de Oliveira"},"content":{"rendered":"<div class=\"wp-block-image\">\n<figure class=\"alignright size-full is-resized\"><img  title=\"\" loading=\"lazy\" decoding=\"async\" width=\"765\" height=\"1020\" data-src=\"https:\/\/alenrio.org.br\/site\/wp-content\/uploads\/2024\/09\/13-MARIO-FB.jpg\"  alt=\"13-MARIO-FB M\u00e1rio Ferreira de Oliveira\"  class=\"wp-image-371 lazyload\" style=\"--smush-placeholder-width: 765px; --smush-placeholder-aspect-ratio: 765\/1020;width:200px\" data-srcset=\"https:\/\/alenrio.org.br\/site\/wp-content\/uploads\/2024\/09\/13-MARIO-FB.jpg 765w, https:\/\/alenrio.org.br\/site\/wp-content\/uploads\/2024\/09\/13-MARIO-FB-225x300.jpg 225w, https:\/\/alenrio.org.br\/site\/wp-content\/uploads\/2024\/09\/13-MARIO-FB-45x60.jpg 45w\" data-sizes=\"auto, (max-width: 765px) 100vw, 765px\" src=\"data:image\/gif;base64,R0lGODlhAQABAAAAACH5BAEKAAEALAAAAAABAAEAAAICTAEAOw==\" \/><noscript><img  title=\"\" loading=\"lazy\" decoding=\"async\" width=\"765\" height=\"1020\" src=\"https:\/\/alenrio.org.br\/site\/wp-content\/uploads\/2024\/09\/13-MARIO-FB.jpg\"  alt=\"13-MARIO-FB M\u00e1rio Ferreira de Oliveira\"  class=\"wp-image-371\" style=\"width:200px\" srcset=\"https:\/\/alenrio.org.br\/site\/wp-content\/uploads\/2024\/09\/13-MARIO-FB.jpg 765w, https:\/\/alenrio.org.br\/site\/wp-content\/uploads\/2024\/09\/13-MARIO-FB-225x300.jpg 225w, https:\/\/alenrio.org.br\/site\/wp-content\/uploads\/2024\/09\/13-MARIO-FB-45x60.jpg 45w\" sizes=\"auto, (max-width: 765px) 100vw, 765px\" \/><\/noscript><\/figure>\n<\/div>\n\n\n<p><strong>M\u00e1rio Ferreira de Oliveira<\/strong> nasceu em 2 de maio de 1937 em Tr\u00eas de Maio, Santa Rosa, Rio Grande do Sul, filho de Rom\u00e1rio Correia de Oliveira e Clementina Ferreira de Oliveira. Autodidata, destacou-se como escritor de 14 romances. Sua paix\u00e3o pela literatura o levou a participar de entrevistas em r\u00e1dio e televis\u00e3o, inclusive em rede nacional. Frequentemente palestrou em col\u00e9gios de Cascavel e regi\u00e3o, contribuindo para a funda\u00e7\u00e3o da Academia de Letras de Cascavel, embora tenha renunciado \u00e0 sua cadeira por mod\u00e9stia. M\u00e1rio tamb\u00e9m foi membro da LIVRAI-NOS de Cascavel, promovendo a cultura local.<\/p>\n\n\n\n<p>Filho de agricultores sem terras, lutou pela reforma agr\u00e1ria e foi preso na d\u00e9cada de 1960 por ser considerado subversivo. Entre suas obras est\u00e3o \u201cO Alien\u00edgena\u201d, \u201cO Peregrino\u201d, \u201cO Caminho do Bem\u201d, \u201cDrogas Nunca Mais\u201d, \u201cEletr\u00f4nica da Vida\u201d, \u201cVivendo e Aprendendo\u201d, \u201cFagulhas\u201d, \u201cPensamento\u201d, \u201cEncontro Comigo Mesmo\u201d, \u201cA Ararinha Azul e o Senador\u201d, \u201cFragmentos\u201d e \u201cIvo Spengler o Barateira\u201d. M\u00e1rio Ferreira de Oliveira foi um pensador e escritor dedicado, cujas contribui\u00e7\u00f5es liter\u00e1rias e sociais continuam a inspirar. Faleceu em 20 de outubro de 2021, em Cascavel, Paran\u00e1.<\/p>\n","protected":false},"excerpt":{"rendered":"<p>M\u00e1rio Ferreira de Oliveira nasceu em 2 de maio de 1937 em Tr\u00eas de Maio, Santa Rosa, Rio Grande do Sul, filho de Rom\u00e1rio Correia de Oliveira e Clementina Ferreira de Oliveira. Autodidata, destacou-se como escritor de 14 romances. Sua paix\u00e3o pela literatura o levou a participar de entrevistas em r\u00e1dio e televis\u00e3o, inclusive em [&hellip;]<\/p>\n","protected":false},"author":1,"featured_media":0,"parent":360,"menu_order":0,"comment_status":"closed","ping_status":"closed","template":"","meta":{"_eb_attr":"","footnotes":""},"class_list":["post-510","page","type-page","status-publish","hentry"],"_links":{"self":[{"href":"https:\/\/alenrio.org.br\/site\/wp-json\/wp\/v2\/pages\/510","targetHints":{"allow":["GET"]}}],"collection":[{"href":"https:\/\/alenrio.org.br\/site\/wp-json\/wp\/v2\/pages"}],"about":[{"href":"https:\/\/alenrio.org.br\/site\/wp-json\/wp\/v2\/types\/page"}],"author":[{"embeddable":true,"href":"https:\/\/alenrio.org.br\/site\/wp-json\/wp\/v2\/users\/1"}],"replies":[{"embeddable":true,"href":"https:\/\/alenrio.org.br\/site\/wp-json\/wp\/v2\/comments?post=510"}],"version-history":[{"count":1,"href":"https:\/\/alenrio.org.br\/site\/wp-json\/wp\/v2\/pages\/510\/revisions"}],"predecessor-version":[{"id":511,"href":"https:\/\/alenrio.org.br\/site\/wp-json\/wp\/v2\/pages\/510\/revisions\/511"}],"up":[{"embeddable":true,"href":"https:\/\/alenrio.org.br\/site\/wp-json\/wp\/v2\/pages\/360"}],"wp:attachment":[{"href":"https:\/\/alenrio.org.br\/site\/wp-json\/wp\/v2\/media?parent=510"}],"curies":[{"name":"wp","href":"https:\/\/api.w.org\/{rel}","templated":true}]}}