{"id":512,"date":"2024-09-20T13:32:18","date_gmt":"2024-09-20T16:32:18","guid":{"rendered":"https:\/\/alenrio.org.br\/site\/?page_id=512"},"modified":"2024-09-20T13:32:18","modified_gmt":"2024-09-20T16:32:18","slug":"antonio-leutchuk","status":"publish","type":"page","link":"https:\/\/alenrio.org.br\/site\/patronos\/antonio-leutchuk\/","title":{"rendered":"Antonio Leutchuk"},"content":{"rendered":"<div class=\"wp-block-image\">\n<figure class=\"alignright size-full is-resized\"><img  title=\"\" loading=\"lazy\" decoding=\"async\" width=\"769\" height=\"1025\" data-src=\"https:\/\/alenrio.org.br\/site\/wp-content\/uploads\/2024\/09\/14-ANTONIO.png\"  alt=\"14-ANTONIO Antonio Leutchuk\"  class=\"wp-image-374 lazyload\" style=\"--smush-placeholder-width: 769px; --smush-placeholder-aspect-ratio: 769\/1025;width:200px\" data-srcset=\"https:\/\/alenrio.org.br\/site\/wp-content\/uploads\/2024\/09\/14-ANTONIO.png 769w, https:\/\/alenrio.org.br\/site\/wp-content\/uploads\/2024\/09\/14-ANTONIO-225x300.png 225w, https:\/\/alenrio.org.br\/site\/wp-content\/uploads\/2024\/09\/14-ANTONIO-45x60.png 45w\" data-sizes=\"auto, (max-width: 769px) 100vw, 769px\" src=\"data:image\/gif;base64,R0lGODlhAQABAAAAACH5BAEKAAEALAAAAAABAAEAAAICTAEAOw==\" \/><noscript><img  title=\"\" loading=\"lazy\" decoding=\"async\" width=\"769\" height=\"1025\" src=\"https:\/\/alenrio.org.br\/site\/wp-content\/uploads\/2024\/09\/14-ANTONIO.png\"  alt=\"14-ANTONIO Antonio Leutchuk\"  class=\"wp-image-374\" style=\"width:200px\" srcset=\"https:\/\/alenrio.org.br\/site\/wp-content\/uploads\/2024\/09\/14-ANTONIO.png 769w, https:\/\/alenrio.org.br\/site\/wp-content\/uploads\/2024\/09\/14-ANTONIO-225x300.png 225w, https:\/\/alenrio.org.br\/site\/wp-content\/uploads\/2024\/09\/14-ANTONIO-45x60.png 45w\" sizes=\"auto, (max-width: 769px) 100vw, 769px\" \/><\/noscript><\/figure>\n<\/div>\n\n\n<p><strong>Antonio Leutchuk <\/strong>nasceu em Santa Rosa, em 20 de outubro de 1935, filho dos imigrantes ucranianos Alexandre e Maria Leutchuk. Formado em Medicina pela Universidade Federal de Santa Maria, em 1963, especializou-se em Oftalmotorrinolaringologia. Em 1964, estabeleceu-se em Tr\u00eas Passos, onde exerceu a profiss\u00e3o e se envolveu em atividades sociais e pol\u00edticas. Casado com a professora Maria C\u00e9lia, teve cinco filhas: D\u00fanya, Daniela, Adriana, Patr\u00edcia e Fernanda.<\/p>\n\n\n\n<p>Na juventude, militou por reformas sociais e participou do movimento da Legalidade, sendo preso e absolvido pela Justi\u00e7a Militar. Em 1984, liderou o movimento Diretas J\u00e1! na Regi\u00e3o Celeiro e foi delegado na Conven\u00e7\u00e3o Nacional que indicou Tancredo Neves \u00e0 Presid\u00eancia. Em 1985, ajudou a fundar o PT de Tr\u00eas Passos e foi candidato a prefeito em 1992.<\/p>\n\n\n\n<p>Antonio tamb\u00e9m se dedicou \u00e0 cultura, sendo s\u00f3cio fundador do Movimento Pr\u00f3-Arte de Tr\u00eas Passos e ativo em debates pol\u00edticos. Apaixonado pelo Gr\u00eamio Foot-Ball Porto Alegrense, ajudou a fundar o e pelo Tr\u00eas Passos Atl\u00e9tico Clube (TAC) e foi seu primeiro presidente. Antonio Leutchuk deixou um legado de dedica\u00e7\u00e3o \u00e0 medicina, pol\u00edtica, cultura e esporte. Faleceu em 21 de setembro de 2006, em Porto Alegre.<\/p>\n","protected":false},"excerpt":{"rendered":"<p>Antonio Leutchuk nasceu em Santa Rosa, em 20 de outubro de 1935, filho dos imigrantes ucranianos Alexandre e Maria Leutchuk. Formado em Medicina pela Universidade Federal de Santa Maria, em 1963, especializou-se em Oftalmotorrinolaringologia. Em 1964, estabeleceu-se em Tr\u00eas Passos, onde exerceu a profiss\u00e3o e se envolveu em atividades sociais e pol\u00edticas. Casado com a [&hellip;]<\/p>\n","protected":false},"author":1,"featured_media":0,"parent":360,"menu_order":0,"comment_status":"closed","ping_status":"closed","template":"","meta":{"_eb_attr":"","footnotes":""},"class_list":["post-512","page","type-page","status-publish","hentry"],"_links":{"self":[{"href":"https:\/\/alenrio.org.br\/site\/wp-json\/wp\/v2\/pages\/512","targetHints":{"allow":["GET"]}}],"collection":[{"href":"https:\/\/alenrio.org.br\/site\/wp-json\/wp\/v2\/pages"}],"about":[{"href":"https:\/\/alenrio.org.br\/site\/wp-json\/wp\/v2\/types\/page"}],"author":[{"embeddable":true,"href":"https:\/\/alenrio.org.br\/site\/wp-json\/wp\/v2\/users\/1"}],"replies":[{"embeddable":true,"href":"https:\/\/alenrio.org.br\/site\/wp-json\/wp\/v2\/comments?post=512"}],"version-history":[{"count":1,"href":"https:\/\/alenrio.org.br\/site\/wp-json\/wp\/v2\/pages\/512\/revisions"}],"predecessor-version":[{"id":513,"href":"https:\/\/alenrio.org.br\/site\/wp-json\/wp\/v2\/pages\/512\/revisions\/513"}],"up":[{"embeddable":true,"href":"https:\/\/alenrio.org.br\/site\/wp-json\/wp\/v2\/pages\/360"}],"wp:attachment":[{"href":"https:\/\/alenrio.org.br\/site\/wp-json\/wp\/v2\/media?parent=512"}],"curies":[{"name":"wp","href":"https:\/\/api.w.org\/{rel}","templated":true}]}}