{"id":514,"date":"2024-09-20T13:33:17","date_gmt":"2024-09-20T16:33:17","guid":{"rendered":"https:\/\/alenrio.org.br\/site\/?page_id=514"},"modified":"2024-09-20T13:33:17","modified_gmt":"2024-09-20T16:33:17","slug":"alcides-coutinho-gerardon","status":"publish","type":"page","link":"https:\/\/alenrio.org.br\/site\/patronos\/alcides-coutinho-gerardon\/","title":{"rendered":"Alcides Coutinho Gerardon"},"content":{"rendered":"<div class=\"wp-block-image\">\n<figure class=\"alignright size-full is-resized\"><img  title=\"\" loading=\"lazy\" decoding=\"async\" width=\"650\" height=\"867\" data-src=\"https:\/\/alenrio.org.br\/site\/wp-content\/uploads\/2024\/09\/15-ALCIDES.jpg\"  alt=\"15-ALCIDES Alcides Coutinho Gerardon\"  class=\"wp-image-366 lazyload\" style=\"--smush-placeholder-width: 650px; --smush-placeholder-aspect-ratio: 650\/867;width:200px\" data-srcset=\"https:\/\/alenrio.org.br\/site\/wp-content\/uploads\/2024\/09\/15-ALCIDES.jpg 650w, https:\/\/alenrio.org.br\/site\/wp-content\/uploads\/2024\/09\/15-ALCIDES-225x300.jpg 225w, https:\/\/alenrio.org.br\/site\/wp-content\/uploads\/2024\/09\/15-ALCIDES-45x60.jpg 45w\" data-sizes=\"auto, (max-width: 650px) 100vw, 650px\" src=\"data:image\/gif;base64,R0lGODlhAQABAAAAACH5BAEKAAEALAAAAAABAAEAAAICTAEAOw==\" \/><noscript><img  title=\"\" loading=\"lazy\" decoding=\"async\" width=\"650\" height=\"867\" src=\"https:\/\/alenrio.org.br\/site\/wp-content\/uploads\/2024\/09\/15-ALCIDES.jpg\"  alt=\"15-ALCIDES Alcides Coutinho Gerardon\"  class=\"wp-image-366\" style=\"width:200px\" srcset=\"https:\/\/alenrio.org.br\/site\/wp-content\/uploads\/2024\/09\/15-ALCIDES.jpg 650w, https:\/\/alenrio.org.br\/site\/wp-content\/uploads\/2024\/09\/15-ALCIDES-225x300.jpg 225w, https:\/\/alenrio.org.br\/site\/wp-content\/uploads\/2024\/09\/15-ALCIDES-45x60.jpg 45w\" sizes=\"auto, (max-width: 650px) 100vw, 650px\" \/><\/noscript><\/figure>\n<\/div>\n\n\n<p><strong>Alcides Coutinho Gerardon<\/strong> nasceu em 18 de outubro de 1945, em Maur\u00edcio Cardoso, Rio Grande do Sul. Filho de Pedro Firminio Gerardon, come\u00e7ou a tocar acordeon aos sete anos no sal\u00e3o de bailes de seu pai. Casado com Deonir Remor Gerardon, teve tr\u00eas filhos: Sandra, Solange e Sidnei, al\u00e9m de sete netos e dois bisnetos.<\/p>\n\n\n\n<p>Em 1975, fundou o conjunto regionalista \u201cOs Tiaraj\u00fas\u201d, animando fandangos at\u00e9 2010. Gravou dois discos em 1982 e 1985, e participou de mais tr\u00eas. Inspirado pelos Irm\u00e3os Bertussi, Alcides gravou seis discos, entre CDs e DVDs, sendo o \u00faltimo em 2020 com Osvaldo Spetch. Apaixonado por seu acordeon de dois andares, herdado de seu tio Afonso, Alcides contribuiu significativamente para a m\u00fasica missioneira e regionalista do Rio Grande do Sul e do sul do Brasil, deixando um legado hist\u00f3rico, art\u00edstico e cultural admir\u00e1vel. Faleceu em 24 de julho de 2021, em Santa Rosa.<\/p>\n","protected":false},"excerpt":{"rendered":"<p>Alcides Coutinho Gerardon nasceu em 18 de outubro de 1945, em Maur\u00edcio Cardoso, Rio Grande do Sul. Filho de Pedro Firminio Gerardon, come\u00e7ou a tocar acordeon aos sete anos no sal\u00e3o de bailes de seu pai. Casado com Deonir Remor Gerardon, teve tr\u00eas filhos: Sandra, Solange e Sidnei, al\u00e9m de sete netos e dois bisnetos. [&hellip;]<\/p>\n","protected":false},"author":1,"featured_media":0,"parent":360,"menu_order":0,"comment_status":"closed","ping_status":"closed","template":"","meta":{"_eb_attr":"","footnotes":""},"class_list":["post-514","page","type-page","status-publish","hentry"],"_links":{"self":[{"href":"https:\/\/alenrio.org.br\/site\/wp-json\/wp\/v2\/pages\/514","targetHints":{"allow":["GET"]}}],"collection":[{"href":"https:\/\/alenrio.org.br\/site\/wp-json\/wp\/v2\/pages"}],"about":[{"href":"https:\/\/alenrio.org.br\/site\/wp-json\/wp\/v2\/types\/page"}],"author":[{"embeddable":true,"href":"https:\/\/alenrio.org.br\/site\/wp-json\/wp\/v2\/users\/1"}],"replies":[{"embeddable":true,"href":"https:\/\/alenrio.org.br\/site\/wp-json\/wp\/v2\/comments?post=514"}],"version-history":[{"count":1,"href":"https:\/\/alenrio.org.br\/site\/wp-json\/wp\/v2\/pages\/514\/revisions"}],"predecessor-version":[{"id":515,"href":"https:\/\/alenrio.org.br\/site\/wp-json\/wp\/v2\/pages\/514\/revisions\/515"}],"up":[{"embeddable":true,"href":"https:\/\/alenrio.org.br\/site\/wp-json\/wp\/v2\/pages\/360"}],"wp:attachment":[{"href":"https:\/\/alenrio.org.br\/site\/wp-json\/wp\/v2\/media?parent=514"}],"curies":[{"name":"wp","href":"https:\/\/api.w.org\/{rel}","templated":true}]}}