{"id":516,"date":"2024-09-20T13:34:23","date_gmt":"2024-09-20T16:34:23","guid":{"rendered":"https:\/\/alenrio.org.br\/site\/?page_id=516"},"modified":"2024-09-20T13:34:23","modified_gmt":"2024-09-20T16:34:23","slug":"sabino-archanjo-machado","status":"publish","type":"page","link":"https:\/\/alenrio.org.br\/site\/patronos\/sabino-archanjo-machado\/","title":{"rendered":"Sabino Archanjo Machado"},"content":{"rendered":"<div class=\"wp-block-image\">\n<figure class=\"alignright size-large is-resized\"><img  title=\"\" loading=\"lazy\" decoding=\"async\" width=\"768\" height=\"1024\" data-src=\"https:\/\/alenrio.org.br\/site\/wp-content\/uploads\/2024\/09\/16-SABINO-768x1024.jpg\"  alt=\"16-SABINO-768x1024 Sabino Archanjo Machado\"  class=\"wp-image-379 lazyload\" style=\"--smush-placeholder-width: 768px; --smush-placeholder-aspect-ratio: 768\/1024;width:200px\" data-srcset=\"https:\/\/alenrio.org.br\/site\/wp-content\/uploads\/2024\/09\/16-SABINO-768x1024.jpg 768w, https:\/\/alenrio.org.br\/site\/wp-content\/uploads\/2024\/09\/16-SABINO-225x300.jpg 225w, https:\/\/alenrio.org.br\/site\/wp-content\/uploads\/2024\/09\/16-SABINO-45x60.jpg 45w, https:\/\/alenrio.org.br\/site\/wp-content\/uploads\/2024\/09\/16-SABINO.jpg 1133w\" data-sizes=\"auto, (max-width: 768px) 100vw, 768px\" src=\"data:image\/gif;base64,R0lGODlhAQABAAAAACH5BAEKAAEALAAAAAABAAEAAAICTAEAOw==\" \/><noscript><img  title=\"\" loading=\"lazy\" decoding=\"async\" width=\"768\" height=\"1024\" src=\"https:\/\/alenrio.org.br\/site\/wp-content\/uploads\/2024\/09\/16-SABINO-768x1024.jpg\"  alt=\"16-SABINO-768x1024 Sabino Archanjo Machado\"  class=\"wp-image-379\" style=\"width:200px\" srcset=\"https:\/\/alenrio.org.br\/site\/wp-content\/uploads\/2024\/09\/16-SABINO-768x1024.jpg 768w, https:\/\/alenrio.org.br\/site\/wp-content\/uploads\/2024\/09\/16-SABINO-225x300.jpg 225w, https:\/\/alenrio.org.br\/site\/wp-content\/uploads\/2024\/09\/16-SABINO-45x60.jpg 45w, https:\/\/alenrio.org.br\/site\/wp-content\/uploads\/2024\/09\/16-SABINO.jpg 1133w\" sizes=\"auto, (max-width: 768px) 100vw, 768px\" \/><\/noscript><\/figure>\n<\/div>\n\n\n<p><strong>Sabino Archanjo Machado <\/strong>nasceu em Rinc\u00e3o Reuno, Campo Novo, em 29 de setembro de 1927, filho de Modesto Roque e Maria Concei\u00e7\u00e3o Machado. Demonstrou desde cedo dedica\u00e7\u00e3o \u00e0 educa\u00e7\u00e3o e \u00e0 administra\u00e7\u00e3o p\u00fablica. Estudou em v\u00e1rias escolas da regi\u00e3o e trabalhou em diversas fun\u00e7\u00f5es, incluindo seleiro e motorista, antes de ingressar na pol\u00edtica. Casado com a italiana Jandira Baraldi, teve quatro filhos: Nair Terezinha, Edison, Cl\u00f3vis e T\u00e2nia Regina.<\/p>\n\n\n\n<p>Sua carreira pol\u00edtica destacou-se pelo desejo de emancipa\u00e7\u00e3o de Campo Novo, culminando na sua elei\u00e7\u00e3o como o primeiro prefeito do munic\u00edpio em 1959, sendo o mais jovem da hist\u00f3ria local. Durante seu mandato, Sabino focou na organiza\u00e7\u00e3o administrativa e no desenvolvimento da educa\u00e7\u00e3o, sa\u00fade e infraestrutura, atuando na constru\u00e7\u00e3o de in\u00fameras escolas estaduais, muitas na \u00e1rea rural. Implementou a Escola Estadual S\u00e3o Francisco de Sales e criou a Biblioteca Municipal. Tamb\u00e9m estabeleceu parcerias com a comunidade para melhorar as condi\u00e7\u00f5es educacionais.<\/p>\n\n\n\n<p>Ap\u00f3s seu mandato, continuou servindo como escriv\u00e3o distrital e oficial de registros p\u00fablicos. Admirador de Get\u00falio Vargas e Leonel Brizola, foi um l\u00edder incans\u00e1vel na luta pela liberdade e organiza\u00e7\u00e3o comunit\u00e1ria, fundando e liderando o MDB e o PDT locais. Seu legado inclui importantes contribui\u00e7\u00f5es para a estrutura educacional e administrativa de Campo Novo, tornando-o uma figura central na hist\u00f3ria da regi\u00e3o. Faleceu em Tr\u00eas Passos, em 24 de julho de 2021.<\/p>\n","protected":false},"excerpt":{"rendered":"<p>Sabino Archanjo Machado nasceu em Rinc\u00e3o Reuno, Campo Novo, em 29 de setembro de 1927, filho de Modesto Roque e Maria Concei\u00e7\u00e3o Machado. Demonstrou desde cedo dedica\u00e7\u00e3o \u00e0 educa\u00e7\u00e3o e \u00e0 administra\u00e7\u00e3o p\u00fablica. Estudou em v\u00e1rias escolas da regi\u00e3o e trabalhou em diversas fun\u00e7\u00f5es, incluindo seleiro e motorista, antes de ingressar na pol\u00edtica. Casado com [&hellip;]<\/p>\n","protected":false},"author":1,"featured_media":0,"parent":360,"menu_order":0,"comment_status":"closed","ping_status":"closed","template":"","meta":{"_eb_attr":"","footnotes":""},"class_list":["post-516","page","type-page","status-publish","hentry"],"_links":{"self":[{"href":"https:\/\/alenrio.org.br\/site\/wp-json\/wp\/v2\/pages\/516","targetHints":{"allow":["GET"]}}],"collection":[{"href":"https:\/\/alenrio.org.br\/site\/wp-json\/wp\/v2\/pages"}],"about":[{"href":"https:\/\/alenrio.org.br\/site\/wp-json\/wp\/v2\/types\/page"}],"author":[{"embeddable":true,"href":"https:\/\/alenrio.org.br\/site\/wp-json\/wp\/v2\/users\/1"}],"replies":[{"embeddable":true,"href":"https:\/\/alenrio.org.br\/site\/wp-json\/wp\/v2\/comments?post=516"}],"version-history":[{"count":1,"href":"https:\/\/alenrio.org.br\/site\/wp-json\/wp\/v2\/pages\/516\/revisions"}],"predecessor-version":[{"id":517,"href":"https:\/\/alenrio.org.br\/site\/wp-json\/wp\/v2\/pages\/516\/revisions\/517"}],"up":[{"embeddable":true,"href":"https:\/\/alenrio.org.br\/site\/wp-json\/wp\/v2\/pages\/360"}],"wp:attachment":[{"href":"https:\/\/alenrio.org.br\/site\/wp-json\/wp\/v2\/media?parent=516"}],"curies":[{"name":"wp","href":"https:\/\/api.w.org\/{rel}","templated":true}]}}