{"id":520,"date":"2024-09-20T13:36:52","date_gmt":"2024-09-20T16:36:52","guid":{"rendered":"https:\/\/alenrio.org.br\/site\/?page_id=520"},"modified":"2024-09-20T13:36:52","modified_gmt":"2024-09-20T16:36:52","slug":"mario-simon","status":"publish","type":"page","link":"https:\/\/alenrio.org.br\/site\/patronos\/mario-simon\/","title":{"rendered":"M\u00e1rio Simon"},"content":{"rendered":"<div class=\"wp-block-image\">\n<figure class=\"alignright size-full is-resized\"><img  title=\"\" loading=\"lazy\" decoding=\"async\" width=\"621\" height=\"828\" data-src=\"https:\/\/alenrio.org.br\/site\/wp-content\/uploads\/2024\/09\/18-MARIO-SIMON.png\"  alt=\"18-MARIO-SIMON M\u00e1rio Simon\"  class=\"wp-image-362 lazyload\" style=\"--smush-placeholder-width: 621px; --smush-placeholder-aspect-ratio: 621\/828;width:200px\" data-srcset=\"https:\/\/alenrio.org.br\/site\/wp-content\/uploads\/2024\/09\/18-MARIO-SIMON.png 621w, https:\/\/alenrio.org.br\/site\/wp-content\/uploads\/2024\/09\/18-MARIO-SIMON-225x300.png 225w, https:\/\/alenrio.org.br\/site\/wp-content\/uploads\/2024\/09\/18-MARIO-SIMON-45x60.png 45w\" data-sizes=\"auto, (max-width: 621px) 100vw, 621px\" src=\"data:image\/gif;base64,R0lGODlhAQABAAAAACH5BAEKAAEALAAAAAABAAEAAAICTAEAOw==\" \/><noscript><img  title=\"\" loading=\"lazy\" decoding=\"async\" width=\"621\" height=\"828\" src=\"https:\/\/alenrio.org.br\/site\/wp-content\/uploads\/2024\/09\/18-MARIO-SIMON.png\"  alt=\"18-MARIO-SIMON M\u00e1rio Simon\"  class=\"wp-image-362\" style=\"width:200px\" srcset=\"https:\/\/alenrio.org.br\/site\/wp-content\/uploads\/2024\/09\/18-MARIO-SIMON.png 621w, https:\/\/alenrio.org.br\/site\/wp-content\/uploads\/2024\/09\/18-MARIO-SIMON-225x300.png 225w, https:\/\/alenrio.org.br\/site\/wp-content\/uploads\/2024\/09\/18-MARIO-SIMON-45x60.png 45w\" sizes=\"auto, (max-width: 621px) 100vw, 621px\" \/><\/noscript><\/figure>\n<\/div>\n\n\n<p>Crenolbe M\u00e1rio Basso Simon, popularmente conhecido como M\u00e1rio Simon, nasceu em 30 de abril de 1939 em Carazinho. Mudou-se para Santo \u00c2ngelo em 1956, onde foi professor de L\u00edngua Portuguesa e Literatura de 1965 a 2008, iniciando no Col\u00e9gio Verzeri e se aposentando na URI. Graduado em Letras pela UNIJU\u00cd, fez mestrado em Literatura Brasileira na UFSC.<\/p>\n\n\n\n<p>Atuou em diversos cargos p\u00fablicos na \u00e1rea de Cultura e Turismo em Santo \u00c2ngelo, coordenou a 3\u00aa CRE na d\u00e9cada de 1980 e fundou o Balne\u00e1rio Parque das Fontes em Entre-Iju\u00eds. Como escritor, publicou nove livros, incluindo \u201cBreve Not\u00edcia dos Sete Povos\u201d e \u201cOs Sete Povos &#8211; Tr\u00e1gica Experi\u00eancia\u201d. Foi fundador e primeiro presidente da Academia Santo-angelense de Letras. Recebeu o Pr\u00eamio Habitasul de Revela\u00e7\u00e3o Liter\u00e1ria em 1980, Destaque Cultural do Estado em 2003 e o Trof\u00e9u Deusa da Poesia da Academia Liter\u00e1ria Ga\u00facha.<\/p>\n\n\n\n<p>Seu trabalho focava na hist\u00f3ria das Miss\u00f5es dos Sete Povos. Idealizou a colet\u00e2nea \u201cMem\u00f3rias Esparsas\u201d e o Acampamento da Poesia, al\u00e9m de lutar pela implementa\u00e7\u00e3o de um teatro em Santo \u00c2ngelo. M\u00e1rio Simon foi uma figura central na promo\u00e7\u00e3o da cultura e literatura missioneira, deixando um legado duradouro. Faleceu em Santo Angelo, em 1\u00ba de novembro de 2023.<\/p>\n","protected":false},"excerpt":{"rendered":"<p>Crenolbe M\u00e1rio Basso Simon, popularmente conhecido como M\u00e1rio Simon, nasceu em 30 de abril de 1939 em Carazinho. Mudou-se para Santo \u00c2ngelo em 1956, onde foi professor de L\u00edngua Portuguesa e Literatura de 1965 a 2008, iniciando no Col\u00e9gio Verzeri e se aposentando na URI. Graduado em Letras pela UNIJU\u00cd, fez mestrado em Literatura Brasileira [&hellip;]<\/p>\n","protected":false},"author":1,"featured_media":0,"parent":360,"menu_order":0,"comment_status":"closed","ping_status":"closed","template":"","meta":{"_eb_attr":"","footnotes":""},"class_list":["post-520","page","type-page","status-publish","hentry"],"_links":{"self":[{"href":"https:\/\/alenrio.org.br\/site\/wp-json\/wp\/v2\/pages\/520","targetHints":{"allow":["GET"]}}],"collection":[{"href":"https:\/\/alenrio.org.br\/site\/wp-json\/wp\/v2\/pages"}],"about":[{"href":"https:\/\/alenrio.org.br\/site\/wp-json\/wp\/v2\/types\/page"}],"author":[{"embeddable":true,"href":"https:\/\/alenrio.org.br\/site\/wp-json\/wp\/v2\/users\/1"}],"replies":[{"embeddable":true,"href":"https:\/\/alenrio.org.br\/site\/wp-json\/wp\/v2\/comments?post=520"}],"version-history":[{"count":1,"href":"https:\/\/alenrio.org.br\/site\/wp-json\/wp\/v2\/pages\/520\/revisions"}],"predecessor-version":[{"id":521,"href":"https:\/\/alenrio.org.br\/site\/wp-json\/wp\/v2\/pages\/520\/revisions\/521"}],"up":[{"embeddable":true,"href":"https:\/\/alenrio.org.br\/site\/wp-json\/wp\/v2\/pages\/360"}],"wp:attachment":[{"href":"https:\/\/alenrio.org.br\/site\/wp-json\/wp\/v2\/media?parent=520"}],"curies":[{"name":"wp","href":"https:\/\/api.w.org\/{rel}","templated":true}]}}