{"id":530,"date":"2024-09-20T13:54:10","date_gmt":"2024-09-20T16:54:10","guid":{"rendered":"https:\/\/alenrio.org.br\/site\/?page_id=530"},"modified":"2024-09-20T13:54:10","modified_gmt":"2024-09-20T16:54:10","slug":"armin-nied","status":"publish","type":"page","link":"https:\/\/alenrio.org.br\/site\/patronos\/armin-nied\/","title":{"rendered":"Armin Nied"},"content":{"rendered":"<div class=\"wp-block-image\">\n<figure class=\"alignright size-full is-resized\"><img  title=\"\" loading=\"lazy\" decoding=\"async\" width=\"327\" height=\"436\" data-src=\"https:\/\/alenrio.org.br\/site\/wp-content\/uploads\/2024\/09\/12-ARMIN.png\"  alt=\"12-ARMIN Armin Nied\"  class=\"wp-image-369 lazyload\" style=\"--smush-placeholder-width: 327px; --smush-placeholder-aspect-ratio: 327\/436;width:200px\" data-srcset=\"https:\/\/alenrio.org.br\/site\/wp-content\/uploads\/2024\/09\/12-ARMIN.png 327w, https:\/\/alenrio.org.br\/site\/wp-content\/uploads\/2024\/09\/12-ARMIN-225x300.png 225w, https:\/\/alenrio.org.br\/site\/wp-content\/uploads\/2024\/09\/12-ARMIN-45x60.png 45w\" data-sizes=\"auto, (max-width: 327px) 100vw, 327px\" src=\"data:image\/gif;base64,R0lGODlhAQABAAAAACH5BAEKAAEALAAAAAABAAEAAAICTAEAOw==\" \/><noscript><img  title=\"\" loading=\"lazy\" decoding=\"async\" width=\"327\" height=\"436\" src=\"https:\/\/alenrio.org.br\/site\/wp-content\/uploads\/2024\/09\/12-ARMIN.png\"  alt=\"12-ARMIN Armin Nied\"  class=\"wp-image-369\" style=\"width:200px\" srcset=\"https:\/\/alenrio.org.br\/site\/wp-content\/uploads\/2024\/09\/12-ARMIN.png 327w, https:\/\/alenrio.org.br\/site\/wp-content\/uploads\/2024\/09\/12-ARMIN-225x300.png 225w, https:\/\/alenrio.org.br\/site\/wp-content\/uploads\/2024\/09\/12-ARMIN-45x60.png 45w\" sizes=\"auto, (max-width: 327px) 100vw, 327px\" \/><\/noscript><\/figure>\n<\/div>\n\n\n<p><strong>Armin Decio Nied<\/strong> nasceu em 27 de abril de 1940, em Lajeado, RS. Ap\u00f3s a morte de sua m\u00e3e aos quatro anos, foi separado de seu pai e irm\u00e3os, sendo adotado por Berta Lange Wasen e Baldu\u00edno Wasen em Horizontina. Sua trajet\u00f3ria cultural destacou-se em Tr\u00eas de Maio, onde viveu at\u00e9 sua morte em 3 de agosto de 2022.<\/p>\n\n\n\n<p>Desde cedo, Armin demonstrava grande curiosidade e fasc\u00ednio por animais, plantas e poesia, em portugu\u00eas e alem\u00e3o. Ap\u00f3s o servi\u00e7o militar, em 1958, cursou o ensino normal e come\u00e7ou a lecionar nas escolas municipais de Horizontina. Seu interesse pela m\u00fasica foi notado por um professor, que lhe deu um violino reformado e um diapas\u00e3o, iniciando assim sua jornada musical.<\/p>\n\n\n\n<p>Em 1971, casou-se com Irene Maria Sartor e mudou-se para Tr\u00eas de Maio, onde come\u00e7ou a Faculdade de Letras. Armin tamb\u00e9m se dedicou \u00e0 confec\u00e7\u00e3o de fantoches e \u00e0 constru\u00e7\u00e3o de um palco m\u00f3vel, trabalhando com materiais como jornais, madeira e molas de a\u00e7o. Em 1973, transferiu-se para a Escola Cardeal Paccelli, onde lecionava portugu\u00eas, reda\u00e7\u00e3o, ingl\u00eas e artes, al\u00e9m de ser respons\u00e1vel pela Banda Marcial Pedro Garrafa, que ele transformou em uma orquestra de cordas.<\/p>\n\n\n\n<p>Armin criava instrumentos musicais com materiais simples, incentivando a criatividade de seus educandos. Ensinava diversos instrumentos, como trombone, trompete, violino e flauta. Al\u00e9m da m\u00fasica, restaurava violinos, colecionava abelhas sem ferr\u00e3o, organizava um mini-zool\u00f3gico e escrevia poesias. Junto com sua esposa, desenvolveu o projeto Vida, Arte e Cultura. Sua resid\u00eancia, chamada &#8220;O Mundo M\u00e1gico da Crian\u00e7a&#8221;, tornou-se um espa\u00e7o de atividades culturais, recebendo centenas de crian\u00e7as para apresenta\u00e7\u00f5es de teatro e m\u00fasica. Armin Nied \u00e9 lembrado como um dos maiores ativistas culturais de Tr\u00eas de Maio.<\/p>\n","protected":false},"excerpt":{"rendered":"<p>Armin Decio Nied nasceu em 27 de abril de 1940, em Lajeado, RS. Ap\u00f3s a morte de sua m\u00e3e aos quatro anos, foi separado de seu pai e irm\u00e3os, sendo adotado por Berta Lange Wasen e Baldu\u00edno Wasen em Horizontina. Sua trajet\u00f3ria cultural destacou-se em Tr\u00eas de Maio, onde viveu at\u00e9 sua morte em 3 [&hellip;]<\/p>\n","protected":false},"author":1,"featured_media":0,"parent":360,"menu_order":0,"comment_status":"closed","ping_status":"closed","template":"","meta":{"_eb_attr":"","footnotes":""},"class_list":["post-530","page","type-page","status-publish","hentry"],"_links":{"self":[{"href":"https:\/\/alenrio.org.br\/site\/wp-json\/wp\/v2\/pages\/530","targetHints":{"allow":["GET"]}}],"collection":[{"href":"https:\/\/alenrio.org.br\/site\/wp-json\/wp\/v2\/pages"}],"about":[{"href":"https:\/\/alenrio.org.br\/site\/wp-json\/wp\/v2\/types\/page"}],"author":[{"embeddable":true,"href":"https:\/\/alenrio.org.br\/site\/wp-json\/wp\/v2\/users\/1"}],"replies":[{"embeddable":true,"href":"https:\/\/alenrio.org.br\/site\/wp-json\/wp\/v2\/comments?post=530"}],"version-history":[{"count":1,"href":"https:\/\/alenrio.org.br\/site\/wp-json\/wp\/v2\/pages\/530\/revisions"}],"predecessor-version":[{"id":531,"href":"https:\/\/alenrio.org.br\/site\/wp-json\/wp\/v2\/pages\/530\/revisions\/531"}],"up":[{"embeddable":true,"href":"https:\/\/alenrio.org.br\/site\/wp-json\/wp\/v2\/pages\/360"}],"wp:attachment":[{"href":"https:\/\/alenrio.org.br\/site\/wp-json\/wp\/v2\/media?parent=530"}],"curies":[{"name":"wp","href":"https:\/\/api.w.org\/{rel}","templated":true}]}}