{"id":532,"date":"2024-09-20T13:57:58","date_gmt":"2024-09-20T16:57:58","guid":{"rendered":"https:\/\/alenrio.org.br\/site\/?page_id=532"},"modified":"2024-09-20T13:57:58","modified_gmt":"2024-09-20T16:57:58","slug":"lorna-schneider","status":"publish","type":"page","link":"https:\/\/alenrio.org.br\/site\/patronos\/lorna-schneider\/","title":{"rendered":"Lorna Schneider"},"content":{"rendered":"<div class=\"wp-block-image\">\n<figure class=\"alignright size-large is-resized\"><img  title=\"\" loading=\"lazy\" decoding=\"async\" width=\"768\" height=\"1024\" data-src=\"https:\/\/alenrio.org.br\/site\/wp-content\/uploads\/2024\/09\/11-LORNA-768x1024.jpg\"  alt=\"11-LORNA-768x1024 Lorna Schneider\"  class=\"wp-image-363 lazyload\" style=\"--smush-placeholder-width: 768px; --smush-placeholder-aspect-ratio: 768\/1024;width:200px\" data-srcset=\"https:\/\/alenrio.org.br\/site\/wp-content\/uploads\/2024\/09\/11-LORNA-768x1024.jpg 768w, https:\/\/alenrio.org.br\/site\/wp-content\/uploads\/2024\/09\/11-LORNA-225x300.jpg 225w, https:\/\/alenrio.org.br\/site\/wp-content\/uploads\/2024\/09\/11-LORNA-45x60.jpg 45w, https:\/\/alenrio.org.br\/site\/wp-content\/uploads\/2024\/09\/11-LORNA.jpg 927w\" data-sizes=\"auto, (max-width: 768px) 100vw, 768px\" src=\"data:image\/gif;base64,R0lGODlhAQABAAAAACH5BAEKAAEALAAAAAABAAEAAAICTAEAOw==\" \/><noscript><img  title=\"\" loading=\"lazy\" decoding=\"async\" width=\"768\" height=\"1024\" src=\"https:\/\/alenrio.org.br\/site\/wp-content\/uploads\/2024\/09\/11-LORNA-768x1024.jpg\"  alt=\"11-LORNA-768x1024 Lorna Schneider\"  class=\"wp-image-363\" style=\"width:200px\" srcset=\"https:\/\/alenrio.org.br\/site\/wp-content\/uploads\/2024\/09\/11-LORNA-768x1024.jpg 768w, https:\/\/alenrio.org.br\/site\/wp-content\/uploads\/2024\/09\/11-LORNA-225x300.jpg 225w, https:\/\/alenrio.org.br\/site\/wp-content\/uploads\/2024\/09\/11-LORNA-45x60.jpg 45w, https:\/\/alenrio.org.br\/site\/wp-content\/uploads\/2024\/09\/11-LORNA.jpg 927w\" sizes=\"auto, (max-width: 768px) 100vw, 768px\" \/><\/noscript><\/figure>\n<\/div>\n\n\n<p><strong>Lorna Santoni Schneider<\/strong> nasceu em Iju\u00ed, RS, em 3 de janeiro de 1948, e faleceu em Santo Augusto, RS, em 31 de mar\u00e7o de 2014. Foi poetisa, escritora, redatora e cronista, com colabora\u00e7\u00f5es no Jornal <em>O Celeiro<\/em>. Entre suas realiza\u00e7\u00f5es culturais, destacam-se sua participa\u00e7\u00e3o como comunicadora no I Semin\u00e1rio Regional de Mem\u00f3rias, em 1995, e como avaliadora de declama\u00e7\u00e3o e instrumentos tradicionais no Festival Ga\u00facho de Arte e Tradi\u00e7\u00e3o de Horizontina, no mesmo ano. Lorna tamb\u00e9m foi premiada com o 2\u00ba lugar no Concurso Nacional de Poesia Rua dos Cataventos, em Pelotas, em 1993.<\/p>\n\n\n\n<p>Lorna integrou a <em>International Writers and Artists Association<\/em> (IWA) nos EUA e a Associa\u00e7\u00e3o de Jornalistas e Escritores do Brasil, se\u00e7\u00e3o RS. Terceira de dez filhos, era filha de Jo\u00e3o Batista Santoni, oper\u00e1rio, e Lucia Elvira Mensch Santoni, costureira. Casou-se com Valmor Theodoro Schneider em 1971 e mudou-se para Santo Augusto, onde viveu at\u00e9 seu falecimento. Ap\u00f3s dedicar-se \u00e0 fam\u00edlia, assumiu a ger\u00eancia da empresa familiar em 1987.<\/p>\n\n\n\n<p>Al\u00e9m de sua atua\u00e7\u00e3o na \u00e1rea liter\u00e1ria, Lorna publicou seu livro de poemas <em>Labaredas<\/em> em 1991, uma obra carregada de emo\u00e7\u00e3o e sensibilidade. A inspira\u00e7\u00e3o para o t\u00edtulo remonta a um epis\u00f3dio de 1979, quando decidiu queimar mais de 800 sonetos escritos antes de 1972. <em>Labaredas<\/em> \u00e9 composto pelos poemas que restaram desse per\u00edodo, como <em>Resgate<\/em>, <em>Poemas de Amor e Rosas<\/em> e <em>Voo Livre<\/em>. Em 1997, Lorna escreveu o livro infantil <em>Rosalinda, a Borboleta que N\u00e3o Era Azul<\/em> e deixou dois manuscritos in\u00e9ditos: o romance <em>Cinzas<\/em> e a obra po\u00e9tica <em>Almas em Chamas<\/em>.<\/p>\n\n\n\n<p>Sua trajet\u00f3ria liter\u00e1ria e cultural permanece viva por meio de seus filhos Daniela, Marcelo e Graziela, que guardam suas obras com carinho e respeito.<\/p>\n","protected":false},"excerpt":{"rendered":"<p>Lorna Santoni Schneider nasceu em Iju\u00ed, RS, em 3 de janeiro de 1948, e faleceu em Santo Augusto, RS, em 31 de mar\u00e7o de 2014. Foi poetisa, escritora, redatora e cronista, com colabora\u00e7\u00f5es no Jornal O Celeiro. Entre suas realiza\u00e7\u00f5es culturais, destacam-se sua participa\u00e7\u00e3o como comunicadora no I Semin\u00e1rio Regional de Mem\u00f3rias, em 1995, e [&hellip;]<\/p>\n","protected":false},"author":1,"featured_media":0,"parent":360,"menu_order":0,"comment_status":"closed","ping_status":"closed","template":"","meta":{"_eb_attr":"","footnotes":""},"class_list":["post-532","page","type-page","status-publish","hentry"],"_links":{"self":[{"href":"https:\/\/alenrio.org.br\/site\/wp-json\/wp\/v2\/pages\/532","targetHints":{"allow":["GET"]}}],"collection":[{"href":"https:\/\/alenrio.org.br\/site\/wp-json\/wp\/v2\/pages"}],"about":[{"href":"https:\/\/alenrio.org.br\/site\/wp-json\/wp\/v2\/types\/page"}],"author":[{"embeddable":true,"href":"https:\/\/alenrio.org.br\/site\/wp-json\/wp\/v2\/users\/1"}],"replies":[{"embeddable":true,"href":"https:\/\/alenrio.org.br\/site\/wp-json\/wp\/v2\/comments?post=532"}],"version-history":[{"count":1,"href":"https:\/\/alenrio.org.br\/site\/wp-json\/wp\/v2\/pages\/532\/revisions"}],"predecessor-version":[{"id":533,"href":"https:\/\/alenrio.org.br\/site\/wp-json\/wp\/v2\/pages\/532\/revisions\/533"}],"up":[{"embeddable":true,"href":"https:\/\/alenrio.org.br\/site\/wp-json\/wp\/v2\/pages\/360"}],"wp:attachment":[{"href":"https:\/\/alenrio.org.br\/site\/wp-json\/wp\/v2\/media?parent=532"}],"curies":[{"name":"wp","href":"https:\/\/api.w.org\/{rel}","templated":true}]}}