{"id":597,"date":"2024-09-20T16:51:10","date_gmt":"2024-09-20T19:51:10","guid":{"rendered":"https:\/\/alenrio.org.br\/site\/?page_id=597"},"modified":"2024-09-20T16:57:04","modified_gmt":"2024-09-20T19:57:04","slug":"renato-pereira-discurso-de-posse","status":"publish","type":"page","link":"https:\/\/alenrio.org.br\/site\/renato-pereira-discurso-de-posse\/","title":{"rendered":"Renato Pereira &#8211; discurso de posse"},"content":{"rendered":"\n<p>Senhoras e senhores, senhora presidente da Academia de Letras, convidados. Neste momento, em que assumo a honrosa condi\u00e7\u00e3o de membro da Academia de Letras do Noroeste do Rio Grande do Sul, a Alenrio, quero cumprimentar a todos os meus colegas que j\u00e1 discursaram, autoridades e lideran\u00e7as j\u00e1 nominadas, comunidade da regi\u00e3o noroeste. A Alenrio \u00e9 resultado do trabalho de muitas m\u00e3os. Nela est\u00e1 impressa a digital de um povo que escolheu esta terra para fazer sua morada. De imigrantes como eu, porque parti de um lugar e aqui fui acolhido. De emigrantes como eu, pois de onde sa\u00ed deixei um pouco de mim. Esta reuni\u00e3o de pessoas dos mais variados nuances liter\u00e1rios favoreceu a edifica\u00e7\u00e3o de uma entidade que tem como miss\u00e3o a promo\u00e7\u00e3o da cultura como uma necessidade humana. N\u00e3o se pode perder do horizonte nosso compromisso de promover a justi\u00e7a ambiental e social como um quadro necess\u00e1rio para a sobreviv\u00eancia planet\u00e1ria, assim como reconhecer que cada pessoa \u00e9 importante para a constru\u00e7\u00e3o de um mundo de esperan\u00e7a. Sou fruto de uma \u00e9poca em que a palavra e o aperto de m\u00e3os significavam um acordo mais forte que um documento formal. Essa \u00e9 a maior heran\u00e7a de nossos ancestrais e que podemos legar para as pr\u00f3ximas gera\u00e7\u00f5es. \u00c9 urgente que se derrube os muros que nos cercam para que fa\u00e7amos novas conex\u00f5es com aqueles que vir\u00e3o. Essa intera\u00e7\u00e3o da tradi\u00e7\u00e3o com o contempor\u00e2neo nos dar\u00e1 o f\u00f4lego para continuarmos a viver em um mundo em que o livro seja um bem \u00fatil e indispens\u00e1vel. Isso s\u00f3 ser\u00e1 poss\u00edvel com a uni\u00e3o em torno de um objetivo comum: incentivar a forma\u00e7\u00e3o de novos leitores e o h\u00e1bito da leitura desde a primeira inf\u00e2ncia. Por fim, agrade\u00e7o a generosidade dos acad\u00eamicos que votaram em apoio a minha candidatura e posse nesta noite, aceitando-me como seu companheiro nesta Casa, a qual pertencer\u00e3o nomes significativos de nossa literatura. Gostaria de encerrar com uma frase po\u00e9tica que me pareceu encaixar na proposta da Alenrio: \u201cSonho que se sonha s\u00f3, \u00e9 s\u00f3 um sonho que se sonha s\u00f3, mas sonho que se sonha junto \u00e9 realidade.\u201d<\/p>\n\n\n\n<p>Tucunduva, 09 de junho de 2020.<\/p>\n","protected":false},"excerpt":{"rendered":"<p>Senhoras e senhores, senhora presidente da Academia de Letras, convidados. Neste momento, em que assumo a honrosa condi\u00e7\u00e3o de membro da Academia de Letras do Noroeste do Rio Grande do Sul, a Alenrio, quero cumprimentar a todos os meus colegas que j\u00e1 discursaram, autoridades e lideran\u00e7as j\u00e1 nominadas, comunidade da regi\u00e3o noroeste. A Alenrio \u00e9 [&hellip;]<\/p>\n","protected":false},"author":1,"featured_media":0,"parent":0,"menu_order":0,"comment_status":"closed","ping_status":"closed","template":"","meta":{"_eb_attr":"","footnotes":""},"class_list":["post-597","page","type-page","status-publish","hentry"],"_links":{"self":[{"href":"https:\/\/alenrio.org.br\/site\/wp-json\/wp\/v2\/pages\/597","targetHints":{"allow":["GET"]}}],"collection":[{"href":"https:\/\/alenrio.org.br\/site\/wp-json\/wp\/v2\/pages"}],"about":[{"href":"https:\/\/alenrio.org.br\/site\/wp-json\/wp\/v2\/types\/page"}],"author":[{"embeddable":true,"href":"https:\/\/alenrio.org.br\/site\/wp-json\/wp\/v2\/users\/1"}],"replies":[{"embeddable":true,"href":"https:\/\/alenrio.org.br\/site\/wp-json\/wp\/v2\/comments?post=597"}],"version-history":[{"count":4,"href":"https:\/\/alenrio.org.br\/site\/wp-json\/wp\/v2\/pages\/597\/revisions"}],"predecessor-version":[{"id":605,"href":"https:\/\/alenrio.org.br\/site\/wp-json\/wp\/v2\/pages\/597\/revisions\/605"}],"wp:attachment":[{"href":"https:\/\/alenrio.org.br\/site\/wp-json\/wp\/v2\/media?parent=597"}],"curies":[{"name":"wp","href":"https:\/\/api.w.org\/{rel}","templated":true}]}}