{"id":608,"date":"2024-09-20T17:35:39","date_gmt":"2024-09-20T20:35:39","guid":{"rendered":"https:\/\/alenrio.org.br\/site\/?page_id=608"},"modified":"2025-04-11T20:46:45","modified_gmt":"2025-04-11T23:46:45","slug":"honorarios","status":"publish","type":"page","link":"https:\/\/alenrio.org.br\/site\/honorarios\/","title":{"rendered":"Membros Honor\u00e1rios"},"content":{"rendered":"\n<div class=\"wp-block-group alignfull is-content-justification-center\" style=\"margin-top:0;margin-bottom:0;padding-top:calc( 0.5 * var(--wp--style--root--padding-right, var(--wp--custom--gap--horizontal)));padding-right:var(--wp--style--root--padding-right, var(--wp--custom--gap--horizontal));padding-bottom:calc( 0.5 * var(--wp--style--root--padding-right, var(--wp--custom--gap--horizontal)));padding-left:var(--wp--style--root--padding-left, var(--wp--custom--gap--horizontal))\"><div class=\"wp-block-group__inner-container is-layout-constrained wp-container-core-group-is-layout-b073b61b wp-block-group-is-layout-constrained\"><form role=\"search\" method=\"get\" action=\"https:\/\/alenrio.org.br\/site\/\" class=\"wp-block-search__button-outside wp-block-search__text-button wp-block-search\"    ><label class=\"wp-block-search__label\" for=\"wp-block-search__input-1\" >Pesquisar<\/label><div class=\"wp-block-search__inside-wrapper\" ><input class=\"wp-block-search__input\" id=\"wp-block-search__input-1\" placeholder=\"\" value=\"\" type=\"search\" name=\"s\" required \/><button aria-label=\"Pesquisar\" class=\"wp-block-search__button wp-element-button\" type=\"submit\" >Pesquisar<\/button><\/div><\/form><\/div><\/div>\n\n\n\n<figure class=\"wp-block-table is-style-stripes\"><table class=\"has-fixed-layout\"><tbody><tr><td class=\"has-text-align-left\" data-align=\"left\"><img  title=\"\" loading=\"lazy\" decoding=\"async\" width=\"768\" height=\"1024\" class=\"wp-image-609 lazyload\" data-src=\"https:\/\/alenrio.org.br\/site\/wp-content\/uploads\/2024\/09\/ANATOLIO-GACH-768x1024.jpg\"  alt=\"ANATOLIO-GACH-768x1024 Membros Honor\u00e1rios\"  data-srcset=\"https:\/\/alenrio.org.br\/site\/wp-content\/uploads\/2024\/09\/ANATOLIO-GACH-768x1024.jpg 768w, https:\/\/alenrio.org.br\/site\/wp-content\/uploads\/2024\/09\/ANATOLIO-GACH-225x300.jpg 225w, https:\/\/alenrio.org.br\/site\/wp-content\/uploads\/2024\/09\/ANATOLIO-GACH-45x60.jpg 45w, https:\/\/alenrio.org.br\/site\/wp-content\/uploads\/2024\/09\/ANATOLIO-GACH.jpg 976w\" data-sizes=\"auto, (max-width: 768px) 100vw, 768px\" src=\"data:image\/gif;base64,R0lGODlhAQABAAAAACH5BAEKAAEALAAAAAABAAEAAAICTAEAOw==\" style=\"--smush-placeholder-width: 768px; --smush-placeholder-aspect-ratio: 768\/1024;\" \/><noscript><img  title=\"\" loading=\"lazy\" decoding=\"async\" width=\"768\" height=\"1024\" class=\"wp-image-609\" style=\"\" src=\"https:\/\/alenrio.org.br\/site\/wp-content\/uploads\/2024\/09\/ANATOLIO-GACH-768x1024.jpg\"  alt=\"ANATOLIO-GACH-768x1024 Membros Honor\u00e1rios\"  srcset=\"https:\/\/alenrio.org.br\/site\/wp-content\/uploads\/2024\/09\/ANATOLIO-GACH-768x1024.jpg 768w, https:\/\/alenrio.org.br\/site\/wp-content\/uploads\/2024\/09\/ANATOLIO-GACH-225x300.jpg 225w, https:\/\/alenrio.org.br\/site\/wp-content\/uploads\/2024\/09\/ANATOLIO-GACH-45x60.jpg 45w, https:\/\/alenrio.org.br\/site\/wp-content\/uploads\/2024\/09\/ANATOLIO-GACH.jpg 976w\" sizes=\"auto, (max-width: 768px) 100vw, 768px\" \/><\/noscript><br><sub>Anat\u00f3lio Gach<\/sub> <strong><sup data-fn=\"4aec9944-83a0-4638-aa88-b593eff57f53\" class=\"fn\"><a href=\"#4aec9944-83a0-4638-aa88-b593eff57f53\" id=\"4aec9944-83a0-4638-aa88-b593eff57f53-link\">1<\/a><\/sup><\/strong><\/td><td class=\"has-text-align-left\" data-align=\"left\"><img  title=\"\" loading=\"lazy\" decoding=\"async\" width=\"769\" height=\"1024\" class=\"wp-image-610 lazyload\" data-src=\"https:\/\/alenrio.org.br\/site\/wp-content\/uploads\/2024\/09\/oDILON3X4_FUNDOBRANCO-769x1024.jpg\"  alt=\"oDILON3X4_FUNDOBRANCO-769x1024 Membros Honor\u00e1rios\"  data-srcset=\"https:\/\/alenrio.org.br\/site\/wp-content\/uploads\/2024\/09\/oDILON3X4_FUNDOBRANCO-769x1024.jpg 769w, https:\/\/alenrio.org.br\/site\/wp-content\/uploads\/2024\/09\/oDILON3X4_FUNDOBRANCO-225x300.jpg 225w, https:\/\/alenrio.org.br\/site\/wp-content\/uploads\/2024\/09\/oDILON3X4_FUNDOBRANCO-768x1023.jpg 768w, https:\/\/alenrio.org.br\/site\/wp-content\/uploads\/2024\/09\/oDILON3X4_FUNDOBRANCO-45x60.jpg 45w, https:\/\/alenrio.org.br\/site\/wp-content\/uploads\/2024\/09\/oDILON3X4_FUNDOBRANCO.jpg 972w\" data-sizes=\"auto, (max-width: 769px) 100vw, 769px\" src=\"data:image\/gif;base64,R0lGODlhAQABAAAAACH5BAEKAAEALAAAAAABAAEAAAICTAEAOw==\" style=\"--smush-placeholder-width: 769px; --smush-placeholder-aspect-ratio: 769\/1024;\" \/><noscript><img  title=\"\" loading=\"lazy\" decoding=\"async\" width=\"769\" height=\"1024\" class=\"wp-image-610\" src=\"https:\/\/alenrio.org.br\/site\/wp-content\/uploads\/2024\/09\/oDILON3X4_FUNDOBRANCO-769x1024.jpg\"  alt=\"oDILON3X4_FUNDOBRANCO-769x1024 Membros Honor\u00e1rios\"  srcset=\"https:\/\/alenrio.org.br\/site\/wp-content\/uploads\/2024\/09\/oDILON3X4_FUNDOBRANCO-769x1024.jpg 769w, https:\/\/alenrio.org.br\/site\/wp-content\/uploads\/2024\/09\/oDILON3X4_FUNDOBRANCO-225x300.jpg 225w, https:\/\/alenrio.org.br\/site\/wp-content\/uploads\/2024\/09\/oDILON3X4_FUNDOBRANCO-768x1023.jpg 768w, https:\/\/alenrio.org.br\/site\/wp-content\/uploads\/2024\/09\/oDILON3X4_FUNDOBRANCO-45x60.jpg 45w, https:\/\/alenrio.org.br\/site\/wp-content\/uploads\/2024\/09\/oDILON3X4_FUNDOBRANCO.jpg 972w\" sizes=\"auto, (max-width: 769px) 100vw, 769px\" \/><\/noscript><br><sub>Odilon G. de Oliveira<\/sub> <strong><sup data-fn=\"143f6d30-5c0e-4b9b-a66e-c3ec409eef87\" class=\"fn\"><a href=\"#143f6d30-5c0e-4b9b-a66e-c3ec409eef87\" id=\"143f6d30-5c0e-4b9b-a66e-c3ec409eef87-link\">2<\/a><\/sup><\/strong><\/td><td><\/td><td><\/td><td><\/td><\/tr><\/tbody><\/table><\/figure>\n\n\n\n<h2 class=\"wp-block-heading\">Biografias<\/h2>\n\n\n<ol class=\"wp-block-footnotes\"><li id=\"4aec9944-83a0-4638-aa88-b593eff57f53\"><strong>Anatoly Mikhailovich Gakh<\/strong>\u00a0(em\u00a0russo:\u00a0\u0410\u043d\u0430\u0442\u043e\u043b\u0438\u0439 \u041c\u0438\u0445\u0430\u0439\u043b\u043e\u0432\u0438\u0447 \u0413\u0430\u0445;\u00a0Vila Pratos,\u00a0Novo Machado,\u00a0Rio Grande do Sul,\u00a018 de setembro\u00a0de\u00a01937) \u00e9 um\u00a0escritor\u00a0e\u00a0professor universit\u00e1rio\u00a0russo-brasileiro\u00a0considerado o primeiro e mais significativo professor de l\u00edngua portuguesa na\u00a0R\u00fassia <a href=\"#4aec9944-83a0-4638-aa88-b593eff57f53-link\" aria-label=\"Ir para a refer\u00eancia 1 na nota de rodap\u00e9\">\u21a9\ufe0e<\/a><\/li><li id=\"143f6d30-5c0e-4b9b-a66e-c3ec409eef87\"><strong>Odilon Gomes de Oliveira<\/strong>\u00a0(Santo Augusto, 29 de julho de 1940 \u2013 Santo Augusto, 8 de outubro de 2024) foi um\u00a0escritor regionalista que registrou e documentou a hist\u00f3ria, causos e lendas de Santo Augusto e de in\u00fameros munic\u00edpios da regi\u00e3o noroeste ga\u00facha. <a href=\"#143f6d30-5c0e-4b9b-a66e-c3ec409eef87-link\" aria-label=\"Ir para a refer\u00eancia 2 na nota de rodap\u00e9\">\u21a9\ufe0e<\/a><\/li><\/ol>\n\n\n<p><\/p>\n","protected":false},"excerpt":{"rendered":"<p>Anat\u00f3lio Gach Odilon G. de Oliveira Biografias<\/p>\n","protected":false},"author":1,"featured_media":0,"parent":0,"menu_order":0,"comment_status":"closed","ping_status":"closed","template":"","meta":{"_eb_attr":"","footnotes":"[{\"content\":\"<strong>Anatoly Mikhailovich Gakh<\/strong>\u00a0(em\u00a0russo:\u00a0\u0410\u043d\u0430\u0442\u043e\u043b\u0438\u0439 \u041c\u0438\u0445\u0430\u0439\u043b\u043e\u0432\u0438\u0447 \u0413\u0430\u0445;\u00a0Vila Pratos,\u00a0Novo Machado,\u00a0Rio Grande do Sul,\u00a018 de setembro\u00a0de\u00a01937) \u00e9 um\u00a0escritor\u00a0e\u00a0professor universit\u00e1rio\u00a0russo-brasileiro\u00a0considerado o primeiro e mais significativo professor de l\u00edngua portuguesa na\u00a0R\u00fassia\",\"id\":\"4aec9944-83a0-4638-aa88-b593eff57f53\"},{\"content\":\"<strong>Odilon Gomes de Oliveira<\/strong>\u00a0(Santo Augusto, 29 de julho de 1940 \u2013 Santo Augusto, 8 de outubro de 2024) foi um\u00a0escritor regionalista que registrou e documentou a hist\u00f3ria, causos e lendas de Santo Augusto e de in\u00fameros munic\u00edpios da regi\u00e3o noroeste ga\u00facha.\",\"id\":\"143f6d30-5c0e-4b9b-a66e-c3ec409eef87\"}]"},"class_list":["post-608","page","type-page","status-publish","hentry"],"_links":{"self":[{"href":"https:\/\/alenrio.org.br\/site\/wp-json\/wp\/v2\/pages\/608","targetHints":{"allow":["GET"]}}],"collection":[{"href":"https:\/\/alenrio.org.br\/site\/wp-json\/wp\/v2\/pages"}],"about":[{"href":"https:\/\/alenrio.org.br\/site\/wp-json\/wp\/v2\/types\/page"}],"author":[{"embeddable":true,"href":"https:\/\/alenrio.org.br\/site\/wp-json\/wp\/v2\/users\/1"}],"replies":[{"embeddable":true,"href":"https:\/\/alenrio.org.br\/site\/wp-json\/wp\/v2\/comments?post=608"}],"version-history":[{"count":6,"href":"https:\/\/alenrio.org.br\/site\/wp-json\/wp\/v2\/pages\/608\/revisions"}],"predecessor-version":[{"id":1195,"href":"https:\/\/alenrio.org.br\/site\/wp-json\/wp\/v2\/pages\/608\/revisions\/1195"}],"wp:attachment":[{"href":"https:\/\/alenrio.org.br\/site\/wp-json\/wp\/v2\/media?parent=608"}],"curies":[{"name":"wp","href":"https:\/\/api.w.org\/{rel}","templated":true}]}}