{"id":615,"date":"2024-09-20T21:12:58","date_gmt":"2024-09-21T00:12:58","guid":{"rendered":"https:\/\/alenrio.org.br\/site\/?page_id=615"},"modified":"2024-11-12T20:04:39","modified_gmt":"2024-11-12T23:04:39","slug":"simbolos","status":"publish","type":"page","link":"https:\/\/alenrio.org.br\/site\/simbolos\/","title":{"rendered":"S\u00edmbolos"},"content":{"rendered":"\n<h4 class=\"wp-block-heading\">Identidade visual<\/h4>\n\n\n<div class=\"wp-block-image\">\n<figure class=\"alignright is-resized\"><img  title=\"\" loading=\"lazy\" decoding=\"async\" width=\"1018\" height=\"1024\" data-src=\"https:\/\/alenrio.org.br\/site\/wp-content\/uploads\/2024\/09\/ALENRIO-BRASAO-final-2023-1018x1024.png\"  alt=\"ALENRIO-BRASAO-final-2023-1018x1024 S\u00edmbolos\"  class=\"wp-image-618 lazyload\" style=\"--smush-placeholder-width: 1018px; --smush-placeholder-aspect-ratio: 1018\/1024;width:302px\" data-srcset=\"https:\/\/alenrio.org.br\/site\/wp-content\/uploads\/2024\/09\/ALENRIO-BRASAO-final-2023-1018x1024.png 1018w, https:\/\/alenrio.org.br\/site\/wp-content\/uploads\/2024\/09\/ALENRIO-BRASAO-final-2023-298x300.png 298w, https:\/\/alenrio.org.br\/site\/wp-content\/uploads\/2024\/09\/ALENRIO-BRASAO-final-2023-150x150.png 150w, https:\/\/alenrio.org.br\/site\/wp-content\/uploads\/2024\/09\/ALENRIO-BRASAO-final-2023-768x772.png 768w, https:\/\/alenrio.org.br\/site\/wp-content\/uploads\/2024\/09\/ALENRIO-BRASAO-final-2023-60x60.png 60w, https:\/\/alenrio.org.br\/site\/wp-content\/uploads\/2024\/09\/ALENRIO-BRASAO-final-2023.png 1027w\" data-sizes=\"auto, (max-width: 1018px) 100vw, 1018px\" src=\"data:image\/gif;base64,R0lGODlhAQABAAAAACH5BAEKAAEALAAAAAABAAEAAAICTAEAOw==\" \/><noscript><img  title=\"\" loading=\"lazy\" decoding=\"async\" width=\"1018\" height=\"1024\" src=\"https:\/\/alenrio.org.br\/site\/wp-content\/uploads\/2024\/09\/ALENRIO-BRASAO-final-2023-1018x1024.png\"  alt=\"ALENRIO-BRASAO-final-2023-1018x1024 S\u00edmbolos\"  class=\"wp-image-618\" style=\"width:302px\" srcset=\"https:\/\/alenrio.org.br\/site\/wp-content\/uploads\/2024\/09\/ALENRIO-BRASAO-final-2023-1018x1024.png 1018w, https:\/\/alenrio.org.br\/site\/wp-content\/uploads\/2024\/09\/ALENRIO-BRASAO-final-2023-298x300.png 298w, https:\/\/alenrio.org.br\/site\/wp-content\/uploads\/2024\/09\/ALENRIO-BRASAO-final-2023-150x150.png 150w, https:\/\/alenrio.org.br\/site\/wp-content\/uploads\/2024\/09\/ALENRIO-BRASAO-final-2023-768x772.png 768w, https:\/\/alenrio.org.br\/site\/wp-content\/uploads\/2024\/09\/ALENRIO-BRASAO-final-2023-60x60.png 60w, https:\/\/alenrio.org.br\/site\/wp-content\/uploads\/2024\/09\/ALENRIO-BRASAO-final-2023.png 1027w\" sizes=\"auto, (max-width: 1018px) 100vw, 1018px\" \/><\/noscript><\/figure>\n<\/div>\n\n\n<p><strong>Bras\u00e3o: <\/strong>o bras\u00e3o da Academia de Letras do Noroeste do Rio Grande do Sul (Alenrio), criado pelo professor Renato Pereira, membro fundador da cadeira n\u00ba 10, foi inspirado na topon\u00edmia do rio Uruguai, que \u00e9 um s\u00edmbolo marcante da regionalidade da Academia. O tra\u00e7ado do rio e do relevo, ornamentado por ramos que evocam as planta\u00e7\u00f5es da regi\u00e3o, reflete a forte conex\u00e3o com a terra e a natureza. As cores do bras\u00e3o s\u00e3o cuidadosamente selecionadas: o azul escuro representa as \u00e1guas do rio, o azul claro simboliza o horizonte, e o verde claro remete \u00e0s matas e ao relevo da regi\u00e3o. Na parte central, que simboliza o curso do rio Uruguai, encontra-se a inscri\u00e7\u00e3o em latim &#8220;Ad Immortalitatem&#8221;, destacando o compromisso com a perenidade do conhecimento e da cultura. Ao redor, entre circunfer\u00eancias, l\u00ea-se a nomenclatura &#8220;Academia de Letras do Noroeste do Rio Grande do Sul&#8221;, refor\u00e7ando a identidade e a miss\u00e3o da institui\u00e7\u00e3o.<\/p>\n\n\n<div class=\"wp-block-image\">\n<figure class=\"aligncenter is-resized\"><img  title=\"\" loading=\"lazy\" decoding=\"async\" width=\"320\" height=\"132\" data-src=\"https:\/\/alenrio.org.br\/site\/wp-content\/uploads\/2024\/09\/CABECALHO_email-google3.png\"  alt=\"CABECALHO_email-google3 S\u00edmbolos\"  class=\"wp-image-620 lazyload\" style=\"--smush-placeholder-width: 320px; --smush-placeholder-aspect-ratio: 320\/132;width:200px\" data-srcset=\"https:\/\/alenrio.org.br\/site\/wp-content\/uploads\/2024\/09\/CABECALHO_email-google3.png 320w, https:\/\/alenrio.org.br\/site\/wp-content\/uploads\/2024\/09\/CABECALHO_email-google3-300x124.png 300w, https:\/\/alenrio.org.br\/site\/wp-content\/uploads\/2024\/09\/CABECALHO_email-google3-145x60.png 145w\" data-sizes=\"auto, (max-width: 320px) 100vw, 320px\" src=\"data:image\/gif;base64,R0lGODlhAQABAAAAACH5BAEKAAEALAAAAAABAAEAAAICTAEAOw==\" \/><noscript><img  title=\"\" loading=\"lazy\" decoding=\"async\" width=\"320\" height=\"132\" src=\"https:\/\/alenrio.org.br\/site\/wp-content\/uploads\/2024\/09\/CABECALHO_email-google3.png\"  alt=\"CABECALHO_email-google3 S\u00edmbolos\"  class=\"wp-image-620\" style=\"width:200px\" srcset=\"https:\/\/alenrio.org.br\/site\/wp-content\/uploads\/2024\/09\/CABECALHO_email-google3.png 320w, https:\/\/alenrio.org.br\/site\/wp-content\/uploads\/2024\/09\/CABECALHO_email-google3-300x124.png 300w, https:\/\/alenrio.org.br\/site\/wp-content\/uploads\/2024\/09\/CABECALHO_email-google3-145x60.png 145w\" sizes=\"auto, (max-width: 320px) 100vw, 320px\" \/><\/noscript><\/figure>\n<\/div>\n\n\n<p><strong>Acr\u00f4nimo<\/strong>: O acr\u00f4nimo \u201cAlenrio expressa o profundo v\u00ednculo da institui\u00e7\u00e3o com suas ra\u00edzes geogr\u00e1ficas e culturais e emerge da combina\u00e7\u00e3o das iniciais do nome da Academia com a men\u00e7\u00e3o ao rio Uruguai e ao Estado do Rio Grande do Sul, refletindo assim sua identidade regional e prop\u00f3sito.<\/p>\n\n\n\n<p class=\"has-text-align-center\"><strong><em>Bandeira da Alenrio<\/em><\/strong><\/p>\n\n\n<div class=\"wp-block-image\">\n<figure class=\"aligncenter is-resized\"><img  title=\"\" loading=\"lazy\" decoding=\"async\" width=\"1024\" height=\"720\" data-src=\"https:\/\/alenrio.org.br\/site\/wp-content\/uploads\/2024\/09\/BANDEIRA2023_-1024x720.png\"  alt=\"BANDEIRA2023_-1024x720 S\u00edmbolos\"  class=\"wp-image-621 lazyload\" style=\"--smush-placeholder-width: 1024px; --smush-placeholder-aspect-ratio: 1024\/720;width:500px\" data-srcset=\"https:\/\/alenrio.org.br\/site\/wp-content\/uploads\/2024\/09\/BANDEIRA2023_-1024x720.png 1024w, https:\/\/alenrio.org.br\/site\/wp-content\/uploads\/2024\/09\/BANDEIRA2023_-300x211.png 300w, https:\/\/alenrio.org.br\/site\/wp-content\/uploads\/2024\/09\/BANDEIRA2023_-768x540.png 768w, https:\/\/alenrio.org.br\/site\/wp-content\/uploads\/2024\/09\/BANDEIRA2023_-1536x1080.png 1536w, https:\/\/alenrio.org.br\/site\/wp-content\/uploads\/2024\/09\/BANDEIRA2023_-85x60.png 85w, https:\/\/alenrio.org.br\/site\/wp-content\/uploads\/2024\/09\/BANDEIRA2023_.png 1814w\" data-sizes=\"auto, (max-width: 1024px) 100vw, 1024px\" src=\"data:image\/gif;base64,R0lGODlhAQABAAAAACH5BAEKAAEALAAAAAABAAEAAAICTAEAOw==\" \/><noscript><img  title=\"\" loading=\"lazy\" decoding=\"async\" width=\"1024\" height=\"720\" src=\"https:\/\/alenrio.org.br\/site\/wp-content\/uploads\/2024\/09\/BANDEIRA2023_-1024x720.png\"  alt=\"BANDEIRA2023_-1024x720 S\u00edmbolos\"  class=\"wp-image-621\" style=\"width:500px\" srcset=\"https:\/\/alenrio.org.br\/site\/wp-content\/uploads\/2024\/09\/BANDEIRA2023_-1024x720.png 1024w, https:\/\/alenrio.org.br\/site\/wp-content\/uploads\/2024\/09\/BANDEIRA2023_-300x211.png 300w, https:\/\/alenrio.org.br\/site\/wp-content\/uploads\/2024\/09\/BANDEIRA2023_-768x540.png 768w, https:\/\/alenrio.org.br\/site\/wp-content\/uploads\/2024\/09\/BANDEIRA2023_-1536x1080.png 1536w, https:\/\/alenrio.org.br\/site\/wp-content\/uploads\/2024\/09\/BANDEIRA2023_-85x60.png 85w, https:\/\/alenrio.org.br\/site\/wp-content\/uploads\/2024\/09\/BANDEIRA2023_.png 1814w\" sizes=\"auto, (max-width: 1024px) 100vw, 1024px\" \/><\/noscript><\/figure>\n<\/div>","protected":false},"excerpt":{"rendered":"<p>Identidade visual Bras\u00e3o: o bras\u00e3o da Academia de Letras do Noroeste do Rio Grande do Sul (Alenrio), criado pelo professor Renato Pereira, membro fundador da cadeira n\u00ba 10, foi inspirado na topon\u00edmia do rio Uruguai, que \u00e9 um s\u00edmbolo marcante da regionalidade da Academia. O tra\u00e7ado do rio e do relevo, ornamentado por ramos que [&hellip;]<\/p>\n","protected":false},"author":1,"featured_media":0,"parent":0,"menu_order":0,"comment_status":"closed","ping_status":"closed","template":"","meta":{"_eb_attr":"","footnotes":""},"class_list":["post-615","page","type-page","status-publish","hentry"],"_links":{"self":[{"href":"https:\/\/alenrio.org.br\/site\/wp-json\/wp\/v2\/pages\/615","targetHints":{"allow":["GET"]}}],"collection":[{"href":"https:\/\/alenrio.org.br\/site\/wp-json\/wp\/v2\/pages"}],"about":[{"href":"https:\/\/alenrio.org.br\/site\/wp-json\/wp\/v2\/types\/page"}],"author":[{"embeddable":true,"href":"https:\/\/alenrio.org.br\/site\/wp-json\/wp\/v2\/users\/1"}],"replies":[{"embeddable":true,"href":"https:\/\/alenrio.org.br\/site\/wp-json\/wp\/v2\/comments?post=615"}],"version-history":[{"count":7,"href":"https:\/\/alenrio.org.br\/site\/wp-json\/wp\/v2\/pages\/615\/revisions"}],"predecessor-version":[{"id":701,"href":"https:\/\/alenrio.org.br\/site\/wp-json\/wp\/v2\/pages\/615\/revisions\/701"}],"wp:attachment":[{"href":"https:\/\/alenrio.org.br\/site\/wp-json\/wp\/v2\/media?parent=615"}],"curies":[{"name":"wp","href":"https:\/\/api.w.org\/{rel}","templated":true}]}}