{"id":627,"date":"2024-09-21T11:19:39","date_gmt":"2024-09-21T14:19:39","guid":{"rendered":"https:\/\/alenrio.org.br\/site\/?page_id=627"},"modified":"2024-11-25T22:23:22","modified_gmt":"2024-11-26T01:23:22","slug":"hino-oficial","status":"publish","type":"page","link":"https:\/\/alenrio.org.br\/site\/hino-oficial\/","title":{"rendered":"Hino oficial"},"content":{"rendered":"\n<div class=\"wp-block-columns is-layout-flex wp-container-core-columns-is-layout-9d6595d7 wp-block-columns-is-layout-flex\">\n<div class=\"wp-block-column is-layout-flow wp-block-column-is-layout-flow\">\n<h2 class=\"wp-block-heading\">Hino<\/h2>\n\n\n\n<p><\/p>\n\n\n\n<div class=\"wp-block-group\"><div class=\"wp-block-group__inner-container is-layout-constrained wp-block-group-is-layout-constrained\">\n<p>Composi\u00e7\u00e3o: Renato Pereira e Tanize Tomasi (letra), Danilo Fagundes e Jos\u00e9 Clademir Peterson Soares (m\u00fasica), Maestro Rafael Rauski (arranjo)<\/p>\n\n\n\n<figure class=\"wp-block-image size-large\"><img  title=\"\" loading=\"lazy\" decoding=\"async\" width=\"1024\" height=\"344\" data-src=\"https:\/\/alenrio.org.br\/site\/wp-content\/uploads\/2024\/09\/Hino-a-ALENRIO_-arranjo1-1024x344.jpg\"  alt=\"Hino-a-ALENRIO_-arranjo1-1024x344 Hino oficial\"  class=\"wp-image-638 lazyload\" data-srcset=\"https:\/\/alenrio.org.br\/site\/wp-content\/uploads\/2024\/09\/Hino-a-ALENRIO_-arranjo1-1024x344.jpg 1024w, https:\/\/alenrio.org.br\/site\/wp-content\/uploads\/2024\/09\/Hino-a-ALENRIO_-arranjo1-300x101.jpg 300w, https:\/\/alenrio.org.br\/site\/wp-content\/uploads\/2024\/09\/Hino-a-ALENRIO_-arranjo1-768x258.jpg 768w, https:\/\/alenrio.org.br\/site\/wp-content\/uploads\/2024\/09\/Hino-a-ALENRIO_-arranjo1-1536x515.jpg 1536w, https:\/\/alenrio.org.br\/site\/wp-content\/uploads\/2024\/09\/Hino-a-ALENRIO_-arranjo1-2048x687.jpg 2048w, https:\/\/alenrio.org.br\/site\/wp-content\/uploads\/2024\/09\/Hino-a-ALENRIO_-arranjo1-179x60.jpg 179w\" data-sizes=\"auto, (max-width: 1024px) 100vw, 1024px\" src=\"data:image\/gif;base64,R0lGODlhAQABAAAAACH5BAEKAAEALAAAAAABAAEAAAICTAEAOw==\" style=\"--smush-placeholder-width: 1024px; --smush-placeholder-aspect-ratio: 1024\/344;\" \/><noscript><img  title=\"\" loading=\"lazy\" decoding=\"async\" width=\"1024\" height=\"344\" src=\"https:\/\/alenrio.org.br\/site\/wp-content\/uploads\/2024\/09\/Hino-a-ALENRIO_-arranjo1-1024x344.jpg\"  alt=\"Hino-a-ALENRIO_-arranjo1-1024x344 Hino oficial\"  class=\"wp-image-638\" srcset=\"https:\/\/alenrio.org.br\/site\/wp-content\/uploads\/2024\/09\/Hino-a-ALENRIO_-arranjo1-1024x344.jpg 1024w, https:\/\/alenrio.org.br\/site\/wp-content\/uploads\/2024\/09\/Hino-a-ALENRIO_-arranjo1-300x101.jpg 300w, https:\/\/alenrio.org.br\/site\/wp-content\/uploads\/2024\/09\/Hino-a-ALENRIO_-arranjo1-768x258.jpg 768w, https:\/\/alenrio.org.br\/site\/wp-content\/uploads\/2024\/09\/Hino-a-ALENRIO_-arranjo1-1536x515.jpg 1536w, https:\/\/alenrio.org.br\/site\/wp-content\/uploads\/2024\/09\/Hino-a-ALENRIO_-arranjo1-2048x687.jpg 2048w, https:\/\/alenrio.org.br\/site\/wp-content\/uploads\/2024\/09\/Hino-a-ALENRIO_-arranjo1-179x60.jpg 179w\" sizes=\"auto, (max-width: 1024px) 100vw, 1024px\" \/><\/noscript><\/figure>\n\n\n\n<p>Uma pluma pousou no papel,<br>Este encontro a hist\u00f3ria marcou<br>Com um s\u00edmbolo gravado a cinzel<br>Nas margens do Rio Uruguai.<\/p>\n\n\n\n<p>Das sementes plantadas no outono<br>Uma confraria de letras brotou<br>Protegida por fi\u00e9is guardi\u00f5es<br>Da literatura da gente do sul.<\/p>\n<\/div><\/div>\n<\/div>\n\n\n\n<div class=\"wp-block-column is-layout-flow wp-block-column-is-layout-flow\">\n<p><strong>Nobre gente do noroeste<br>Na flor da terra cultivara a Alenrio<br>Uma hist\u00f3ria de p\u00e1trio saber<br>Para a cultura do sul do Brasil<br>Alenrio, para todas as na\u00e7\u00f5es<br>Da nossa hist\u00f3ria, fi\u00e9is guardi\u00f5es<\/strong><br><strong>Alenrio, para todas as na\u00e7\u00f5es<br>Da nossa hist\u00f3ria, fi\u00e9is guardi\u00f5es<\/strong>.<\/p>\n\n\n\n<p>Pelo Atl\u00e2ntico viajeiros do tempo<br>O latim na bagagem al\u00e9m mar<br>Na prov\u00edncia uma grande hist\u00f3ria<br>Pretendera nossos ancestrais.<br>Nos caminhos trilhados outrora<br>Reunidos em um mesmo lugar<br>A mem\u00f3ria em a\u00e7o forjado<br>Congregando fi\u00e9is ideais.<\/p>\n\n\n\n<p><strong>Nobre gente do noroeste<br>Na flor da terra cultivara a Alenrio<br>Uma hist\u00f3ria de p\u00e1trio saber<br>Para a cultura do sul do Brasil<\/strong> (&#8230;)<\/p>\n<\/div>\n<\/div>\n\n\n\n<p>Ou\u00e7a o<strong> Hino \u00e0 Alenrio<\/strong>, int\u00e9rprete: Jos\u00e9 Clademir Peterson Soares<\/p>\n\n\n\n<figure class=\"wp-block-embed aligncenter is-type-video is-provider-youtube wp-block-embed-youtube wp-embed-aspect-16-9 wp-has-aspect-ratio\"><div class=\"wp-block-embed__wrapper\">\n<iframe loading=\"lazy\" title=\"Hino a Alenrio\" width=\"640\" height=\"360\" data-src=\"https:\/\/www.youtube.com\/embed\/hukm52PhqqI?feature=oembed\" frameborder=\"0\" allow=\"accelerometer; autoplay; clipboard-write; encrypted-media; gyroscope; picture-in-picture; web-share\" referrerpolicy=\"strict-origin-when-cross-origin\" allowfullscreen src=\"data:image\/gif;base64,R0lGODlhAQABAAAAACH5BAEKAAEALAAAAAABAAEAAAICTAEAOw==\" class=\"lazyload\" data-load-mode=\"1\"><\/iframe>\n<\/div><\/figure>\n\n\n\n<p><\/p>\n","protected":false},"excerpt":{"rendered":"<p>Hino Composi\u00e7\u00e3o: Renato Pereira e Tanize Tomasi (letra), Danilo Fagundes e Jos\u00e9 Clademir Peterson Soares (m\u00fasica), Maestro Rafael Rauski (arranjo) Uma pluma pousou no papel,Este encontro a hist\u00f3ria marcouCom um s\u00edmbolo gravado a cinzelNas margens do Rio Uruguai. Das sementes plantadas no outonoUma confraria de letras brotouProtegida por fi\u00e9is guardi\u00f5esDa literatura da gente do sul. [&hellip;]<\/p>\n","protected":false},"author":1,"featured_media":0,"parent":0,"menu_order":0,"comment_status":"closed","ping_status":"closed","template":"","meta":{"_eb_attr":"","footnotes":""},"class_list":["post-627","page","type-page","status-publish","hentry"],"_links":{"self":[{"href":"https:\/\/alenrio.org.br\/site\/wp-json\/wp\/v2\/pages\/627","targetHints":{"allow":["GET"]}}],"collection":[{"href":"https:\/\/alenrio.org.br\/site\/wp-json\/wp\/v2\/pages"}],"about":[{"href":"https:\/\/alenrio.org.br\/site\/wp-json\/wp\/v2\/types\/page"}],"author":[{"embeddable":true,"href":"https:\/\/alenrio.org.br\/site\/wp-json\/wp\/v2\/users\/1"}],"replies":[{"embeddable":true,"href":"https:\/\/alenrio.org.br\/site\/wp-json\/wp\/v2\/comments?post=627"}],"version-history":[{"count":8,"href":"https:\/\/alenrio.org.br\/site\/wp-json\/wp\/v2\/pages\/627\/revisions"}],"predecessor-version":[{"id":1004,"href":"https:\/\/alenrio.org.br\/site\/wp-json\/wp\/v2\/pages\/627\/revisions\/1004"}],"wp:attachment":[{"href":"https:\/\/alenrio.org.br\/site\/wp-json\/wp\/v2\/media?parent=627"}],"curies":[{"name":"wp","href":"https:\/\/api.w.org\/{rel}","templated":true}]}}